{"id":22788,"date":"2024-12-09T18:06:44","date_gmt":"2024-12-09T17:06:44","guid":{"rendered":"https:\/\/baralivres.ma\/?post_type=product&#038;p=22788"},"modified":"2024-12-09T18:06:44","modified_gmt":"2024-12-09T17:06:44","slug":"diary-of-a-wimpy-kid-hot-mess","status":"publish","type":"product","link":"https:\/\/baralivres.ma\/?product=diary-of-a-wimpy-kid-hot-mess","title":{"rendered":"Diary of a Wimpy Kid: Hot Mess"},"content":{"rendered":"<p><strong>D\u00e9couvrez <em>Diary of a Wimpy Kid: Hot Mess<\/em>, un nouveau volume de la s\u00e9rie hilarante de Greg Heffley !<\/strong><br \/>\nDans ce tome, Greg se retrouve \u00e0 nouveau dans des situations chaotiques qui ne cessent de s&#8217;empirer. Entre la gestion de ses amiti\u00e9s, de sa famille et de sa vie scolaire, il doit faire face \u00e0 des \u00e9v\u00e9nements impr\u00e9vus qui le poussent dans ses derniers retranchements.<\/p>\n<p>Comme toujours, l&rsquo;humour absurde et les dessins pleins de vie accompagnent les m\u00e9saventures de Greg, qui tente tant bien que mal de naviguer \u00e0 travers la vie quotidienne d&rsquo;un adolescent. Ce tome apporte encore plus de rires et de moments d\u00e9cal\u00e9s que les pr\u00e9c\u00e9dents.<\/p>\n<p>Une lecture parfaite pour les jeunes lecteurs et les fans de la s\u00e9rie.<\/p>\n","protected":false},"excerpt":{"rendered":"<p><strong>Plongez dans <em>Diary of a Wimpy Kid: Hot Mess<\/em>, o\u00f9 Greg Heffley fait face \u00e0 de nouvelles situations chaotiques et hilarantes !<\/strong><br \/>\nHumour, amiti\u00e9s et m\u00e9saventures se m\u00ealent une fois de plus dans ce tome incontournable.<\/p>\n","protected":false},"featured_media":22789,"comment_status":"open","ping_status":"closed","template":"","meta":{"inline_featured_image":false},"product_cat":[4100,4099,206],"product_tag":[],"class_list":{"0":"post-22788","1":"product","2":"type-product","3":"status-publish","4":"has-post-thumbnail","6":"product_cat-anglais-journal_dun_degonfle","7":"product_cat-journal_dun_degonfle","8":"product_cat-enfant-adolescente-francais-enfant-adolescente","9":"pa_auteurs-kinney-jeff","11":"first","12":"instock","13":"shipping-taxable","14":"purchasable","15":"product-type-simple"},"_links":{"self":[{"href":"https:\/\/baralivres.ma\/index.php?rest_route=\/wp\/v2\/product\/22788","targetHints":{"allow":["GET"]}}],"collection":[{"href":"https:\/\/baralivres.ma\/index.php?rest_route=\/wp\/v2\/product"}],"about":[{"href":"https:\/\/baralivres.ma\/index.php?rest_route=\/wp\/v2\/types\/product"}],"replies":[{"embeddable":true,"href":"https:\/\/baralivres.ma\/index.php?rest_route=%2Fwp%2Fv2%2Fcomments&post=22788"}],"version-history":[{"count":1,"href":"https:\/\/baralivres.ma\/index.php?rest_route=\/wp\/v2\/product\/22788\/revisions"}],"predecessor-version":[{"id":22790,"href":"https:\/\/baralivres.ma\/index.php?rest_route=\/wp\/v2\/product\/22788\/revisions\/22790"}],"wp:featuredmedia":[{"embeddable":true,"href":"https:\/\/baralivres.ma\/index.php?rest_route=\/wp\/v2\/media\/22789"}],"wp:attachment":[{"href":"https:\/\/baralivres.ma\/index.php?rest_route=%2Fwp%2Fv2%2Fmedia&parent=22788"}],"wp:term":[{"taxonomy":"product_cat","embeddable":true,"href":"https:\/\/baralivres.ma\/index.php?rest_route=%2Fwp%2Fv2%2Fproduct_cat&post=22788"},{"taxonomy":"product_tag","embeddable":true,"href":"https:\/\/baralivres.ma\/index.php?rest_route=%2Fwp%2Fv2%2Fproduct_tag&post=22788"}],"curies":[{"name":"wp","href":"https:\/\/api.w.org\/{rel}","templated":true}]}}