{"id":22785,"date":"2024-12-09T17:57:33","date_gmt":"2024-12-09T16:57:33","guid":{"rendered":"https:\/\/baralivres.ma\/?post_type=product&#038;p=22785"},"modified":"2024-12-09T17:57:33","modified_gmt":"2024-12-09T16:57:33","slug":"kindergarten-wars-coffret-tomes-1-a-3","status":"publish","type":"product","link":"https:\/\/baralivres.ma\/?product=kindergarten-wars-coffret-tomes-1-a-3","title":{"rendered":"Kindergarten Wars : coffret Tomes 1 \u00e0 3"},"content":{"rendered":"<p>Dans cette com\u00e9die unique, des enfants d\u2019\u00e2ge pr\u00e9scolaire se retrouvent au centre de batailles strat\u00e9giques dignes de grandes guerres, o\u00f9 chaque action est une question de survie sociale. \u00c0 travers des personnages hauts en couleur et des situations improbables, ce manga aborde de mani\u00e8re humoristique et surprenante les rivalit\u00e9s et les alliances qui se forment dans un environnement scolaire.<\/p>\n<p>Les aventures de ces petits \u00ab\u00a0soldats\u00a0\u00bb vous feront rire et r\u00e9fl\u00e9chir sur la nature humaine, le tout avec un ton l\u00e9ger et d\u00e9jant\u00e9. Chaque tome pr\u00e9sente de nouveaux rebondissements et des personnages encore plus fous.<\/p>\n<p>Un coffret incontournable pour les amateurs d&rsquo;humour d\u00e9cal\u00e9 et de r\u00e9cits originaux.<\/p>\n","protected":false},"excerpt":{"rendered":"<p>Des enfants en guerre dans des batailles strat\u00e9giques et humoristiques, o\u00f9 rivalit\u00e9s et alliances prennent des tournures inattendues. <strong>Commandez d\u00e8s maintenant !<\/strong><\/p>\n","protected":false},"featured_media":22786,"comment_status":"open","ping_status":"closed","template":"","meta":{"inline_featured_image":false},"product_cat":[205,217],"product_tag":[],"class_list":{"0":"post-22785","1":"product","2":"type-product","3":"status-publish","4":"has-post-thumbnail","6":"product_cat-enfant-adolescente-francais","7":"product_cat-mangas-coffret","8":"pa_auteurs-chiba-you","10":"first","11":"instock","12":"shipping-taxable","13":"purchasable","14":"product-type-simple"},"_links":{"self":[{"href":"https:\/\/baralivres.ma\/index.php?rest_route=\/wp\/v2\/product\/22785","targetHints":{"allow":["GET"]}}],"collection":[{"href":"https:\/\/baralivres.ma\/index.php?rest_route=\/wp\/v2\/product"}],"about":[{"href":"https:\/\/baralivres.ma\/index.php?rest_route=\/wp\/v2\/types\/product"}],"replies":[{"embeddable":true,"href":"https:\/\/baralivres.ma\/index.php?rest_route=%2Fwp%2Fv2%2Fcomments&post=22785"}],"version-history":[{"count":1,"href":"https:\/\/baralivres.ma\/index.php?rest_route=\/wp\/v2\/product\/22785\/revisions"}],"predecessor-version":[{"id":22787,"href":"https:\/\/baralivres.ma\/index.php?rest_route=\/wp\/v2\/product\/22785\/revisions\/22787"}],"wp:featuredmedia":[{"embeddable":true,"href":"https:\/\/baralivres.ma\/index.php?rest_route=\/wp\/v2\/media\/22786"}],"wp:attachment":[{"href":"https:\/\/baralivres.ma\/index.php?rest_route=%2Fwp%2Fv2%2Fmedia&parent=22785"}],"wp:term":[{"taxonomy":"product_cat","embeddable":true,"href":"https:\/\/baralivres.ma\/index.php?rest_route=%2Fwp%2Fv2%2Fproduct_cat&post=22785"},{"taxonomy":"product_tag","embeddable":true,"href":"https:\/\/baralivres.ma\/index.php?rest_route=%2Fwp%2Fv2%2Fproduct_tag&post=22785"}],"curies":[{"name":"wp","href":"https:\/\/api.w.org\/{rel}","templated":true}]}}