{"id":22779,"date":"2024-12-09T17:47:54","date_gmt":"2024-12-09T16:47:54","guid":{"rendered":"https:\/\/baralivres.ma\/?post_type=product&#038;p=22779"},"modified":"2024-12-09T17:47:55","modified_gmt":"2024-12-09T16:47:55","slug":"frieren-coffret-tomes-1-a-3","status":"publish","type":"product","link":"https:\/\/baralivres.ma\/?product=frieren-coffret-tomes-1-a-3","title":{"rendered":"Frieren : coffret Tomes 1 \u00e0 3"},"content":{"rendered":"<p>Suivez Frieren, une magicienne immortelle, qui a v\u00e9cu des si\u00e8cles apr\u00e8s avoir vaincu le roi d\u00e9mon, et qui doit maintenant faire face aux cons\u00e9quences du temps qui passe. Aux c\u00f4t\u00e9s de ses nouveaux compagnons, elle explore un monde chang\u00e9 et cherche \u00e0 comprendre les relations humaines qu\u2019elle a laiss\u00e9es derri\u00e8re elle.<\/p>\n<p>Dans ce coffret, les trois premiers tomes vous plongent dans un r\u00e9cit poignant, o\u00f9 la magie se m\u00eale aux th\u00e8mes de l&rsquo;amiti\u00e9, de la m\u00e9moire et du passage du temps. Un m\u00e9lange subtil de fantasy et d\u2019introspection, avec des personnages attachants et des moments profonds qui r\u00e9sonnent longtemps apr\u00e8s la lecture.<\/p>\n<p>Un incontournable pour les amateurs de mangas \u00e0 la fois fantastiques et \u00e9mouvants.<\/p>\n","protected":false},"excerpt":{"rendered":"<p>Une magicienne immortelle explore le passage du temps et ses relations humaines dans un monde fantastique. <strong>Commandez d\u00e8s maintenant !<\/strong><\/p>\n","protected":false},"featured_media":22780,"comment_status":"open","ping_status":"closed","template":"","meta":{"inline_featured_image":false},"product_cat":[205,217],"product_tag":[],"class_list":{"0":"post-22779","1":"product","2":"type-product","3":"status-publish","4":"has-post-thumbnail","6":"product_cat-enfant-adolescente-francais","7":"product_cat-mangas-coffret","8":"pa_auteurs-yamada-kanehitoabe-tsukasa","10":"first","11":"instock","12":"shipping-taxable","13":"purchasable","14":"product-type-simple"},"_links":{"self":[{"href":"https:\/\/baralivres.ma\/index.php?rest_route=\/wp\/v2\/product\/22779","targetHints":{"allow":["GET"]}}],"collection":[{"href":"https:\/\/baralivres.ma\/index.php?rest_route=\/wp\/v2\/product"}],"about":[{"href":"https:\/\/baralivres.ma\/index.php?rest_route=\/wp\/v2\/types\/product"}],"replies":[{"embeddable":true,"href":"https:\/\/baralivres.ma\/index.php?rest_route=%2Fwp%2Fv2%2Fcomments&post=22779"}],"version-history":[{"count":1,"href":"https:\/\/baralivres.ma\/index.php?rest_route=\/wp\/v2\/product\/22779\/revisions"}],"predecessor-version":[{"id":22781,"href":"https:\/\/baralivres.ma\/index.php?rest_route=\/wp\/v2\/product\/22779\/revisions\/22781"}],"wp:featuredmedia":[{"embeddable":true,"href":"https:\/\/baralivres.ma\/index.php?rest_route=\/wp\/v2\/media\/22780"}],"wp:attachment":[{"href":"https:\/\/baralivres.ma\/index.php?rest_route=%2Fwp%2Fv2%2Fmedia&parent=22779"}],"wp:term":[{"taxonomy":"product_cat","embeddable":true,"href":"https:\/\/baralivres.ma\/index.php?rest_route=%2Fwp%2Fv2%2Fproduct_cat&post=22779"},{"taxonomy":"product_tag","embeddable":true,"href":"https:\/\/baralivres.ma\/index.php?rest_route=%2Fwp%2Fv2%2Fproduct_tag&post=22779"}],"curies":[{"name":"wp","href":"https:\/\/api.w.org\/{rel}","templated":true}]}}