{"id":22773,"date":"2024-12-09T17:38:23","date_gmt":"2024-12-09T16:38:23","guid":{"rendered":"https:\/\/baralivres.ma\/?post_type=product&#038;p=22773"},"modified":"2024-12-09T17:38:23","modified_gmt":"2024-12-09T16:38:23","slug":"black-butler-tomes-1-a-5","status":"publish","type":"product","link":"https:\/\/baralivres.ma\/?product=black-butler-tomes-1-a-5","title":{"rendered":"Black Butler Tomes 1 \u00e0 5"},"content":{"rendered":"<p>Suivez l\u2019histoire de Ciel Phantomhive, un jeune noble en qu\u00eate de vengeance, et de son myst\u00e9rieux majordome, Sebastian Michaelis, un d\u00e9mon qui a vendu son \u00e2me pour servir son ma\u00eetre. Ensemble, ils r\u00e9solvent des affaires \u00e9tranges et affrontent des dangers surnaturels dans un Londres victorien sombre et fascinant.<\/p>\n<p>Ce coffret regroupe les cinq premiers tomes de cette s\u00e9rie culte, id\u00e9ale pour les fans de r\u00e9cits gothiques et de myst\u00e8res surnaturels. Un univers unique o\u00f9 chaque volume vous plonge dans un tourbillon d\u2019\u00e9motions, de r\u00e9v\u00e9lations et de combats inoubliables.<\/p>\n<p>Un must-have pour tous les amateurs de mangas et d&rsquo;histoires intrigantes.<\/p>\n","protected":false},"excerpt":{"rendered":"<p>Suivez l\u2019histoire de Ciel Phantomhive, un jeune noble en qu\u00eate de vengeance, et de son myst\u00e9rieux majordome, Sebastian Michaelis, un d\u00e9mon qui a vendu son \u00e2me pour servir son ma\u00eetre. Ensemble, ils r\u00e9solvent des affaires \u00e9tranges et affrontent des dangers surnaturels dans un Londres victorien sombre et fascinant. Ce coffret regroupe les cinq premiers tomes [&hellip;]<\/p>\n","protected":false},"featured_media":22774,"comment_status":"open","ping_status":"closed","template":"","meta":{"inline_featured_image":false},"product_cat":[205,217],"product_tag":[],"class_list":{"0":"post-22773","1":"product","2":"type-product","3":"status-publish","4":"has-post-thumbnail","6":"product_cat-enfant-adolescente-francais","7":"product_cat-mangas-coffret","8":"pa_auteurs-toboso-yana","10":"first","11":"instock","12":"shipping-taxable","13":"purchasable","14":"product-type-simple"},"_links":{"self":[{"href":"https:\/\/baralivres.ma\/index.php?rest_route=\/wp\/v2\/product\/22773","targetHints":{"allow":["GET"]}}],"collection":[{"href":"https:\/\/baralivres.ma\/index.php?rest_route=\/wp\/v2\/product"}],"about":[{"href":"https:\/\/baralivres.ma\/index.php?rest_route=\/wp\/v2\/types\/product"}],"replies":[{"embeddable":true,"href":"https:\/\/baralivres.ma\/index.php?rest_route=%2Fwp%2Fv2%2Fcomments&post=22773"}],"version-history":[{"count":1,"href":"https:\/\/baralivres.ma\/index.php?rest_route=\/wp\/v2\/product\/22773\/revisions"}],"predecessor-version":[{"id":22775,"href":"https:\/\/baralivres.ma\/index.php?rest_route=\/wp\/v2\/product\/22773\/revisions\/22775"}],"wp:featuredmedia":[{"embeddable":true,"href":"https:\/\/baralivres.ma\/index.php?rest_route=\/wp\/v2\/media\/22774"}],"wp:attachment":[{"href":"https:\/\/baralivres.ma\/index.php?rest_route=%2Fwp%2Fv2%2Fmedia&parent=22773"}],"wp:term":[{"taxonomy":"product_cat","embeddable":true,"href":"https:\/\/baralivres.ma\/index.php?rest_route=%2Fwp%2Fv2%2Fproduct_cat&post=22773"},{"taxonomy":"product_tag","embeddable":true,"href":"https:\/\/baralivres.ma\/index.php?rest_route=%2Fwp%2Fv2%2Fproduct_tag&post=22773"}],"curies":[{"name":"wp","href":"https:\/\/api.w.org\/{rel}","templated":true}]}}