{"id":22770,"date":"2024-12-09T17:34:31","date_gmt":"2024-12-09T16:34:31","guid":{"rendered":"https:\/\/baralivres.ma\/?post_type=product&#038;p=22770"},"modified":"2024-12-09T17:34:31","modified_gmt":"2024-12-09T16:34:31","slug":"jujutsu-kaisen-tomes-1-a-3","status":"publish","type":"product","link":"https:\/\/baralivres.ma\/?product=jujutsu-kaisen-tomes-1-a-3","title":{"rendered":"Jujutsu Kaisen Tomes 1 \u00e0 3"},"content":{"rendered":"<p><strong>D\u00e9couvrez les trois premiers tomes de <em>Jujutsu Kaisen<\/em> dans un coffret incontournable !<\/strong><br \/>\nEntrez dans un univers sombre et captivant o\u00f9 les mal\u00e9dictions menacent l&rsquo;humanit\u00e9, et o\u00f9 Yuji Itadori, un lyc\u00e9en ordinaire, devient l\u2019h\u00f4te d\u2019une puissante entit\u00e9.<\/p>\n<p>Entre combats \u00e9piques, personnages fascinants et myst\u00e8res intrigants, cette s\u00e9rie saura s\u00e9duire les amateurs de manga d\u2019action et de surnaturel. Ce coffret est id\u00e9al pour d\u00e9buter la s\u00e9rie ou offrir un cadeau \u00e0 un fan de mangas.<\/p>\n<p>Rejoignez Yuji et ses alli\u00e9s dans leur lutte contre les forces mal\u00e9fiques pour prot\u00e9ger le monde !<br \/>\n<strong>Disponible d\u00e8s maintenant dans votre librairie en ligne.<\/strong> \ud83c\udf00<br \/>\n<strong>Ne manquez pas ce voyage dans l\u2019univers de <em>Jujutsu Kaisen<\/em> !<\/strong><\/p>\n","protected":false},"excerpt":{"rendered":"<p><strong>Plongez dans l&rsquo;univers sombre de <em>Jujutsu Kaisen<\/em> avec ce coffret des tomes 1 \u00e0 3 !<\/strong> \ud83c\udf00<br \/>\nAction, myst\u00e8res et combats \u00e9piques vous attendent dans cette s\u00e9rie incontournable. <strong>Commandez d\u00e8s maintenant !<\/strong><\/p>\n","protected":false},"featured_media":22771,"comment_status":"open","ping_status":"closed","template":"","meta":{"inline_featured_image":false},"product_cat":[205,217],"product_tag":[],"class_list":{"0":"post-22770","1":"product","2":"type-product","3":"status-publish","4":"has-post-thumbnail","6":"product_cat-enfant-adolescente-francais","7":"product_cat-mangas-coffret","8":"pa_auteurs-akutami-gege","10":"first","11":"instock","12":"shipping-taxable","13":"purchasable","14":"product-type-simple"},"_links":{"self":[{"href":"https:\/\/baralivres.ma\/index.php?rest_route=\/wp\/v2\/product\/22770","targetHints":{"allow":["GET"]}}],"collection":[{"href":"https:\/\/baralivres.ma\/index.php?rest_route=\/wp\/v2\/product"}],"about":[{"href":"https:\/\/baralivres.ma\/index.php?rest_route=\/wp\/v2\/types\/product"}],"replies":[{"embeddable":true,"href":"https:\/\/baralivres.ma\/index.php?rest_route=%2Fwp%2Fv2%2Fcomments&post=22770"}],"version-history":[{"count":1,"href":"https:\/\/baralivres.ma\/index.php?rest_route=\/wp\/v2\/product\/22770\/revisions"}],"predecessor-version":[{"id":22772,"href":"https:\/\/baralivres.ma\/index.php?rest_route=\/wp\/v2\/product\/22770\/revisions\/22772"}],"wp:featuredmedia":[{"embeddable":true,"href":"https:\/\/baralivres.ma\/index.php?rest_route=\/wp\/v2\/media\/22771"}],"wp:attachment":[{"href":"https:\/\/baralivres.ma\/index.php?rest_route=%2Fwp%2Fv2%2Fmedia&parent=22770"}],"wp:term":[{"taxonomy":"product_cat","embeddable":true,"href":"https:\/\/baralivres.ma\/index.php?rest_route=%2Fwp%2Fv2%2Fproduct_cat&post=22770"},{"taxonomy":"product_tag","embeddable":true,"href":"https:\/\/baralivres.ma\/index.php?rest_route=%2Fwp%2Fv2%2Fproduct_tag&post=22770"}],"curies":[{"name":"wp","href":"https:\/\/api.w.org\/{rel}","templated":true}]}}