{"id":22764,"date":"2024-12-09T17:23:20","date_gmt":"2024-12-09T16:23:20","guid":{"rendered":"https:\/\/baralivres.ma\/?post_type=product&#038;p=22764"},"modified":"2024-12-09T17:23:20","modified_gmt":"2024-12-09T16:23:20","slug":"journal-dun-degonfle-tome-19","status":"publish","type":"product","link":"https:\/\/baralivres.ma\/?product=journal-dun-degonfle-tome-19","title":{"rendered":"Journal d&rsquo;un d\u00e9gonfl\u00e9 &#8211; Tome 19"},"content":{"rendered":"<p><strong>D\u00e9couvrez le Tome 19 de <em>Journal d&rsquo;un D\u00e9gonfl\u00e9<\/em> : \u00ab\u00a0Chaud devant !\u00a0\u00bb<\/strong><br \/>\nPlongez dans de nouvelles aventures hilarantes avec Greg Heffley ! Ce tome tant attendu vous promet des \u00e9clats de rire, des situations loufoques et une bonne dose d\u2019impr\u00e9vus. Parfait pour les jeunes lecteurs, mais aussi pour les adultes fans de cette s\u00e9rie culte.<br \/>\n\u00c0 travers des dessins et un humour irr\u00e9sistible, ce journal est un compagnon id\u00e9al pour se d\u00e9tendre et passer un bon moment. Une lecture captivante \u00e0 savourer en famille ou seul(e).<br \/>\nNe ratez pas l\u2019occasion de d\u00e9couvrir ce nouveau chapitre des m\u00e9saventures de Greg. Faites vite, ce livre fait d\u00e9j\u00e0 parler de lui !<\/p>\n","protected":false},"excerpt":{"rendered":"<p><strong>Plongez dans le Tome 19 de <em>Journal d&rsquo;un D\u00e9gonfl\u00e9<\/em> : \u00ab\u00a0Chaud devant !\u00a0\u00bb<\/strong> \ud83c\udf89<br \/>\nGreg Heffley revient avec des aventures hilarantes et impr\u00e9visibles, parfaites pour rire et se d\u00e9tendre.<\/p>\n","protected":false},"featured_media":22765,"comment_status":"open","ping_status":"closed","template":"","meta":{"inline_featured_image":false},"product_cat":[4101,4099,206],"product_tag":[],"class_list":{"0":"post-22764","1":"product","2":"type-product","3":"status-publish","4":"has-post-thumbnail","6":"product_cat-francais-journal_dun_degonfle","7":"product_cat-journal_dun_degonfle","8":"product_cat-enfant-adolescente-francais-enfant-adolescente","9":"pa_auteurs-jeff-kinney","11":"first","12":"instock","13":"shipping-taxable","14":"purchasable","15":"product-type-simple"},"_links":{"self":[{"href":"https:\/\/baralivres.ma\/index.php?rest_route=\/wp\/v2\/product\/22764","targetHints":{"allow":["GET"]}}],"collection":[{"href":"https:\/\/baralivres.ma\/index.php?rest_route=\/wp\/v2\/product"}],"about":[{"href":"https:\/\/baralivres.ma\/index.php?rest_route=\/wp\/v2\/types\/product"}],"replies":[{"embeddable":true,"href":"https:\/\/baralivres.ma\/index.php?rest_route=%2Fwp%2Fv2%2Fcomments&post=22764"}],"version-history":[{"count":1,"href":"https:\/\/baralivres.ma\/index.php?rest_route=\/wp\/v2\/product\/22764\/revisions"}],"predecessor-version":[{"id":22766,"href":"https:\/\/baralivres.ma\/index.php?rest_route=\/wp\/v2\/product\/22764\/revisions\/22766"}],"wp:featuredmedia":[{"embeddable":true,"href":"https:\/\/baralivres.ma\/index.php?rest_route=\/wp\/v2\/media\/22765"}],"wp:attachment":[{"href":"https:\/\/baralivres.ma\/index.php?rest_route=%2Fwp%2Fv2%2Fmedia&parent=22764"}],"wp:term":[{"taxonomy":"product_cat","embeddable":true,"href":"https:\/\/baralivres.ma\/index.php?rest_route=%2Fwp%2Fv2%2Fproduct_cat&post=22764"},{"taxonomy":"product_tag","embeddable":true,"href":"https:\/\/baralivres.ma\/index.php?rest_route=%2Fwp%2Fv2%2Fproduct_tag&post=22764"}],"curies":[{"name":"wp","href":"https:\/\/api.w.org\/{rel}","templated":true}]}}