{"id":22754,"date":"2024-12-04T17:44:42","date_gmt":"2024-12-04T16:44:42","guid":{"rendered":"https:\/\/baralivres.ma\/?post_type=product&#038;p=22754"},"modified":"2024-12-04T17:44:43","modified_gmt":"2024-12-04T16:44:43","slug":"one-of-us-is-lying","status":"publish","type":"product","link":"https:\/\/baralivres.ma\/?product=one-of-us-is-lying","title":{"rendered":"One of Us Is Lying"},"content":{"rendered":"<p><strong>Plongez dans <em>One of Us Is Lying<\/em>, un thriller captivant de Karen M. McManus o\u00f9 le myst\u00e8re et les secrets s\u2019entrelacent.<\/strong> Cinq \u00e9l\u00e8ves se retrouvent en retenue ensemble, mais seuls quatre en ressortent vivants. Simon, un \u00e9tudiant provocateur, meurt dans la salle, et les quatre autres \u2014 Bronwyn, Nate, Addy et Cooper \u2014 deviennent les principaux suspects. Chacun d&rsquo;eux cache des secrets, et l\u2019enqu\u00eate r\u00e9v\u00e8le peu \u00e0 peu des v\u00e9rit\u00e9s troublantes. <strong>Le roman vous plonge dans un jeu complexe de mensonges et de manipulations, o\u00f9 chaque personnage semble avoir une raison d\u2019en vouloir \u00e0 Simon.<\/strong> D\u00e9couvrez un m\u00e9lange d\u2019indices et de rebondissements qui vous tiendra en haleine jusqu\u2019\u00e0 la derni\u00e8re page. <strong>Une enqu\u00eate palpitante sur la culpabilit\u00e9, l\u2019identit\u00e9 et la v\u00e9rit\u00e9, o\u00f9 les apparences sont souvent trompeuses.<\/strong><\/p>\n","protected":false},"excerpt":{"rendered":"<p><strong>Dans <em>One of Us Is Lying<\/em>, cinq \u00e9l\u00e8ves sont r\u00e9unis en retenue, mais seul quatre en ressortent vivants.<\/strong> L\u2019enqu\u00eate r\u00e9v\u00e8le des secrets et des mensonges, chacun des suspects ayant des raisons de vouloir la mort de Simon.<\/p>\n","protected":false},"featured_media":22755,"comment_status":"open","ping_status":"closed","template":"","meta":{"inline_featured_image":false},"product_cat":[3874,143],"product_tag":[],"class_list":{"0":"post-22754","1":"product","2":"type-product","3":"status-publish","4":"has-post-thumbnail","6":"product_cat-roman-en-anglais","7":"product_cat-roman","8":"pa_auteurs-karen-m-mcmanus","10":"first","11":"instock","12":"shipping-taxable","13":"purchasable","14":"product-type-simple"},"_links":{"self":[{"href":"https:\/\/baralivres.ma\/index.php?rest_route=\/wp\/v2\/product\/22754","targetHints":{"allow":["GET"]}}],"collection":[{"href":"https:\/\/baralivres.ma\/index.php?rest_route=\/wp\/v2\/product"}],"about":[{"href":"https:\/\/baralivres.ma\/index.php?rest_route=\/wp\/v2\/types\/product"}],"replies":[{"embeddable":true,"href":"https:\/\/baralivres.ma\/index.php?rest_route=%2Fwp%2Fv2%2Fcomments&post=22754"}],"version-history":[{"count":1,"href":"https:\/\/baralivres.ma\/index.php?rest_route=\/wp\/v2\/product\/22754\/revisions"}],"predecessor-version":[{"id":22756,"href":"https:\/\/baralivres.ma\/index.php?rest_route=\/wp\/v2\/product\/22754\/revisions\/22756"}],"wp:featuredmedia":[{"embeddable":true,"href":"https:\/\/baralivres.ma\/index.php?rest_route=\/wp\/v2\/media\/22755"}],"wp:attachment":[{"href":"https:\/\/baralivres.ma\/index.php?rest_route=%2Fwp%2Fv2%2Fmedia&parent=22754"}],"wp:term":[{"taxonomy":"product_cat","embeddable":true,"href":"https:\/\/baralivres.ma\/index.php?rest_route=%2Fwp%2Fv2%2Fproduct_cat&post=22754"},{"taxonomy":"product_tag","embeddable":true,"href":"https:\/\/baralivres.ma\/index.php?rest_route=%2Fwp%2Fv2%2Fproduct_tag&post=22754"}],"curies":[{"name":"wp","href":"https:\/\/api.w.org\/{rel}","templated":true}]}}