{"id":22751,"date":"2024-12-04T17:41:11","date_gmt":"2024-12-04T16:41:11","guid":{"rendered":"https:\/\/baralivres.ma\/?post_type=product&#038;p=22751"},"modified":"2024-12-04T17:41:11","modified_gmt":"2024-12-04T16:41:11","slug":"one-of-us-is-back","status":"publish","type":"product","link":"https:\/\/baralivres.ma\/?product=one-of-us-is-back","title":{"rendered":"One of Us Is Back"},"content":{"rendered":"<p><strong>D\u00e9couvrez <em>One of Us Is Back<\/em>, le troisi\u00e8me volet palpitant de la s\u00e9rie \u00e0 succ\u00e8s de Karen M. McManus.<\/strong> Les \u00e9l\u00e8ves de Bayview pensaient en avoir fini avec les secrets et les drames, mais un retour inattendu bouleverse leur \u00e9quilibre. Simon, ou plut\u00f4t son h\u00e9ritage, semble ressurgir pour semer le chaos. Alors qu\u2019un myst\u00e9rieux message invite le groupe \u00e0 un jeu encore plus cruel, Addy, Nate, Bronwyn et les autres doivent faire face \u00e0 de nouvelles menaces. <strong>Prolongez l\u2019intensit\u00e9 avec une intrigue riche en suspense, o\u00f9 chaque d\u00e9tail compte et o\u00f9 les apparences sont trompeuses.<\/strong> Entre manipulations et r\u00e9v\u00e9lations explosives, le pass\u00e9 revient hanter Bayview avec des cons\u00e9quences terribles. <strong>Un thriller captivant qui vous tiendra en haleine jusqu\u2019\u00e0 la derni\u00e8re page et o\u00f9 personne n\u2019est \u00e0 l\u2019abri.<\/strong><\/p>\n","protected":false},"excerpt":{"rendered":"<p><strong>Dans <em>One of Us Is Back<\/em>, les \u00e9l\u00e8ves de Bayview affrontent un nouveau jeu cruel li\u00e9 au pass\u00e9 de Simon.<\/strong> Entre secrets et manipulations, le danger frappe \u00e0 nouveau, mena\u00e7ant leur \u00e9quilibre et leur survie.<\/p>\n","protected":false},"featured_media":22752,"comment_status":"open","ping_status":"closed","template":"","meta":{"inline_featured_image":false},"product_cat":[3874,143],"product_tag":[],"class_list":{"0":"post-22751","1":"product","2":"type-product","3":"status-publish","4":"has-post-thumbnail","6":"product_cat-roman-en-anglais","7":"product_cat-roman","8":"pa_auteurs-karen-m-mcmanus","10":"first","11":"instock","12":"shipping-taxable","13":"purchasable","14":"product-type-simple"},"_links":{"self":[{"href":"https:\/\/baralivres.ma\/index.php?rest_route=\/wp\/v2\/product\/22751","targetHints":{"allow":["GET"]}}],"collection":[{"href":"https:\/\/baralivres.ma\/index.php?rest_route=\/wp\/v2\/product"}],"about":[{"href":"https:\/\/baralivres.ma\/index.php?rest_route=\/wp\/v2\/types\/product"}],"replies":[{"embeddable":true,"href":"https:\/\/baralivres.ma\/index.php?rest_route=%2Fwp%2Fv2%2Fcomments&post=22751"}],"version-history":[{"count":1,"href":"https:\/\/baralivres.ma\/index.php?rest_route=\/wp\/v2\/product\/22751\/revisions"}],"predecessor-version":[{"id":22753,"href":"https:\/\/baralivres.ma\/index.php?rest_route=\/wp\/v2\/product\/22751\/revisions\/22753"}],"wp:featuredmedia":[{"embeddable":true,"href":"https:\/\/baralivres.ma\/index.php?rest_route=\/wp\/v2\/media\/22752"}],"wp:attachment":[{"href":"https:\/\/baralivres.ma\/index.php?rest_route=%2Fwp%2Fv2%2Fmedia&parent=22751"}],"wp:term":[{"taxonomy":"product_cat","embeddable":true,"href":"https:\/\/baralivres.ma\/index.php?rest_route=%2Fwp%2Fv2%2Fproduct_cat&post=22751"},{"taxonomy":"product_tag","embeddable":true,"href":"https:\/\/baralivres.ma\/index.php?rest_route=%2Fwp%2Fv2%2Fproduct_tag&post=22751"}],"curies":[{"name":"wp","href":"https:\/\/api.w.org\/{rel}","templated":true}]}}