{"id":22748,"date":"2024-12-04T17:37:48","date_gmt":"2024-12-04T16:37:48","guid":{"rendered":"https:\/\/baralivres.ma\/?post_type=product&#038;p=22748"},"modified":"2024-12-04T17:37:48","modified_gmt":"2024-12-04T16:37:48","slug":"one-of-us-is-next","status":"publish","type":"product","link":"https:\/\/baralivres.ma\/?product=one-of-us-is-next","title":{"rendered":"One of Us Is Next"},"content":{"rendered":"<p><strong>Plongez dans <em>One of Us Is Next<\/em>, le thriller haletant sign\u00e9 Karen M. McManus qui prolonge l\u2019univers captivant de <em>One of Us Is Lying<\/em>.<\/strong> Un an apr\u00e8s les \u00e9v\u00e9nements du premier tome, un nouveau jeu dangereux fait surface au lyc\u00e9e Bayview : un action ou v\u00e9rit\u00e9 num\u00e9rique qui expose des secrets ou impose des d\u00e9fis humiliants. Lorsque le jeu tourne au drame, les \u00e9l\u00e8ves Maeve, Knox et Phoebe se retrouvent au c\u0153ur d\u2019un myst\u00e8re sombre. <strong>D\u00e9couvrez une intrigue pleine de rebondissements o\u00f9 le danger r\u00f4de \u00e0 chaque r\u00e9v\u00e9lation et o\u00f9 chaque choix peut \u00eatre fatal.<\/strong> Mensonges, rivalit\u00e9s et secrets se m\u00ealent dans une course contre la montre pour stopper un manipulateur invisible. <strong>Pr\u00e9parez-vous \u00e0 \u00eatre tenu en haleine jusqu\u2019\u00e0 la derni\u00e8re page, dans ce r\u00e9cit o\u00f9 personne n\u2019est \u00e0 l\u2019abri de la v\u00e9rit\u00e9.<\/strong><\/p>\n","protected":false},"excerpt":{"rendered":"<p><strong>Dans <em>One of Us Is Next<\/em>, un jeu d\u2019action ou v\u00e9rit\u00e9 vire au cauchemar au lyc\u00e9e Bayview, exposant des secrets et mettant des vies en danger.<\/strong> Maeve, Knox et Phoebe doivent d\u00e9jouer un manipulateur avant qu\u2019il ne soit trop tard.<\/p>\n","protected":false},"featured_media":22749,"comment_status":"open","ping_status":"closed","template":"","meta":{"inline_featured_image":false},"product_cat":[3874,143],"product_tag":[],"class_list":{"0":"post-22748","1":"product","2":"type-product","3":"status-publish","4":"has-post-thumbnail","6":"product_cat-roman-en-anglais","7":"product_cat-roman","8":"pa_auteurs-karen-m-mcmanus","10":"first","11":"instock","12":"shipping-taxable","13":"purchasable","14":"product-type-simple"},"_links":{"self":[{"href":"https:\/\/baralivres.ma\/index.php?rest_route=\/wp\/v2\/product\/22748","targetHints":{"allow":["GET"]}}],"collection":[{"href":"https:\/\/baralivres.ma\/index.php?rest_route=\/wp\/v2\/product"}],"about":[{"href":"https:\/\/baralivres.ma\/index.php?rest_route=\/wp\/v2\/types\/product"}],"replies":[{"embeddable":true,"href":"https:\/\/baralivres.ma\/index.php?rest_route=%2Fwp%2Fv2%2Fcomments&post=22748"}],"version-history":[{"count":1,"href":"https:\/\/baralivres.ma\/index.php?rest_route=\/wp\/v2\/product\/22748\/revisions"}],"predecessor-version":[{"id":22750,"href":"https:\/\/baralivres.ma\/index.php?rest_route=\/wp\/v2\/product\/22748\/revisions\/22750"}],"wp:featuredmedia":[{"embeddable":true,"href":"https:\/\/baralivres.ma\/index.php?rest_route=\/wp\/v2\/media\/22749"}],"wp:attachment":[{"href":"https:\/\/baralivres.ma\/index.php?rest_route=%2Fwp%2Fv2%2Fmedia&parent=22748"}],"wp:term":[{"taxonomy":"product_cat","embeddable":true,"href":"https:\/\/baralivres.ma\/index.php?rest_route=%2Fwp%2Fv2%2Fproduct_cat&post=22748"},{"taxonomy":"product_tag","embeddable":true,"href":"https:\/\/baralivres.ma\/index.php?rest_route=%2Fwp%2Fv2%2Fproduct_tag&post=22748"}],"curies":[{"name":"wp","href":"https:\/\/api.w.org\/{rel}","templated":true}]}}