{"id":22734,"date":"2024-12-04T17:18:13","date_gmt":"2024-12-04T16:18:13","guid":{"rendered":"https:\/\/baralivres.ma\/?post_type=product&#038;p=22734"},"modified":"2024-12-04T17:18:14","modified_gmt":"2024-12-04T16:18:14","slug":"mille-et-une-nuits","status":"publish","type":"product","link":"https:\/\/baralivres.ma\/?product=mille-et-une-nuits","title":{"rendered":"Mille et une nuits"},"content":{"rendered":"","protected":false},"excerpt":{"rendered":"<p>Retrouvez l\u2019esth\u00e9tique somptueuse et envo\u00fbtante des <em>Mille et une nuits<\/em> avec ce livre de coloriage inspir\u00e9 des richesses du Proche-Orient, du Maghreb et de l\u2019Andalousie. Coloriez des courbes \u00e9l\u00e9gantes, des arabesques raffin\u00e9es, et des motifs g\u00e9om\u00e9triques ou floraux qui \u00e9voquent la magie et la splendeur de ces cultures. Au fil de vos inspirations, laissez-vous transporter dans un voyage artistique et relaxant, o\u00f9 chaque page est une invitation \u00e0 explorer un univers fascinant. D\u00e9tendez-vous et red\u00e9couvrez le plaisir de cr\u00e9er, tout en vous immergeant dans l\u2019atmosph\u00e8re enchanteresse des contes orientaux.<\/p>\n","protected":false},"featured_media":22735,"comment_status":"open","ping_status":"closed","template":"","meta":{"inline_featured_image":false},"product_cat":[3575],"product_tag":[],"class_list":{"0":"post-22734","1":"product","2":"type-product","3":"status-publish","4":"has-post-thumbnail","6":"product_cat-art-therapie","8":"first","9":"instock","10":"shipping-taxable","11":"purchasable","12":"product-type-simple"},"_links":{"self":[{"href":"https:\/\/baralivres.ma\/index.php?rest_route=\/wp\/v2\/product\/22734","targetHints":{"allow":["GET"]}}],"collection":[{"href":"https:\/\/baralivres.ma\/index.php?rest_route=\/wp\/v2\/product"}],"about":[{"href":"https:\/\/baralivres.ma\/index.php?rest_route=\/wp\/v2\/types\/product"}],"replies":[{"embeddable":true,"href":"https:\/\/baralivres.ma\/index.php?rest_route=%2Fwp%2Fv2%2Fcomments&post=22734"}],"version-history":[{"count":1,"href":"https:\/\/baralivres.ma\/index.php?rest_route=\/wp\/v2\/product\/22734\/revisions"}],"predecessor-version":[{"id":22739,"href":"https:\/\/baralivres.ma\/index.php?rest_route=\/wp\/v2\/product\/22734\/revisions\/22739"}],"wp:featuredmedia":[{"embeddable":true,"href":"https:\/\/baralivres.ma\/index.php?rest_route=\/wp\/v2\/media\/22735"}],"wp:attachment":[{"href":"https:\/\/baralivres.ma\/index.php?rest_route=%2Fwp%2Fv2%2Fmedia&parent=22734"}],"wp:term":[{"taxonomy":"product_cat","embeddable":true,"href":"https:\/\/baralivres.ma\/index.php?rest_route=%2Fwp%2Fv2%2Fproduct_cat&post=22734"},{"taxonomy":"product_tag","embeddable":true,"href":"https:\/\/baralivres.ma\/index.php?rest_route=%2Fwp%2Fv2%2Fproduct_tag&post=22734"}],"curies":[{"name":"wp","href":"https:\/\/api.w.org\/{rel}","templated":true}]}}