{"id":22729,"date":"2024-12-04T17:14:10","date_gmt":"2024-12-04T16:14:10","guid":{"rendered":"https:\/\/baralivres.ma\/?post_type=product&#038;p=22729"},"modified":"2024-12-04T17:14:10","modified_gmt":"2024-12-04T16:14:10","slug":"les-grands-carres-dart-therapie-petites-sorcieres","status":"publish","type":"product","link":"https:\/\/baralivres.ma\/?product=les-grands-carres-dart-therapie-petites-sorcieres","title":{"rendered":"Les Grands carr\u00e9s d&rsquo;Art-th\u00e9rapie Petites Sorci\u00e8res"},"content":{"rendered":"","protected":false},"excerpt":{"rendered":"<p>D\u00e9couvrez <em>Les Grands Carr\u00e9s d&rsquo;Art-th\u00e9rapie Petites Sorci\u00e8res<\/em>, un livre enchanteur qui combine cr\u00e9ativit\u00e9 et d\u00e9tente dans un univers magique ! Plongez dans des illustrations captivantes de sorci\u00e8res, chaudrons, potions et symboles mystiques, con\u00e7ues pour \u00e9veiller votre imagination. Ce livre de coloriage invite \u00e0 explorer un monde myst\u00e9rieux tout en profitant des bienfaits apaisants de l\u2019art-th\u00e9rapie. Parfait pour les passionn\u00e9s de magie et d\u2019\u00e9vasion, chaque page offre une exp\u00e9rience unique et relaxante. D\u00e9couvrez le plaisir de donner vie \u00e0 ces petites sorci\u00e8res tout en cr\u00e9ant votre propre univers color\u00e9 et fantastique !<\/p>\n","protected":false},"featured_media":22730,"comment_status":"open","ping_status":"closed","template":"","meta":{"inline_featured_image":false},"product_cat":[3575],"product_tag":[],"class_list":{"0":"post-22729","1":"product","2":"type-product","3":"status-publish","4":"has-post-thumbnail","6":"product_cat-art-therapie","8":"first","9":"instock","10":"shipping-taxable","11":"purchasable","12":"product-type-simple"},"_links":{"self":[{"href":"https:\/\/baralivres.ma\/index.php?rest_route=\/wp\/v2\/product\/22729","targetHints":{"allow":["GET"]}}],"collection":[{"href":"https:\/\/baralivres.ma\/index.php?rest_route=\/wp\/v2\/product"}],"about":[{"href":"https:\/\/baralivres.ma\/index.php?rest_route=\/wp\/v2\/types\/product"}],"replies":[{"embeddable":true,"href":"https:\/\/baralivres.ma\/index.php?rest_route=%2Fwp%2Fv2%2Fcomments&post=22729"}],"version-history":[{"count":1,"href":"https:\/\/baralivres.ma\/index.php?rest_route=\/wp\/v2\/product\/22729\/revisions"}],"predecessor-version":[{"id":22733,"href":"https:\/\/baralivres.ma\/index.php?rest_route=\/wp\/v2\/product\/22729\/revisions\/22733"}],"wp:featuredmedia":[{"embeddable":true,"href":"https:\/\/baralivres.ma\/index.php?rest_route=\/wp\/v2\/media\/22730"}],"wp:attachment":[{"href":"https:\/\/baralivres.ma\/index.php?rest_route=%2Fwp%2Fv2%2Fmedia&parent=22729"}],"wp:term":[{"taxonomy":"product_cat","embeddable":true,"href":"https:\/\/baralivres.ma\/index.php?rest_route=%2Fwp%2Fv2%2Fproduct_cat&post=22729"},{"taxonomy":"product_tag","embeddable":true,"href":"https:\/\/baralivres.ma\/index.php?rest_route=%2Fwp%2Fv2%2Fproduct_tag&post=22729"}],"curies":[{"name":"wp","href":"https:\/\/api.w.org\/{rel}","templated":true}]}}