{"id":22717,"date":"2024-12-03T18:28:18","date_gmt":"2024-12-03T17:28:18","guid":{"rendered":"https:\/\/baralivres.ma\/?post_type=product&#038;p=22717"},"modified":"2024-12-03T18:28:18","modified_gmt":"2024-12-03T17:28:18","slug":"petits-peuples-des-forets","status":"publish","type":"product","link":"https:\/\/baralivres.ma\/?product=petits-peuples-des-forets","title":{"rendered":"Petits peuples des for\u00eats"},"content":{"rendered":"","protected":false},"excerpt":{"rendered":"<p><strong>\u00ab\u00a0Petits peuples des for\u00eats\u00a0\u00bb<\/strong> est un livre d&rsquo;art th\u00e9rapie sous forme de coloriage qui vous plonge dans un univers magique peupl\u00e9 de cr\u00e9atures f\u00e9\u00e9riques. \ud83c\udf3f\u2728 Explorez des sc\u00e8nes apaisantes avec des elfes, f\u00e9es et lutins tout en favorisant votre bien-\u00eatre et votre relaxation. Ce coloriage offre un moyen id\u00e9al de se d\u00e9tendre, de recentrer son esprit et de stimuler la cr\u00e9ativit\u00e9. Un ouvrage parfait pour apaiser les tensions et nourrir l\u2019imaginaire, tout en offrant des moments de tranquillit\u00e9. \ud83c\udfa8<\/p>\n","protected":false},"featured_media":22718,"comment_status":"open","ping_status":"closed","template":"","meta":{"inline_featured_image":false},"product_cat":[3575],"product_tag":[],"class_list":{"0":"post-22717","1":"product","2":"type-product","3":"status-publish","4":"has-post-thumbnail","6":"product_cat-art-therapie","8":"first","9":"instock","10":"shipping-taxable","11":"purchasable","12":"product-type-simple"},"_links":{"self":[{"href":"https:\/\/baralivres.ma\/index.php?rest_route=\/wp\/v2\/product\/22717","targetHints":{"allow":["GET"]}}],"collection":[{"href":"https:\/\/baralivres.ma\/index.php?rest_route=\/wp\/v2\/product"}],"about":[{"href":"https:\/\/baralivres.ma\/index.php?rest_route=\/wp\/v2\/types\/product"}],"replies":[{"embeddable":true,"href":"https:\/\/baralivres.ma\/index.php?rest_route=%2Fwp%2Fv2%2Fcomments&post=22717"}],"version-history":[{"count":1,"href":"https:\/\/baralivres.ma\/index.php?rest_route=\/wp\/v2\/product\/22717\/revisions"}],"predecessor-version":[{"id":22723,"href":"https:\/\/baralivres.ma\/index.php?rest_route=\/wp\/v2\/product\/22717\/revisions\/22723"}],"wp:featuredmedia":[{"embeddable":true,"href":"https:\/\/baralivres.ma\/index.php?rest_route=\/wp\/v2\/media\/22718"}],"wp:attachment":[{"href":"https:\/\/baralivres.ma\/index.php?rest_route=%2Fwp%2Fv2%2Fmedia&parent=22717"}],"wp:term":[{"taxonomy":"product_cat","embeddable":true,"href":"https:\/\/baralivres.ma\/index.php?rest_route=%2Fwp%2Fv2%2Fproduct_cat&post=22717"},{"taxonomy":"product_tag","embeddable":true,"href":"https:\/\/baralivres.ma\/index.php?rest_route=%2Fwp%2Fv2%2Fproduct_tag&post=22717"}],"curies":[{"name":"wp","href":"https:\/\/api.w.org\/{rel}","templated":true}]}}