{"id":22711,"date":"2024-12-03T18:23:38","date_gmt":"2024-12-03T17:23:38","guid":{"rendered":"https:\/\/baralivres.ma\/?post_type=product&#038;p=22711"},"modified":"2024-12-03T18:23:38","modified_gmt":"2024-12-03T17:23:38","slug":"oracles","status":"publish","type":"product","link":"https:\/\/baralivres.ma\/?product=oracles","title":{"rendered":"Oracles"},"content":{"rendered":"<p><strong>Cultivez l&rsquo;art de la divination<\/strong>, sondez les astres et les constellations, \u00e9tudiez les cycles de la lune et consultez les cartes du tarot. Ce livre vous invite \u00e0 d\u00e9jouer proph\u00e9ties et augures tout en recentrant votre esprit et votre intuition. \ud83c\udf19 Avec <strong>45 illustrations myst\u00e9rieuses<\/strong>, cet ouvrage vous permet de laisser parler les couleurs, de vous d\u00e9tendre et de retrouver le plaisir de cr\u00e9er. Munissez-vous de vos crayons et plongez dans cet univers fascinant, o\u00f9 chaque page est une invitation \u00e0 la relaxation et \u00e0 la d\u00e9couverte int\u00e9rieure. Un livre id\u00e9al pour ceux qui cherchent \u00e0 se reconnecter \u00e0 leur intuition tout en s\u2019amusant. \ud83c\udfa8<\/p>\n","protected":false},"excerpt":{"rendered":"<p><strong>Cultivez l&rsquo;art de la divination<\/strong>, sondez les astres et les constellations, \u00e9tudiez les cycles de la lune et consultez les cartes du tarot. Ce livre vous invite \u00e0 d\u00e9jouer proph\u00e9ties et augures tout en recentrant votre esprit et votre intuition. \ud83c\udf19 Avec <strong>45 illustrations myst\u00e9rieuses<\/strong>, cet ouvrage vous permet de laisser parler les couleurs, de vous d\u00e9tendre et de retrouver le plaisir de cr\u00e9er. Munissez-vous de vos crayons et plongez dans cet univers fascinant, o\u00f9 chaque page est une invitation \u00e0 la relaxation et \u00e0 la d\u00e9couverte int\u00e9rieure. Un livre id\u00e9al pour ceux qui cherchent \u00e0 se reconnecter \u00e0 leur intuition tout en s\u2019amusant. \ud83c\udfa8<\/p>\n","protected":false},"featured_media":22712,"comment_status":"open","ping_status":"closed","template":"","meta":{"inline_featured_image":false},"product_cat":[3575],"product_tag":[],"class_list":{"0":"post-22711","1":"product","2":"type-product","3":"status-publish","4":"has-post-thumbnail","6":"product_cat-art-therapie","8":"first","9":"instock","10":"shipping-taxable","11":"purchasable","12":"product-type-simple"},"_links":{"self":[{"href":"https:\/\/baralivres.ma\/index.php?rest_route=\/wp\/v2\/product\/22711","targetHints":{"allow":["GET"]}}],"collection":[{"href":"https:\/\/baralivres.ma\/index.php?rest_route=\/wp\/v2\/product"}],"about":[{"href":"https:\/\/baralivres.ma\/index.php?rest_route=\/wp\/v2\/types\/product"}],"replies":[{"embeddable":true,"href":"https:\/\/baralivres.ma\/index.php?rest_route=%2Fwp%2Fv2%2Fcomments&post=22711"}],"version-history":[{"count":1,"href":"https:\/\/baralivres.ma\/index.php?rest_route=\/wp\/v2\/product\/22711\/revisions"}],"predecessor-version":[{"id":22716,"href":"https:\/\/baralivres.ma\/index.php?rest_route=\/wp\/v2\/product\/22711\/revisions\/22716"}],"wp:featuredmedia":[{"embeddable":true,"href":"https:\/\/baralivres.ma\/index.php?rest_route=\/wp\/v2\/media\/22712"}],"wp:attachment":[{"href":"https:\/\/baralivres.ma\/index.php?rest_route=%2Fwp%2Fv2%2Fmedia&parent=22711"}],"wp:term":[{"taxonomy":"product_cat","embeddable":true,"href":"https:\/\/baralivres.ma\/index.php?rest_route=%2Fwp%2Fv2%2Fproduct_cat&post=22711"},{"taxonomy":"product_tag","embeddable":true,"href":"https:\/\/baralivres.ma\/index.php?rest_route=%2Fwp%2Fv2%2Fproduct_tag&post=22711"}],"curies":[{"name":"wp","href":"https:\/\/api.w.org\/{rel}","templated":true}]}}