{"id":22693,"date":"2024-12-03T18:07:32","date_gmt":"2024-12-03T17:07:32","guid":{"rendered":"https:\/\/baralivres.ma\/?post_type=product&#038;p=22693"},"modified":"2024-12-03T18:07:32","modified_gmt":"2024-12-03T17:07:32","slug":"monsieur-madame-quel-monsieur-madame-es-tu","status":"publish","type":"product","link":"https:\/\/baralivres.ma\/?product=monsieur-madame-quel-monsieur-madame-es-tu","title":{"rendered":"Monsieur Madame &#8211; Quel Monsieur Madame es-tu?"},"content":{"rendered":"<p>Dans <strong>\u00ab\u00a0Quel Monsieur Madame es-tu ?\u00a0\u00bb<\/strong>, tu pourras d\u00e9fier tes amis ou jouer en famille avec tes personnages pr\u00e9f\u00e9r\u00e9s. Ce jeu interactif propose <strong>cinq types de jeu diff\u00e9rents<\/strong>, incluant un plateau, des cartes et une roue. \ud83c\udf00 Pour remporter la partie, il faudra \u00eatre le plus rapide et bien conna\u00eetre l&rsquo;univers color\u00e9 des Monsieur Madame ! Un moyen amusant de tester ta rapidit\u00e9 et ta m\u00e9moire tout en partageant des moments de complicit\u00e9 avec les petits et grands fans de la s\u00e9rie. Un jeu parfait pour des heures de fun en famille ou entre amis. \ud83c\udfb2<\/p>\n","protected":false},"excerpt":{"rendered":"<p><strong>\u00ab\u00a0Quel Monsieur Madame es-tu ?\u00a0\u00bb<\/strong> permet de jouer en famille ou entre amis avec les personnages pr\u00e9f\u00e9r\u00e9s de la s\u00e9rie. D\u00e9fie tes proches gr\u00e2ce aux cinq types de jeu, au plateau, aux cartes et \u00e0 la roue pour remporter la partie ! \ud83c\udf89<\/p>\n","protected":false},"featured_media":22694,"comment_status":"open","ping_status":"closed","template":"","meta":{"inline_featured_image":false},"product_cat":[3875,201,200],"product_tag":[],"class_list":{"0":"post-22693","1":"product","2":"type-product","3":"status-publish","4":"has-post-thumbnail","6":"product_cat-coffret-francais","7":"product_cat-coffret","8":"product_cat-activites","10":"first","11":"instock","12":"shipping-taxable","13":"purchasable","14":"product-type-simple"},"_links":{"self":[{"href":"https:\/\/baralivres.ma\/index.php?rest_route=\/wp\/v2\/product\/22693","targetHints":{"allow":["GET"]}}],"collection":[{"href":"https:\/\/baralivres.ma\/index.php?rest_route=\/wp\/v2\/product"}],"about":[{"href":"https:\/\/baralivres.ma\/index.php?rest_route=\/wp\/v2\/types\/product"}],"replies":[{"embeddable":true,"href":"https:\/\/baralivres.ma\/index.php?rest_route=%2Fwp%2Fv2%2Fcomments&post=22693"}],"version-history":[{"count":1,"href":"https:\/\/baralivres.ma\/index.php?rest_route=\/wp\/v2\/product\/22693\/revisions"}],"predecessor-version":[{"id":22696,"href":"https:\/\/baralivres.ma\/index.php?rest_route=\/wp\/v2\/product\/22693\/revisions\/22696"}],"wp:featuredmedia":[{"embeddable":true,"href":"https:\/\/baralivres.ma\/index.php?rest_route=\/wp\/v2\/media\/22694"}],"wp:attachment":[{"href":"https:\/\/baralivres.ma\/index.php?rest_route=%2Fwp%2Fv2%2Fmedia&parent=22693"}],"wp:term":[{"taxonomy":"product_cat","embeddable":true,"href":"https:\/\/baralivres.ma\/index.php?rest_route=%2Fwp%2Fv2%2Fproduct_cat&post=22693"},{"taxonomy":"product_tag","embeddable":true,"href":"https:\/\/baralivres.ma\/index.php?rest_route=%2Fwp%2Fv2%2Fproduct_tag&post=22693"}],"curies":[{"name":"wp","href":"https:\/\/api.w.org\/{rel}","templated":true}]}}