{"id":22690,"date":"2024-12-03T18:02:30","date_gmt":"2024-12-03T17:02:30","guid":{"rendered":"https:\/\/baralivres.ma\/?post_type=product&#038;p=22690"},"modified":"2024-12-03T18:02:30","modified_gmt":"2024-12-03T17:02:30","slug":"baby-shark-colo-sans-depasser-colo-sans-depasser","status":"publish","type":"product","link":"https:\/\/baralivres.ma\/?product=baby-shark-colo-sans-depasser-colo-sans-depasser","title":{"rendered":"Baby Shark &#8211; Colo sans d\u00e9passer: Colo sans d\u00e9passer"},"content":{"rendered":"","protected":false},"excerpt":{"rendered":"<p><strong>\u00ab\u00a0Baby Shark &#8211; Colo sans d\u00e9passer\u00a0\u00bb<\/strong> aide les enfants \u00e0 colorier sans d\u00e9passer les contours, tout en suivant les aventures de Baby Shark. Un livre \u00e9ducatif et amusant pour d\u00e9velopper la motricit\u00e9 fine et la concentration des tout-petits ! \ud83e\udd88\ud83c\udfa8<\/p>\n","protected":false},"featured_media":22691,"comment_status":"open","ping_status":"closed","template":"","meta":{"inline_featured_image":false},"product_cat":[210],"product_tag":[],"class_list":{"0":"post-22690","1":"product","2":"type-product","3":"status-publish","4":"has-post-thumbnail","6":"product_cat-activites-bebe-enfant","8":"first","9":"instock","10":"shipping-taxable","11":"purchasable","12":"product-type-simple"},"_links":{"self":[{"href":"https:\/\/baralivres.ma\/index.php?rest_route=\/wp\/v2\/product\/22690","targetHints":{"allow":["GET"]}}],"collection":[{"href":"https:\/\/baralivres.ma\/index.php?rest_route=\/wp\/v2\/product"}],"about":[{"href":"https:\/\/baralivres.ma\/index.php?rest_route=\/wp\/v2\/types\/product"}],"replies":[{"embeddable":true,"href":"https:\/\/baralivres.ma\/index.php?rest_route=%2Fwp%2Fv2%2Fcomments&post=22690"}],"version-history":[{"count":1,"href":"https:\/\/baralivres.ma\/index.php?rest_route=\/wp\/v2\/product\/22690\/revisions"}],"predecessor-version":[{"id":22692,"href":"https:\/\/baralivres.ma\/index.php?rest_route=\/wp\/v2\/product\/22690\/revisions\/22692"}],"wp:featuredmedia":[{"embeddable":true,"href":"https:\/\/baralivres.ma\/index.php?rest_route=\/wp\/v2\/media\/22691"}],"wp:attachment":[{"href":"https:\/\/baralivres.ma\/index.php?rest_route=%2Fwp%2Fv2%2Fmedia&parent=22690"}],"wp:term":[{"taxonomy":"product_cat","embeddable":true,"href":"https:\/\/baralivres.ma\/index.php?rest_route=%2Fwp%2Fv2%2Fproduct_cat&post=22690"},{"taxonomy":"product_tag","embeddable":true,"href":"https:\/\/baralivres.ma\/index.php?rest_route=%2Fwp%2Fv2%2Fproduct_tag&post=22690"}],"curies":[{"name":"wp","href":"https:\/\/api.w.org\/{rel}","templated":true}]}}