{"id":22681,"date":"2024-12-03T17:51:35","date_gmt":"2024-12-03T16:51:35","guid":{"rendered":"https:\/\/baralivres.ma\/?post_type=product&#038;p=22681"},"modified":"2024-12-03T17:51:36","modified_gmt":"2024-12-03T16:51:36","slug":"baby-shark-mon-livre-de-coloriages","status":"publish","type":"product","link":"https:\/\/baralivres.ma\/?product=baby-shark-mon-livre-de-coloriages","title":{"rendered":"Baby Shark &#8211; Mon livre de coloriages"},"content":{"rendered":"<div class=\"flex-1 overflow-hidden\">\n<div class=\"h-full\">\n<div class=\"react-scroll-to-bottom--css-ugjqs-79elbk h-full\">\n<div class=\"react-scroll-to-bottom--css-ugjqs-1n7m0yu\">\n<div class=\"flex flex-col text-sm md:pb-9\">\n<article class=\"w-full scroll-mb-[var(--thread-trailing-height,150px)] text-token-text-primary focus-visible:outline-2 focus-visible:outline-offset-[-4px]\" dir=\"auto\" data-testid=\"conversation-turn-43\" data-scroll-anchor=\"false\">\n<div class=\"m-auto text-base py-[18px] px-3 md:px-4 w-full md:px-5 lg:px-4 xl:px-5\">\n<div class=\"mx-auto flex flex-1 gap-4 text-base md:gap-5 lg:gap-6 md:max-w-3xl lg:max-w-[40rem] xl:max-w-[48rem]\">\n<div class=\"group\/conversation-turn relative flex w-full min-w-0 flex-col agent-turn\">\n<div class=\"flex-col gap-1 md:gap-3\">\n<div class=\"flex max-w-full flex-col flex-grow\">\n<div class=\"min-h-8 text-message flex w-full flex-col items-end gap-2 whitespace-normal break-words [.text-message+&amp;]:mt-5\" dir=\"auto\" data-message-author-role=\"assistant\" data-message-id=\"d58b4801-fc22-4631-8591-210745f3f347\" data-message-model-slug=\"gpt-4o-mini\">\n<div class=\"flex w-full flex-col gap-1 empty:hidden first:pt-[3px]\">\n<div class=\"markdown prose w-full break-words dark:prose-invert light\">\n<p><strong>Plongez dans \u00ab\u00a0Baby Shark &#8211; Mon livre de coloriages\u00a0\u00bb !<\/strong> \ud83e\udd88\ud83c\udfa8<\/p>\n<p>Ce livre vibrant et color\u00e9 permet aux tout-petits de donner vie \u00e0 l\u2019univers de Baby Shark et de sa famille \u00e0 travers des dessins \u00e0 colorier. Les enfants adoreront retrouver leurs personnages pr\u00e9f\u00e9r\u00e9s dans des sc\u00e8nes amusantes et engageantes. \ud83c\udf0a\u2728 Avec des pages simples et adapt\u00e9es \u00e0 leur \u00e2ge, ce livre stimule la cr\u00e9ativit\u00e9 tout en favorisant la concentration et la motricit\u00e9 fine. Les jeunes artistes peuvent utiliser crayons et feutres pour remplir d&rsquo;\u00e9nergie et de couleurs les images de Baby Shark, Mummy Shark et Daddy Shark. \ud83c\udf89 Parfait pour des moments de d\u00e9tente \u00e0 la maison ou en voyage, ce livre est id\u00e9al pour occuper les enfants de mani\u00e8re ludique. Une belle id\u00e9e cadeau pour les fans du c\u00e9l\u00e8bre tube et de l\u2019univers aquatique ! \ud83d\udc99 Ne manquez pas ce livre de coloriages fun et \u00e9ducatif pour accompagner les enfants dans leur passion pour Baby Shark.<\/p>\n<\/div>\n<\/div>\n<\/div>\n<\/div>\n<\/div>\n<\/div>\n<\/div>\n<\/div>\n<\/article>\n<\/div>\n<\/div>\n<\/div>\n<\/div>\n<\/div>\n<div class=\"md:pt-0 dark:border-white\/20 md:border-transparent md:dark:border-transparent w-full\">\n<div>\n<div class=\"m-auto text-base px-3 md:px-4 w-full md:px-5 lg:px-4 xl:px-5\">\n<div class=\"mx-auto flex flex-1 gap-4 text-base md:gap-5 lg:gap-6 md:max-w-3xl lg:max-w-[40rem] xl:max-w-[48rem]\">\n<form class=\"w-full\" aria-haspopup=\"dialog\" aria-expanded=\"false\" aria-controls=\"radix-:rik:\" data-state=\"closed\">\n<div class=\"relative flex h-full max-w-full flex-1 flex-col\">\n<div class=\"group relative flex w-full items-center\">\n<div id=\"composer-background\" class=\"flex w-full cursor-text flex-col rounded-3xl px-2.5 py-1 transition-colors contain-inline-size bg-[#f4f4f4] dark:bg-token-main-surface-secondary\">\n<div class=\"flex h-[44px] items-center justify-between\">\n<div class=\"min-w-8\">\n<div class=\"relative h-8 w-8\">\n<div class=\"flex h-full w-full items-center justify-center rounded-full\">\n<div class=\"relative h-full w-full\">\n<div class=\"absolute inset-0 flex items-center justify-center\"><\/div>\n<\/div>\n<\/div>\n<\/div>\n<\/div>\n<\/div>\n<\/div>\n<\/div>\n<\/div>\n<\/form>\n<\/div>\n<\/div>\n<div class=\"relative w-full px-2 py-2 text-center text-xs text-token-text-secondary empty:hidden md:px-[60px]\">\n<div class=\"min-h-4\">\n<div><\/div>\n<\/div>\n<\/div>\n<\/div>\n<\/div>\n","protected":false},"excerpt":{"rendered":"<p><strong>\u00ab\u00a0Baby Shark &#8211; Mon livre de coloriages\u00a0\u00bb<\/strong> permet aux enfants de colorier les aventures de Baby Shark et sa famille. Un livre ludique qui stimule la cr\u00e9ativit\u00e9 tout en offrant des heures de divertissement aquatique ! \ud83e\udd88\ud83c\udfa8<\/p>\n","protected":false},"featured_media":22682,"comment_status":"open","ping_status":"closed","template":"","meta":{"inline_featured_image":false},"product_cat":[210],"product_tag":[],"class_list":{"0":"post-22681","1":"product","2":"type-product","3":"status-publish","4":"has-post-thumbnail","6":"product_cat-activites-bebe-enfant","8":"first","9":"instock","10":"shipping-taxable","11":"purchasable","12":"product-type-simple"},"_links":{"self":[{"href":"https:\/\/baralivres.ma\/index.php?rest_route=\/wp\/v2\/product\/22681","targetHints":{"allow":["GET"]}}],"collection":[{"href":"https:\/\/baralivres.ma\/index.php?rest_route=\/wp\/v2\/product"}],"about":[{"href":"https:\/\/baralivres.ma\/index.php?rest_route=\/wp\/v2\/types\/product"}],"replies":[{"embeddable":true,"href":"https:\/\/baralivres.ma\/index.php?rest_route=%2Fwp%2Fv2%2Fcomments&post=22681"}],"version-history":[{"count":1,"href":"https:\/\/baralivres.ma\/index.php?rest_route=\/wp\/v2\/product\/22681\/revisions"}],"predecessor-version":[{"id":22683,"href":"https:\/\/baralivres.ma\/index.php?rest_route=\/wp\/v2\/product\/22681\/revisions\/22683"}],"wp:featuredmedia":[{"embeddable":true,"href":"https:\/\/baralivres.ma\/index.php?rest_route=\/wp\/v2\/media\/22682"}],"wp:attachment":[{"href":"https:\/\/baralivres.ma\/index.php?rest_route=%2Fwp%2Fv2%2Fmedia&parent=22681"}],"wp:term":[{"taxonomy":"product_cat","embeddable":true,"href":"https:\/\/baralivres.ma\/index.php?rest_route=%2Fwp%2Fv2%2Fproduct_cat&post=22681"},{"taxonomy":"product_tag","embeddable":true,"href":"https:\/\/baralivres.ma\/index.php?rest_route=%2Fwp%2Fv2%2Fproduct_tag&post=22681"}],"curies":[{"name":"wp","href":"https:\/\/api.w.org\/{rel}","templated":true}]}}