{"id":22675,"date":"2024-12-03T17:43:50","date_gmt":"2024-12-03T16:43:50","guid":{"rendered":"https:\/\/baralivres.ma\/?post_type=product&#038;p=22675"},"modified":"2024-12-03T17:43:50","modified_gmt":"2024-12-03T16:43:50","slug":"masha-et-michka-mon-histoire-en-autocollants","status":"publish","type":"product","link":"https:\/\/baralivres.ma\/?product=masha-et-michka-mon-histoire-en-autocollants","title":{"rendered":"Masha et Michka &#8211; Mon histoire en autocollants"},"content":{"rendered":"<p>Un livre ludique et interactif qui permet aux enfants de cr\u00e9er leur propre histoire en ajoutant des autocollants ! Suivez Masha et Michka dans leurs aventures et personnalisez chaque sc\u00e8ne avec les nombreux autocollants fournis. \ud83d\udcda\ud83c\udf89 Ce livre stimule la cr\u00e9ativit\u00e9 et l&rsquo;imagination des tout-petits tout en les encourageant \u00e0 raconter leurs propres r\u00e9cits. Les illustrations color\u00e9es et les personnages adorables rendent chaque page encore plus fun. Un moyen id\u00e9al de d\u00e9velopper la motricit\u00e9 fine en manipulant les autocollants, tout en partageant un moment de plaisir en famille. \ud83e\udd8a\ud83d\udcd6 Parfait pour les fans de Masha et Michka, ce livre devient une exp\u00e9rience magique de cr\u00e9ation et d\u2019amusement. Une id\u00e9e cadeau incontournable pour les enfants qui aiment inventer leurs propres histoires et explorer l\u2019univers de leurs h\u00e9ros favoris !<\/p>\n","protected":false},"excerpt":{"rendered":"<p><strong>\u00ab\u00a0Masha et Michka &#8211; Mon histoire en autocollants\u00a0\u00bb<\/strong> permet aux enfants de cr\u00e9er leurs propres r\u00e9cits en ajoutant des autocollants aux aventures de Masha et Michka. Un livre interactif et cr\u00e9atif qui stimule l&rsquo;imagination et la motricit\u00e9 des tout-petits ! \ud83d\udc3b\u2728<\/p>\n","protected":false},"featured_media":22676,"comment_status":"open","ping_status":"closed","template":"","meta":{"inline_featured_image":false},"product_cat":[3877,215,199],"product_tag":[],"class_list":{"0":"post-22675","1":"product","2":"type-product","3":"status-publish","4":"has-post-thumbnail","6":"product_cat-les-histoires-francais","7":"product_cat-enfant","8":"product_cat-histoires","10":"first","11":"instock","12":"shipping-taxable","13":"purchasable","14":"product-type-simple"},"_links":{"self":[{"href":"https:\/\/baralivres.ma\/index.php?rest_route=\/wp\/v2\/product\/22675","targetHints":{"allow":["GET"]}}],"collection":[{"href":"https:\/\/baralivres.ma\/index.php?rest_route=\/wp\/v2\/product"}],"about":[{"href":"https:\/\/baralivres.ma\/index.php?rest_route=\/wp\/v2\/types\/product"}],"replies":[{"embeddable":true,"href":"https:\/\/baralivres.ma\/index.php?rest_route=%2Fwp%2Fv2%2Fcomments&post=22675"}],"version-history":[{"count":1,"href":"https:\/\/baralivres.ma\/index.php?rest_route=\/wp\/v2\/product\/22675\/revisions"}],"predecessor-version":[{"id":22677,"href":"https:\/\/baralivres.ma\/index.php?rest_route=\/wp\/v2\/product\/22675\/revisions\/22677"}],"wp:featuredmedia":[{"embeddable":true,"href":"https:\/\/baralivres.ma\/index.php?rest_route=\/wp\/v2\/media\/22676"}],"wp:attachment":[{"href":"https:\/\/baralivres.ma\/index.php?rest_route=%2Fwp%2Fv2%2Fmedia&parent=22675"}],"wp:term":[{"taxonomy":"product_cat","embeddable":true,"href":"https:\/\/baralivres.ma\/index.php?rest_route=%2Fwp%2Fv2%2Fproduct_cat&post=22675"},{"taxonomy":"product_tag","embeddable":true,"href":"https:\/\/baralivres.ma\/index.php?rest_route=%2Fwp%2Fv2%2Fproduct_tag&post=22675"}],"curies":[{"name":"wp","href":"https:\/\/api.w.org\/{rel}","templated":true}]}}