{"id":22654,"date":"2024-12-03T17:15:29","date_gmt":"2024-12-03T16:15:29","guid":{"rendered":"https:\/\/baralivres.ma\/?post_type=product&#038;p=22654"},"modified":"2025-04-24T16:13:58","modified_gmt":"2025-04-24T15:13:58","slug":"cars-7-histoires-pour-la-semaine-disney-pixar","status":"publish","type":"product","link":"https:\/\/baralivres.ma\/?product=cars-7-histoires-pour-la-semaine-disney-pixar","title":{"rendered":"7 Histoires pour la semaine &#8211; CARS"},"content":{"rendered":"<p>Accompagnez Flash McQueen et ses amis dans <strong>7 aventures palpitantes<\/strong>, parfaites pour une semaine pleine de rires et de surprises. Chaque histoire transporte les enfants dans l\u2019univers color\u00e9 de Cars, o\u00f9 vitesse, amiti\u00e9 et courage s\u2019entrem\u00ealent. \ud83c\udfc1 Avec des illustrations \u00e9clatantes et des r\u00e9cits dynamiques, ce livre est id\u00e9al pour captiver les petits passionn\u00e9s de voitures et de Disney Pixar. \ud83c\udfce\ufe0f Une aventure quotidienne pour partager des moments magiques en famille, tout en encourageant l\u2019amour de la lecture. Parfait comme id\u00e9e cadeau ou rituel du soir, ce livre invite les enfants \u00e0 d\u00e9couvrir le plaisir d\u2019un monde o\u00f9 les h\u00e9ros roulent \u00e0 toute allure vers de nouvelles aventures. \u2728 Ne passez pas \u00e0 c\u00f4t\u00e9 de ce tr\u00e9sor qui fera vibrer les c\u0153urs des petits pilotes !<\/p>\n","protected":false},"excerpt":{"rendered":"<p>Embarquez avec Flash McQueen dans <strong>\u00ab\u00a0Cars &#8211; 7 Histoires pour la semaine\u00a0\u00bb<\/strong>, des aventures remplies d\u2019amiti\u00e9, de vitesse et de magie Disney Pixar. Parfait pour divertir et encourager les petits \u00e0 aimer la lecture ! \ud83d\ude97\u2728<\/p>\n","protected":false},"featured_media":22655,"comment_status":"open","ping_status":"closed","template":"","meta":{"inline_featured_image":false},"product_cat":[3877,199],"product_tag":[],"class_list":{"0":"post-22654","1":"product","2":"type-product","3":"status-publish","4":"has-post-thumbnail","6":"product_cat-les-histoires-francais","7":"product_cat-histoires","9":"first","10":"instock","11":"shipping-taxable","12":"purchasable","13":"product-type-simple"},"_links":{"self":[{"href":"https:\/\/baralivres.ma\/index.php?rest_route=\/wp\/v2\/product\/22654","targetHints":{"allow":["GET"]}}],"collection":[{"href":"https:\/\/baralivres.ma\/index.php?rest_route=\/wp\/v2\/product"}],"about":[{"href":"https:\/\/baralivres.ma\/index.php?rest_route=\/wp\/v2\/types\/product"}],"replies":[{"embeddable":true,"href":"https:\/\/baralivres.ma\/index.php?rest_route=%2Fwp%2Fv2%2Fcomments&post=22654"}],"version-history":[{"count":2,"href":"https:\/\/baralivres.ma\/index.php?rest_route=\/wp\/v2\/product\/22654\/revisions"}],"predecessor-version":[{"id":23628,"href":"https:\/\/baralivres.ma\/index.php?rest_route=\/wp\/v2\/product\/22654\/revisions\/23628"}],"wp:featuredmedia":[{"embeddable":true,"href":"https:\/\/baralivres.ma\/index.php?rest_route=\/wp\/v2\/media\/22655"}],"wp:attachment":[{"href":"https:\/\/baralivres.ma\/index.php?rest_route=%2Fwp%2Fv2%2Fmedia&parent=22654"}],"wp:term":[{"taxonomy":"product_cat","embeddable":true,"href":"https:\/\/baralivres.ma\/index.php?rest_route=%2Fwp%2Fv2%2Fproduct_cat&post=22654"},{"taxonomy":"product_tag","embeddable":true,"href":"https:\/\/baralivres.ma\/index.php?rest_route=%2Fwp%2Fv2%2Fproduct_tag&post=22654"}],"curies":[{"name":"wp","href":"https:\/\/api.w.org\/{rel}","templated":true}]}}