{"id":22651,"date":"2024-12-03T17:12:08","date_gmt":"2024-12-03T16:12:08","guid":{"rendered":"https:\/\/baralivres.ma\/?post_type=product&#038;p=22651"},"modified":"2025-04-24T16:14:32","modified_gmt":"2025-04-24T15:14:32","slug":"spider-man-7-histoires-pour-la-semaine-marvel","status":"publish","type":"product","link":"https:\/\/baralivres.ma\/?product=spider-man-7-histoires-pour-la-semaine-marvel","title":{"rendered":"7 Histoires pour la semaine &#8211; SPIDER-MAN"},"content":{"rendered":"<p>Offrez \u00e0 vos enfants un voyage captivant aux c\u00f4t\u00e9s du l\u00e9gendaire Spider-Man. Avec <strong>7 aventures palpitantes<\/strong>, une pour chaque jour, ce livre transforme chaque soir\u00e9e en un moment de r\u00eave et d&rsquo;action. Des illustrations \u00e9clatantes, des r\u00e9cits captivants, et l&rsquo;univers Marvel r\u00e9uni dans un format parfait pour les jeunes fans. \ud83c\udf89 Plongez dans les rues de New York o\u00f9 l&rsquo;incroyable Spidey affronte les m\u00e9chants et prot\u00e8ge les innocents. Id\u00e9al pour d\u00e9velopper l&rsquo;amour de la lecture tout en s&rsquo;amusant ! Une id\u00e9e cadeau parfaite pour les super-h\u00e9ros en herbe. \ud83d\udca5 Ne manquez pas ce tr\u00e9sor Marvel incontournable !<\/p>\n","protected":false},"excerpt":{"rendered":"<div class=\"flex-shrink-0 flex flex-col relative items-end\">\n<div>\n<div class=\"pt-0\">\n<div class=\"gizmo-bot-avatar flex h-8 w-8 items-center justify-center overflow-hidden rounded-full\">\n<div class=\"relative p-1 rounded-sm flex items-center justify-center bg-token-main-surface-primary text-token-text-primary h-8 w-8\"><\/div>\n<\/div>\n<\/div>\n<\/div>\n<\/div>\n<div class=\"group\/conversation-turn relative flex w-full min-w-0 flex-col agent-turn\">\n<div class=\"flex-col gap-1 md:gap-3\">\n<div class=\"flex max-w-full flex-col flex-grow\">\n<div class=\"min-h-8 text-message flex w-full flex-col items-end gap-2 whitespace-normal break-words [.text-message+&amp;]:mt-5\" dir=\"auto\" data-message-author-role=\"assistant\" data-message-id=\"47f12022-676f-4723-a6fd-1d5558cc714f\" data-message-model-slug=\"gpt-4o\">\n<div class=\"flex w-full flex-col gap-1 empty:hidden first:pt-[3px]\">\n<div class=\"markdown prose w-full break-words dark:prose-invert light\">\n<p>Plongez dans <strong>\u00ab\u00a0Spider-Man &#8211; 7 Histoires pour la semaine\u00a0\u00bb<\/strong>, un livre captivant avec une aventure Marvel pour chaque jour ! Id\u00e9al pour les jeunes fans, entre action, h\u00e9ros et plaisir de la lecture. \ud83d\udd77\ufe0f\u2728<\/p>\n<\/div>\n<\/div>\n<\/div>\n<\/div>\n<\/div>\n<\/div>\n","protected":false},"featured_media":22652,"comment_status":"open","ping_status":"closed","template":"","meta":{"inline_featured_image":false},"product_cat":[3877,199],"product_tag":[],"class_list":{"0":"post-22651","1":"product","2":"type-product","3":"status-publish","4":"has-post-thumbnail","6":"product_cat-les-histoires-francais","7":"product_cat-histoires","9":"first","10":"instock","11":"shipping-taxable","12":"purchasable","13":"product-type-simple"},"_links":{"self":[{"href":"https:\/\/baralivres.ma\/index.php?rest_route=\/wp\/v2\/product\/22651","targetHints":{"allow":["GET"]}}],"collection":[{"href":"https:\/\/baralivres.ma\/index.php?rest_route=\/wp\/v2\/product"}],"about":[{"href":"https:\/\/baralivres.ma\/index.php?rest_route=\/wp\/v2\/types\/product"}],"replies":[{"embeddable":true,"href":"https:\/\/baralivres.ma\/index.php?rest_route=%2Fwp%2Fv2%2Fcomments&post=22651"}],"version-history":[{"count":2,"href":"https:\/\/baralivres.ma\/index.php?rest_route=\/wp\/v2\/product\/22651\/revisions"}],"predecessor-version":[{"id":23629,"href":"https:\/\/baralivres.ma\/index.php?rest_route=\/wp\/v2\/product\/22651\/revisions\/23629"}],"wp:featuredmedia":[{"embeddable":true,"href":"https:\/\/baralivres.ma\/index.php?rest_route=\/wp\/v2\/media\/22652"}],"wp:attachment":[{"href":"https:\/\/baralivres.ma\/index.php?rest_route=%2Fwp%2Fv2%2Fmedia&parent=22651"}],"wp:term":[{"taxonomy":"product_cat","embeddable":true,"href":"https:\/\/baralivres.ma\/index.php?rest_route=%2Fwp%2Fv2%2Fproduct_cat&post=22651"},{"taxonomy":"product_tag","embeddable":true,"href":"https:\/\/baralivres.ma\/index.php?rest_route=%2Fwp%2Fv2%2Fproduct_tag&post=22651"}],"curies":[{"name":"wp","href":"https:\/\/api.w.org\/{rel}","templated":true}]}}