{"id":22634,"date":"2024-11-25T18:06:17","date_gmt":"2024-11-25T17:06:17","guid":{"rendered":"https:\/\/baralivres.ma\/?post_type=product&#038;p=22634"},"modified":"2024-11-25T18:06:17","modified_gmt":"2024-11-25T17:06:17","slug":"je-decouvre-des-animaux-incroyables","status":"publish","type":"product","link":"https:\/\/baralivres.ma\/?product=je-decouvre-des-animaux-incroyables","title":{"rendered":"Je d\u00e9couvre des animaux incroyables"},"content":{"rendered":"<p><strong>\u00ab\u00a0Coloriages \u00e9cole Je d\u00e9couvre des animaux incroyables\u00a0\u00bb<\/strong> est un livre de coloriage interactif qui permet aux enfants de d\u00e9couvrir des animaux fascinants tout en coloriant. Il propose des questions int\u00e9ressantes sur des animaux incroyables, comme le plus rapide, celui qui vole \u00e0 350 km\/h, ou le poisson qui peut devenir transparent. En bonus, une lampe permet de projeter 24 photos d&rsquo;animaux pour enrichir l&rsquo;exp\u00e9rience et stimuler la curiosit\u00e9 des jeunes aventuriers.<\/p>\n","protected":false},"excerpt":{"rendered":"<p><strong>\u00ab\u00a0Coloriages \u00e9cole Je d\u00e9couvre des animaux incroyables\u00a0\u00bb<\/strong> est un livre de coloriage \u00e9ducatif o\u00f9 les enfants d\u00e9couvrent des animaux \u00e9tonnants. Ils apprennent des faits surprenants tout en coloriant et peuvent projeter 24 photos d&rsquo;animaux gr\u00e2ce \u00e0 une lampe incluse.<\/p>\n","protected":false},"featured_media":22639,"comment_status":"open","ping_status":"closed","template":"","meta":{"inline_featured_image":false},"product_cat":[3875,201,200],"product_tag":[],"class_list":{"0":"post-22634","1":"product","2":"type-product","3":"status-publish","4":"has-post-thumbnail","6":"product_cat-coffret-francais","7":"product_cat-coffret","8":"product_cat-activites","10":"first","11":"instock","12":"shipping-taxable","13":"purchasable","14":"product-type-simple"},"_links":{"self":[{"href":"https:\/\/baralivres.ma\/index.php?rest_route=\/wp\/v2\/product\/22634","targetHints":{"allow":["GET"]}}],"collection":[{"href":"https:\/\/baralivres.ma\/index.php?rest_route=\/wp\/v2\/product"}],"about":[{"href":"https:\/\/baralivres.ma\/index.php?rest_route=\/wp\/v2\/types\/product"}],"replies":[{"embeddable":true,"href":"https:\/\/baralivres.ma\/index.php?rest_route=%2Fwp%2Fv2%2Fcomments&post=22634"}],"version-history":[{"count":1,"href":"https:\/\/baralivres.ma\/index.php?rest_route=\/wp\/v2\/product\/22634\/revisions"}],"predecessor-version":[{"id":22641,"href":"https:\/\/baralivres.ma\/index.php?rest_route=\/wp\/v2\/product\/22634\/revisions\/22641"}],"wp:featuredmedia":[{"embeddable":true,"href":"https:\/\/baralivres.ma\/index.php?rest_route=\/wp\/v2\/media\/22639"}],"wp:attachment":[{"href":"https:\/\/baralivres.ma\/index.php?rest_route=%2Fwp%2Fv2%2Fmedia&parent=22634"}],"wp:term":[{"taxonomy":"product_cat","embeddable":true,"href":"https:\/\/baralivres.ma\/index.php?rest_route=%2Fwp%2Fv2%2Fproduct_cat&post=22634"},{"taxonomy":"product_tag","embeddable":true,"href":"https:\/\/baralivres.ma\/index.php?rest_route=%2Fwp%2Fv2%2Fproduct_tag&post=22634"}],"curies":[{"name":"wp","href":"https:\/\/api.w.org\/{rel}","templated":true}]}}