{"id":22628,"date":"2024-11-25T17:59:50","date_gmt":"2024-11-25T16:59:50","guid":{"rendered":"https:\/\/baralivres.ma\/?post_type=product&#038;p=22628"},"modified":"2024-11-25T17:59:50","modified_gmt":"2024-11-25T16:59:50","slug":"coloriages-ecole-de-magie","status":"publish","type":"product","link":"https:\/\/baralivres.ma\/?product=coloriages-ecole-de-magie","title":{"rendered":"Coloriages ecole de magie"},"content":{"rendered":"<div id=\"resume\" class=\"\n        fp-wide--block\n        fp-wide--block-resume                \"><\/p>\n<div class=\"content\">La <strong>pochette de coloriages \u00ab\u00a0\u00c9cole de Magie\u00a0\u00bb<\/strong> avec 6 feutres paillet\u00e9s propose des dessins magiques \u00e0 colorier, parfaits pour favoriser la concentration et la d\u00e9tente. Les feutres paillet\u00e9s ajoutent une touche brillante aux illustrations, offrant une activit\u00e9 cr\u00e9ative et apaisante pour les petits comme les grands.<\/div>\n<\/div>\n","protected":false},"excerpt":{"rendered":"<p>La <strong>pochette \u00ab\u00a0\u00c9cole de Magie\u00a0\u00bb<\/strong> avec 6 feutres paillet\u00e9s offre des coloriages magiques et apaisants, parfaits pour stimuler la cr\u00e9ativit\u00e9 et la d\u00e9tente.<\/p>\n","protected":false},"featured_media":22630,"comment_status":"open","ping_status":"closed","template":"","meta":{"inline_featured_image":false},"product_cat":[210],"product_tag":[],"class_list":{"0":"post-22628","1":"product","2":"type-product","3":"status-publish","4":"has-post-thumbnail","6":"product_cat-activites-bebe-enfant","8":"first","9":"instock","10":"shipping-taxable","11":"purchasable","12":"product-type-simple"},"_links":{"self":[{"href":"https:\/\/baralivres.ma\/index.php?rest_route=\/wp\/v2\/product\/22628","targetHints":{"allow":["GET"]}}],"collection":[{"href":"https:\/\/baralivres.ma\/index.php?rest_route=\/wp\/v2\/product"}],"about":[{"href":"https:\/\/baralivres.ma\/index.php?rest_route=\/wp\/v2\/types\/product"}],"replies":[{"embeddable":true,"href":"https:\/\/baralivres.ma\/index.php?rest_route=%2Fwp%2Fv2%2Fcomments&post=22628"}],"version-history":[{"count":1,"href":"https:\/\/baralivres.ma\/index.php?rest_route=\/wp\/v2\/product\/22628\/revisions"}],"predecessor-version":[{"id":22633,"href":"https:\/\/baralivres.ma\/index.php?rest_route=\/wp\/v2\/product\/22628\/revisions\/22633"}],"wp:featuredmedia":[{"embeddable":true,"href":"https:\/\/baralivres.ma\/index.php?rest_route=\/wp\/v2\/media\/22630"}],"wp:attachment":[{"href":"https:\/\/baralivres.ma\/index.php?rest_route=%2Fwp%2Fv2%2Fmedia&parent=22628"}],"wp:term":[{"taxonomy":"product_cat","embeddable":true,"href":"https:\/\/baralivres.ma\/index.php?rest_route=%2Fwp%2Fv2%2Fproduct_cat&post=22628"},{"taxonomy":"product_tag","embeddable":true,"href":"https:\/\/baralivres.ma\/index.php?rest_route=%2Fwp%2Fv2%2Fproduct_tag&post=22628"}],"curies":[{"name":"wp","href":"https:\/\/api.w.org\/{rel}","templated":true}]}}