{"id":22623,"date":"2024-11-25T17:47:50","date_gmt":"2024-11-25T16:47:50","guid":{"rendered":"https:\/\/baralivres.ma\/?post_type=product&#038;p=22623"},"modified":"2024-11-25T17:47:51","modified_gmt":"2024-11-25T16:47:51","slug":"mon-cahier-du-bonheur-des-activites-qui-me-rendent-heureux","status":"publish","type":"product","link":"https:\/\/baralivres.ma\/?product=mon-cahier-du-bonheur-des-activites-qui-me-rendent-heureux","title":{"rendered":"Mon cahier du bonheur : des activit\u00e9s qui me rendent heureux"},"content":{"rendered":"<p><strong>Mon cahier du bonheur : des activit\u00e9s qui me rendent heureux<\/strong> est un livre interactif con\u00e7u pour aider les enfants \u00e0 comprendre leurs \u00e9motions et \u00e0 favoriser leur bien-\u00eatre. Il propose des activit\u00e9s ludiques telles que des d\u00e9coupages, des coloriages, des bricolages et des exercices d&rsquo;\u00e9criture, visant \u00e0 renforcer la confiance en soi, \u00e0 am\u00e9liorer la concentration et \u00e0 encourager l&rsquo;expression des sentiments. Ce cahier permet aux enfants de mieux comprendre ce qui les rend heureux et de partager leurs \u00e9motions avec les autres.<\/p>\n","protected":false},"excerpt":{"rendered":"<p><strong>Mon cahier du bonheur<\/strong> propose des activit\u00e9s cr\u00e9atives (coloriages, d\u00e9coupages, \u00e9criture) pour aider les enfants \u00e0 comprendre et exprimer leurs \u00e9motions, renforcer leur confiance et favoriser leur bien-\u00eatre.<\/p>\n","protected":false},"featured_media":22624,"comment_status":"open","ping_status":"closed","template":"","meta":{"inline_featured_image":false},"product_cat":[200],"product_tag":[],"class_list":{"0":"post-22623","1":"product","2":"type-product","3":"status-publish","4":"has-post-thumbnail","6":"product_cat-activites","8":"first","9":"instock","10":"shipping-taxable","11":"purchasable","12":"product-type-simple"},"_links":{"self":[{"href":"https:\/\/baralivres.ma\/index.php?rest_route=\/wp\/v2\/product\/22623","targetHints":{"allow":["GET"]}}],"collection":[{"href":"https:\/\/baralivres.ma\/index.php?rest_route=\/wp\/v2\/product"}],"about":[{"href":"https:\/\/baralivres.ma\/index.php?rest_route=\/wp\/v2\/types\/product"}],"replies":[{"embeddable":true,"href":"https:\/\/baralivres.ma\/index.php?rest_route=%2Fwp%2Fv2%2Fcomments&post=22623"}],"version-history":[{"count":1,"href":"https:\/\/baralivres.ma\/index.php?rest_route=\/wp\/v2\/product\/22623\/revisions"}],"predecessor-version":[{"id":22627,"href":"https:\/\/baralivres.ma\/index.php?rest_route=\/wp\/v2\/product\/22623\/revisions\/22627"}],"wp:featuredmedia":[{"embeddable":true,"href":"https:\/\/baralivres.ma\/index.php?rest_route=\/wp\/v2\/media\/22624"}],"wp:attachment":[{"href":"https:\/\/baralivres.ma\/index.php?rest_route=%2Fwp%2Fv2%2Fmedia&parent=22623"}],"wp:term":[{"taxonomy":"product_cat","embeddable":true,"href":"https:\/\/baralivres.ma\/index.php?rest_route=%2Fwp%2Fv2%2Fproduct_cat&post=22623"},{"taxonomy":"product_tag","embeddable":true,"href":"https:\/\/baralivres.ma\/index.php?rest_route=%2Fwp%2Fv2%2Fproduct_tag&post=22623"}],"curies":[{"name":"wp","href":"https:\/\/api.w.org\/{rel}","templated":true}]}}