{"id":22606,"date":"2024-11-25T16:59:42","date_gmt":"2024-11-25T15:59:42","guid":{"rendered":"https:\/\/baralivres.ma\/?post_type=product&#038;p=22606"},"modified":"2024-11-25T16:59:42","modified_gmt":"2024-11-25T15:59:42","slug":"masha-et-michka-livre-son-les-betises-de-masha","status":"publish","type":"product","link":"https:\/\/baralivres.ma\/?product=masha-et-michka-livre-son-les-betises-de-masha","title":{"rendered":"Masha et Michka &#8211; Livre son Les b\u00eatises de Masha"},"content":{"rendered":"<p><strong>Masha et Michka &#8211; Les b\u00eatises de Masha<\/strong> est un livre interactif pour enfants o\u00f9 Masha, la petite h\u00e9ro\u00efne, fait des b\u00eatises \u00e0 chaque page. L&rsquo;enfant peut appuyer sur un bouton pour d\u00e9clencher le rire sonore de Masha, rendant l&rsquo;exp\u00e9rience de lecture plus amusante et interactive. Avec des illustrations color\u00e9es et une histoire ludique, ce livre encourage l&rsquo;engagement des jeunes lecteurs tout en les divertissant<\/p>\n","protected":false},"excerpt":{"rendered":"<p><strong>Masha et Michka &#8211; Les b\u00eatises de Masha<\/strong> est un livre interactif o\u00f9 l\u2019enfant d\u00e9couvre les farces de Masha. En appuyant sur un bouton, il d\u00e9clenche le rire de Masha \u00e0 chaque page.<\/p>\n","protected":false},"featured_media":22607,"comment_status":"open","ping_status":"closed","template":"","meta":{"inline_featured_image":false},"product_cat":[3944,197],"product_tag":[],"class_list":{"0":"post-22606","1":"product","2":"type-product","3":"status-publish","4":"has-post-thumbnail","6":"product_cat-les-livres-sonore-francais","7":"product_cat-livre-sonore","9":"first","10":"instock","11":"shipping-taxable","12":"purchasable","13":"product-type-simple"},"_links":{"self":[{"href":"https:\/\/baralivres.ma\/index.php?rest_route=\/wp\/v2\/product\/22606","targetHints":{"allow":["GET"]}}],"collection":[{"href":"https:\/\/baralivres.ma\/index.php?rest_route=\/wp\/v2\/product"}],"about":[{"href":"https:\/\/baralivres.ma\/index.php?rest_route=\/wp\/v2\/types\/product"}],"replies":[{"embeddable":true,"href":"https:\/\/baralivres.ma\/index.php?rest_route=%2Fwp%2Fv2%2Fcomments&post=22606"}],"version-history":[{"count":1,"href":"https:\/\/baralivres.ma\/index.php?rest_route=\/wp\/v2\/product\/22606\/revisions"}],"predecessor-version":[{"id":22608,"href":"https:\/\/baralivres.ma\/index.php?rest_route=\/wp\/v2\/product\/22606\/revisions\/22608"}],"wp:featuredmedia":[{"embeddable":true,"href":"https:\/\/baralivres.ma\/index.php?rest_route=\/wp\/v2\/media\/22607"}],"wp:attachment":[{"href":"https:\/\/baralivres.ma\/index.php?rest_route=%2Fwp%2Fv2%2Fmedia&parent=22606"}],"wp:term":[{"taxonomy":"product_cat","embeddable":true,"href":"https:\/\/baralivres.ma\/index.php?rest_route=%2Fwp%2Fv2%2Fproduct_cat&post=22606"},{"taxonomy":"product_tag","embeddable":true,"href":"https:\/\/baralivres.ma\/index.php?rest_route=%2Fwp%2Fv2%2Fproduct_tag&post=22606"}],"curies":[{"name":"wp","href":"https:\/\/api.w.org\/{rel}","templated":true}]}}