{"id":22603,"date":"2024-11-25T16:55:12","date_gmt":"2024-11-25T15:55:12","guid":{"rendered":"https:\/\/baralivres.ma\/?post_type=product&#038;p=22603"},"modified":"2024-11-25T16:55:12","modified_gmt":"2024-11-25T15:55:12","slug":"masha-et-michka-livre-son-les-animaux","status":"publish","type":"product","link":"https:\/\/baralivres.ma\/?product=masha-et-michka-livre-son-les-animaux","title":{"rendered":"Masha et Michka &#8211; Livre son &#8211; Les animaux"},"content":{"rendered":"<p><strong>Masha et Michka &#8211; Livre Son &#8211; Les Animaux<\/strong> est un livre tout-carton interactif pour enfants. Il propose 5 sons d&rsquo;animaux \u00e0 d\u00e9couvrir en suivant les aventures de Masha et Michka. Chaque page contient un bouton qui d\u00e9clenche un bruit r\u00e9aliste, offrant une exp\u00e9rience tactile et sonore. Les illustrations color\u00e9es rendent l&rsquo;apprentissage des animaux amusant et stimulant pour les tout-petits.<\/p>\n","protected":false},"excerpt":{"rendered":"<p>Ce livre est une excellente fa\u00e7on de m\u00ealer \u00e9ducation et divertissement pour les enfants.<\/p>\n","protected":false},"featured_media":22604,"comment_status":"open","ping_status":"closed","template":"","meta":{"inline_featured_image":false},"product_cat":[3944,197],"product_tag":[],"class_list":{"0":"post-22603","1":"product","2":"type-product","3":"status-publish","4":"has-post-thumbnail","6":"product_cat-les-livres-sonore-francais","7":"product_cat-livre-sonore","9":"first","10":"instock","11":"shipping-taxable","12":"purchasable","13":"product-type-simple"},"_links":{"self":[{"href":"https:\/\/baralivres.ma\/index.php?rest_route=\/wp\/v2\/product\/22603","targetHints":{"allow":["GET"]}}],"collection":[{"href":"https:\/\/baralivres.ma\/index.php?rest_route=\/wp\/v2\/product"}],"about":[{"href":"https:\/\/baralivres.ma\/index.php?rest_route=\/wp\/v2\/types\/product"}],"replies":[{"embeddable":true,"href":"https:\/\/baralivres.ma\/index.php?rest_route=%2Fwp%2Fv2%2Fcomments&post=22603"}],"version-history":[{"count":1,"href":"https:\/\/baralivres.ma\/index.php?rest_route=\/wp\/v2\/product\/22603\/revisions"}],"predecessor-version":[{"id":22605,"href":"https:\/\/baralivres.ma\/index.php?rest_route=\/wp\/v2\/product\/22603\/revisions\/22605"}],"wp:featuredmedia":[{"embeddable":true,"href":"https:\/\/baralivres.ma\/index.php?rest_route=\/wp\/v2\/media\/22604"}],"wp:attachment":[{"href":"https:\/\/baralivres.ma\/index.php?rest_route=%2Fwp%2Fv2%2Fmedia&parent=22603"}],"wp:term":[{"taxonomy":"product_cat","embeddable":true,"href":"https:\/\/baralivres.ma\/index.php?rest_route=%2Fwp%2Fv2%2Fproduct_cat&post=22603"},{"taxonomy":"product_tag","embeddable":true,"href":"https:\/\/baralivres.ma\/index.php?rest_route=%2Fwp%2Fv2%2Fproduct_tag&post=22603"}],"curies":[{"name":"wp","href":"https:\/\/api.w.org\/{rel}","templated":true}]}}