{"id":22597,"date":"2024-11-25T16:51:03","date_gmt":"2024-11-25T15:51:03","guid":{"rendered":"https:\/\/baralivres.ma\/?post_type=product&#038;p=22597"},"modified":"2025-04-24T17:03:06","modified_gmt":"2025-04-24T16:03:06","slug":"mes-premiers-imagiers-mon-premier-marvel-les-couleurs","status":"publish","type":"product","link":"https:\/\/baralivres.ma\/?product=mes-premiers-imagiers-mon-premier-marvel-les-couleurs","title":{"rendered":"Mes premiers imagiers &#8211; les couleurs"},"content":{"rendered":"<p><strong>\u00ab\u00a0Mon premier Marvel : Les couleurs\u00a0\u00bb<\/strong> est un imagier pour b\u00e9b\u00e9s d\u00e8s 12 mois, qui aide les tout-petits \u00e0 d\u00e9couvrir les couleurs \u00e0 travers les h\u00e9ros Marvel. Avec des illustrations captivantes, les enfants apprennent \u00e0 observer et \u00e0 nommer les couleurs en explorant des sc\u00e8nes avec leurs personnages pr\u00e9f\u00e9r\u00e9s. Le livre est con\u00e7u pour \u00eatre facilement manipul\u00e9 par les petites mains gr\u00e2ce \u00e0 sa couverture sans pelliculage et ses coins ronds. Il utilise \u00e9galement du papier certifi\u00e9 provenant de for\u00eats durables.<\/p>\n","protected":false},"excerpt":{"rendered":"<p><strong>\u00ab\u00a0Mon premier Marvel : Les couleurs\u00a0\u00bb<\/strong> est un imagier pour b\u00e9b\u00e9s d\u00e8s 12 mois, qui enseigne les couleurs \u00e0 travers les h\u00e9ros Marvel. Il est con\u00e7u pour les petites mains avec des coins ronds et utilise du papier \u00e9cologique.<\/p>\n","protected":false},"featured_media":22599,"comment_status":"open","ping_status":"closed","template":"","meta":{"inline_featured_image":false},"product_cat":[3950,198],"product_tag":[],"class_list":{"0":"post-22597","1":"product","2":"type-product","3":"status-publish","4":"has-post-thumbnail","6":"product_cat-les-livres-cartonnes-francais","7":"product_cat-livres-animes","9":"first","10":"instock","11":"shipping-taxable","12":"purchasable","13":"product-type-simple"},"_links":{"self":[{"href":"https:\/\/baralivres.ma\/index.php?rest_route=\/wp\/v2\/product\/22597","targetHints":{"allow":["GET"]}}],"collection":[{"href":"https:\/\/baralivres.ma\/index.php?rest_route=\/wp\/v2\/product"}],"about":[{"href":"https:\/\/baralivres.ma\/index.php?rest_route=\/wp\/v2\/types\/product"}],"replies":[{"embeddable":true,"href":"https:\/\/baralivres.ma\/index.php?rest_route=%2Fwp%2Fv2%2Fcomments&post=22597"}],"version-history":[{"count":2,"href":"https:\/\/baralivres.ma\/index.php?rest_route=\/wp\/v2\/product\/22597\/revisions"}],"predecessor-version":[{"id":23652,"href":"https:\/\/baralivres.ma\/index.php?rest_route=\/wp\/v2\/product\/22597\/revisions\/23652"}],"wp:featuredmedia":[{"embeddable":true,"href":"https:\/\/baralivres.ma\/index.php?rest_route=\/wp\/v2\/media\/22599"}],"wp:attachment":[{"href":"https:\/\/baralivres.ma\/index.php?rest_route=%2Fwp%2Fv2%2Fmedia&parent=22597"}],"wp:term":[{"taxonomy":"product_cat","embeddable":true,"href":"https:\/\/baralivres.ma\/index.php?rest_route=%2Fwp%2Fv2%2Fproduct_cat&post=22597"},{"taxonomy":"product_tag","embeddable":true,"href":"https:\/\/baralivres.ma\/index.php?rest_route=%2Fwp%2Fv2%2Fproduct_tag&post=22597"}],"curies":[{"name":"wp","href":"https:\/\/api.w.org\/{rel}","templated":true}]}}