{"id":22593,"date":"2024-11-25T16:44:09","date_gmt":"2024-11-25T15:44:09","guid":{"rendered":"https:\/\/baralivres.ma\/?post_type=product&#038;p=22593"},"modified":"2025-04-24T17:19:23","modified_gmt":"2025-04-24T16:19:23","slug":"disney-baby-mes-premiers-imagiers-les-contraires","status":"publish","type":"product","link":"https:\/\/baralivres.ma\/?product=disney-baby-mes-premiers-imagiers-les-contraires","title":{"rendered":"Mes premiers imagiers &#8211; Les contraires"},"content":{"rendered":"<p><strong>Disney Baby : Mes premiers imagiers &#8211; Les contraires<\/strong> est un imagier pour b\u00e9b\u00e9s, richement illustr\u00e9 avec des personnages Disney. Il aide les tout-petits \u00e0 d\u00e9couvrir les contraires (comme \u00ab\u00a0grand\/petit\u00a0\u00bb, \u00ab\u00a0haut\/bas\u00a0\u00bb) \u00e0 travers des sc\u00e8nes simples. Le livre, con\u00e7u pour \u00eatre facilement manipulable, est en carton avec des coins arrondis, parfait pour les petites mains. Il offre une approche ludique pour apprendre en observant et en nommant les \u00e9l\u00e9ments.<\/p>\n","protected":false},"excerpt":{"rendered":"<p><strong>Disney Baby : Mes premiers imagiers &#8211; Les contraires<\/strong> est un imagier en carton pour b\u00e9b\u00e9s, avec des illustrations Disney. Il aide \u00e0 d\u00e9couvrir les contraires de mani\u00e8re ludique et simple, avec des sc\u00e8nes \u00e0 observer et \u00e0 nommer.<\/p>\n","protected":false},"featured_media":22595,"comment_status":"open","ping_status":"closed","template":"","meta":{"inline_featured_image":false},"product_cat":[3950,198],"product_tag":[],"class_list":{"0":"post-22593","1":"product","2":"type-product","3":"status-publish","4":"has-post-thumbnail","6":"product_cat-les-livres-cartonnes-francais","7":"product_cat-livres-animes","9":"first","10":"instock","11":"shipping-taxable","12":"purchasable","13":"product-type-simple"},"_links":{"self":[{"href":"https:\/\/baralivres.ma\/index.php?rest_route=\/wp\/v2\/product\/22593","targetHints":{"allow":["GET"]}}],"collection":[{"href":"https:\/\/baralivres.ma\/index.php?rest_route=\/wp\/v2\/product"}],"about":[{"href":"https:\/\/baralivres.ma\/index.php?rest_route=\/wp\/v2\/types\/product"}],"replies":[{"embeddable":true,"href":"https:\/\/baralivres.ma\/index.php?rest_route=%2Fwp%2Fv2%2Fcomments&post=22593"}],"version-history":[{"count":4,"href":"https:\/\/baralivres.ma\/index.php?rest_route=\/wp\/v2\/product\/22593\/revisions"}],"predecessor-version":[{"id":23660,"href":"https:\/\/baralivres.ma\/index.php?rest_route=\/wp\/v2\/product\/22593\/revisions\/23660"}],"wp:featuredmedia":[{"embeddable":true,"href":"https:\/\/baralivres.ma\/index.php?rest_route=\/wp\/v2\/media\/22595"}],"wp:attachment":[{"href":"https:\/\/baralivres.ma\/index.php?rest_route=%2Fwp%2Fv2%2Fmedia&parent=22593"}],"wp:term":[{"taxonomy":"product_cat","embeddable":true,"href":"https:\/\/baralivres.ma\/index.php?rest_route=%2Fwp%2Fv2%2Fproduct_cat&post=22593"},{"taxonomy":"product_tag","embeddable":true,"href":"https:\/\/baralivres.ma\/index.php?rest_route=%2Fwp%2Fv2%2Fproduct_tag&post=22593"}],"curies":[{"name":"wp","href":"https:\/\/api.w.org\/{rel}","templated":true}]}}