{"id":22590,"date":"2024-11-25T16:35:52","date_gmt":"2024-11-25T15:35:52","guid":{"rendered":"https:\/\/baralivres.ma\/?post_type=product&#038;p=22590"},"modified":"2024-11-25T16:35:52","modified_gmt":"2024-11-25T15:35:52","slug":"peppa-pig-la-famille-de-peppa","status":"publish","type":"product","link":"https:\/\/baralivres.ma\/?product=peppa-pig-la-famille-de-peppa","title":{"rendered":"Peppa Pig : la famille de Peppa"},"content":{"rendered":"<p><em>Peppa Pig : La famille de Peppa<\/em> est un tryptique contenant six petits livres silhouette, chacun mettant en avant un membre de la famille Pig : Peppa, George, Papa Pig, Maman Pig, Papy Pig et Mamy Pig. Chaque histoire pr\u00e9sente un portrait tendre et amusant de ces personnages, offrant aux enfants une immersion dans l&rsquo;univers familial de Peppa.<\/p>\n","protected":false},"excerpt":{"rendered":"<p>Ce joli livre est une c\u00e9l\u00e9bration de la famille, avec des illustrations color\u00e9es et des r\u00e9cits pleins de tendresse et de rires, parfaits pour les jeunes enfants qui d\u00e9couvrent l&rsquo;univers de Peppa Pig.<\/p>\n","protected":false},"featured_media":22591,"comment_status":"open","ping_status":"closed","template":"","meta":{"inline_featured_image":false},"product_cat":[3950,198],"product_tag":[],"class_list":{"0":"post-22590","1":"product","2":"type-product","3":"status-publish","4":"has-post-thumbnail","6":"product_cat-les-livres-cartonnes-francais","7":"product_cat-livres-animes","9":"first","10":"instock","11":"shipping-taxable","12":"purchasable","13":"product-type-simple"},"_links":{"self":[{"href":"https:\/\/baralivres.ma\/index.php?rest_route=\/wp\/v2\/product\/22590","targetHints":{"allow":["GET"]}}],"collection":[{"href":"https:\/\/baralivres.ma\/index.php?rest_route=\/wp\/v2\/product"}],"about":[{"href":"https:\/\/baralivres.ma\/index.php?rest_route=\/wp\/v2\/types\/product"}],"replies":[{"embeddable":true,"href":"https:\/\/baralivres.ma\/index.php?rest_route=%2Fwp%2Fv2%2Fcomments&post=22590"}],"version-history":[{"count":1,"href":"https:\/\/baralivres.ma\/index.php?rest_route=\/wp\/v2\/product\/22590\/revisions"}],"predecessor-version":[{"id":22592,"href":"https:\/\/baralivres.ma\/index.php?rest_route=\/wp\/v2\/product\/22590\/revisions\/22592"}],"wp:featuredmedia":[{"embeddable":true,"href":"https:\/\/baralivres.ma\/index.php?rest_route=\/wp\/v2\/media\/22591"}],"wp:attachment":[{"href":"https:\/\/baralivres.ma\/index.php?rest_route=%2Fwp%2Fv2%2Fmedia&parent=22590"}],"wp:term":[{"taxonomy":"product_cat","embeddable":true,"href":"https:\/\/baralivres.ma\/index.php?rest_route=%2Fwp%2Fv2%2Fproduct_cat&post=22590"},{"taxonomy":"product_tag","embeddable":true,"href":"https:\/\/baralivres.ma\/index.php?rest_route=%2Fwp%2Fv2%2Fproduct_tag&post=22590"}],"curies":[{"name":"wp","href":"https:\/\/api.w.org\/{rel}","templated":true}]}}