{"id":22587,"date":"2024-11-25T16:31:24","date_gmt":"2024-11-25T15:31:24","guid":{"rendered":"https:\/\/baralivres.ma\/?post_type=product&#038;p=22587"},"modified":"2024-11-25T16:31:24","modified_gmt":"2024-11-25T15:31:24","slug":"mon-rouleau-de-coloriages-adhesif-animaux","status":"publish","type":"product","link":"https:\/\/baralivres.ma\/?product=mon-rouleau-de-coloriages-adhesif-animaux","title":{"rendered":"MON ROULEAU DE COLORIAGES ADH\u00c9SIF &#8211; ANIMAUX"},"content":{"rendered":"<p>Un rouleau de coloriage adh\u00e9sif de 3 m\u00e8tres, avec des illustrations d&rsquo;animaux marins d\u00e9taill\u00e9es. Le papier autocollant se fixe et se repositionne facilement sur diff\u00e9rentes surfaces, comme des tables, des vitres ou des murs. Parfait pour des activit\u00e9s cr\u00e9atives \u00e0 plusieurs, comme lors d&rsquo;une f\u00eate d&rsquo;anniversaire, ou pour d\u00e9couper et colorier des sc\u00e8nes. Un moyen amusant d&rsquo;exprimer sa cr\u00e9ativit\u00e9 !<\/p>\n","protected":false},"excerpt":{"rendered":"<p>Rouleau de coloriage adh\u00e9sif de 3 m\u00e8tres avec des animaux marins. Facile \u00e0 fixer et repositionner, id\u00e9al pour colorier \u00e0 plusieurs ou d\u00e9couper des sc\u00e8nes.<\/p>\n","protected":false},"featured_media":22588,"comment_status":"open","ping_status":"closed","template":"","meta":{"inline_featured_image":false},"product_cat":[210],"product_tag":[],"class_list":{"0":"post-22587","1":"product","2":"type-product","3":"status-publish","4":"has-post-thumbnail","6":"product_cat-activites-bebe-enfant","8":"first","9":"instock","10":"shipping-taxable","11":"purchasable","12":"product-type-simple"},"_links":{"self":[{"href":"https:\/\/baralivres.ma\/index.php?rest_route=\/wp\/v2\/product\/22587","targetHints":{"allow":["GET"]}}],"collection":[{"href":"https:\/\/baralivres.ma\/index.php?rest_route=\/wp\/v2\/product"}],"about":[{"href":"https:\/\/baralivres.ma\/index.php?rest_route=\/wp\/v2\/types\/product"}],"replies":[{"embeddable":true,"href":"https:\/\/baralivres.ma\/index.php?rest_route=%2Fwp%2Fv2%2Fcomments&post=22587"}],"version-history":[{"count":1,"href":"https:\/\/baralivres.ma\/index.php?rest_route=\/wp\/v2\/product\/22587\/revisions"}],"predecessor-version":[{"id":22589,"href":"https:\/\/baralivres.ma\/index.php?rest_route=\/wp\/v2\/product\/22587\/revisions\/22589"}],"wp:featuredmedia":[{"embeddable":true,"href":"https:\/\/baralivres.ma\/index.php?rest_route=\/wp\/v2\/media\/22588"}],"wp:attachment":[{"href":"https:\/\/baralivres.ma\/index.php?rest_route=%2Fwp%2Fv2%2Fmedia&parent=22587"}],"wp:term":[{"taxonomy":"product_cat","embeddable":true,"href":"https:\/\/baralivres.ma\/index.php?rest_route=%2Fwp%2Fv2%2Fproduct_cat&post=22587"},{"taxonomy":"product_tag","embeddable":true,"href":"https:\/\/baralivres.ma\/index.php?rest_route=%2Fwp%2Fv2%2Fproduct_tag&post=22587"}],"curies":[{"name":"wp","href":"https:\/\/api.w.org\/{rel}","templated":true}]}}