{"id":22581,"date":"2024-11-25T16:27:47","date_gmt":"2024-11-25T15:27:47","guid":{"rendered":"https:\/\/baralivres.ma\/?post_type=product&#038;p=22581"},"modified":"2024-11-25T16:27:47","modified_gmt":"2024-11-25T15:27:47","slug":"mon-rouleau-de-coloriages-adhesif-ocean","status":"publish","type":"product","link":"https:\/\/baralivres.ma\/?product=mon-rouleau-de-coloriages-adhesif-ocean","title":{"rendered":"MON ROULEAU DE COLORIAGES ADH\u00c9SIF &#8211; OC\u00c9AN"},"content":{"rendered":"<p>Le rouleau de coloriages adh\u00e9sif &#8211; Oc\u00e9an, long de 3 m\u00e8tres, permet aux enfants de d\u00e9couvrir les oc\u00e9ans \u00e0 travers des illustrations d\u00e9taill\u00e9es. Le papier autocollant peut \u00eatre fix\u00e9 sur diverses surfaces et repositionn\u00e9. Id\u00e9al pour colorier en groupe lors d&rsquo;\u00e9v\u00e9nements comme les anniversaires ou d\u00e9couper des sc\u00e8nes pour personnaliser les cr\u00e9ations, il encourage la cr\u00e9ativit\u00e9 des enfants.<\/p>\n","protected":false},"excerpt":{"rendered":"<div class=\"flex max-w-full flex-col flex-grow\">\n<div class=\"min-h-8 text-message flex w-full flex-col items-end gap-2 whitespace-normal break-words [.text-message+&amp;]:mt-5\" dir=\"auto\" data-message-author-role=\"assistant\" data-message-id=\"fb2e1765-a9ab-4f78-955e-586c77ffe05c\" data-message-model-slug=\"gpt-4o-mini\">\n<div class=\"flex w-full flex-col gap-1 empty:hidden first:pt-[3px]\">\n<div class=\"markdown prose w-full break-words dark:prose-invert light\">\n<p>Le rouleau de coloriages adh\u00e9sif &#8211; Oc\u00e9an, de 3 m\u00e8tres, permet de colorier des sc\u00e8nes marines sur diff\u00e9rentes surfaces, id\u00e9al pour la cr\u00e9ativit\u00e9 en groupe ou lors d&rsquo;anniversaires.<\/p>\n<\/div>\n<\/div>\n<\/div>\n<\/div>\n","protected":false},"featured_media":22582,"comment_status":"open","ping_status":"closed","template":"","meta":{"inline_featured_image":false},"product_cat":[210],"product_tag":[],"class_list":{"0":"post-22581","1":"product","2":"type-product","3":"status-publish","4":"has-post-thumbnail","6":"product_cat-activites-bebe-enfant","8":"first","9":"instock","10":"shipping-taxable","11":"purchasable","12":"product-type-simple"},"_links":{"self":[{"href":"https:\/\/baralivres.ma\/index.php?rest_route=\/wp\/v2\/product\/22581","targetHints":{"allow":["GET"]}}],"collection":[{"href":"https:\/\/baralivres.ma\/index.php?rest_route=\/wp\/v2\/product"}],"about":[{"href":"https:\/\/baralivres.ma\/index.php?rest_route=\/wp\/v2\/types\/product"}],"replies":[{"embeddable":true,"href":"https:\/\/baralivres.ma\/index.php?rest_route=%2Fwp%2Fv2%2Fcomments&post=22581"}],"version-history":[{"count":1,"href":"https:\/\/baralivres.ma\/index.php?rest_route=\/wp\/v2\/product\/22581\/revisions"}],"predecessor-version":[{"id":22583,"href":"https:\/\/baralivres.ma\/index.php?rest_route=\/wp\/v2\/product\/22581\/revisions\/22583"}],"wp:featuredmedia":[{"embeddable":true,"href":"https:\/\/baralivres.ma\/index.php?rest_route=\/wp\/v2\/media\/22582"}],"wp:attachment":[{"href":"https:\/\/baralivres.ma\/index.php?rest_route=%2Fwp%2Fv2%2Fmedia&parent=22581"}],"wp:term":[{"taxonomy":"product_cat","embeddable":true,"href":"https:\/\/baralivres.ma\/index.php?rest_route=%2Fwp%2Fv2%2Fproduct_cat&post=22581"},{"taxonomy":"product_tag","embeddable":true,"href":"https:\/\/baralivres.ma\/index.php?rest_route=%2Fwp%2Fv2%2Fproduct_tag&post=22581"}],"curies":[{"name":"wp","href":"https:\/\/api.w.org\/{rel}","templated":true}]}}