{"id":22578,"date":"2024-11-25T16:16:58","date_gmt":"2024-11-25T15:16:58","guid":{"rendered":"https:\/\/baralivres.ma\/?post_type=product&#038;p=22578"},"modified":"2025-04-24T17:43:04","modified_gmt":"2025-04-24T16:43:04","slug":"sam-le-pompier-mon-grand-livre-puzzle-2","status":"publish","type":"product","link":"https:\/\/baralivres.ma\/?product=sam-le-pompier-mon-grand-livre-puzzle-2","title":{"rendered":"Mon grand livre puzzle &#8211; Sam le pompier"},"content":{"rendered":"<p><em>Sam le pompier : mon grand livre puzzle<\/em> est un livre interactif pour les tout-petits, avec cinq histoires illustr\u00e9es des pompiers de Pontypandy. Chaque histoire comprend un puzzle de 12 pi\u00e8ces \u00e9paisses, adapt\u00e9es aux jeunes enfants. Les puzzles permettent de compl\u00e9ter des sc\u00e8nes de l\u2019histoire, alliant jeu et apprentissage.<\/p>\n","protected":false},"excerpt":{"rendered":"<p>C\u2019est un livre ludique et \u00e9ducatif, id\u00e9al pour les enfants qui aiment les activit\u00e9s manuelles tout en d\u00e9couvrant les m\u00e9tiers des pompiers et les principes de s\u00e9curit\u00e9.<\/p>\n","protected":false},"featured_media":22580,"comment_status":"open","ping_status":"closed","template":"","meta":{"inline_featured_image":false},"product_cat":[212],"product_tag":[],"class_list":{"0":"post-22578","1":"product","2":"type-product","3":"status-publish","4":"has-post-thumbnail","6":"product_cat-puzzle","8":"first","9":"instock","10":"shipping-taxable","11":"purchasable","12":"product-type-simple"},"_links":{"self":[{"href":"https:\/\/baralivres.ma\/index.php?rest_route=\/wp\/v2\/product\/22578","targetHints":{"allow":["GET"]}}],"collection":[{"href":"https:\/\/baralivres.ma\/index.php?rest_route=\/wp\/v2\/product"}],"about":[{"href":"https:\/\/baralivres.ma\/index.php?rest_route=\/wp\/v2\/types\/product"}],"replies":[{"embeddable":true,"href":"https:\/\/baralivres.ma\/index.php?rest_route=%2Fwp%2Fv2%2Fcomments&post=22578"}],"version-history":[{"count":2,"href":"https:\/\/baralivres.ma\/index.php?rest_route=\/wp\/v2\/product\/22578\/revisions"}],"predecessor-version":[{"id":23667,"href":"https:\/\/baralivres.ma\/index.php?rest_route=\/wp\/v2\/product\/22578\/revisions\/23667"}],"wp:featuredmedia":[{"embeddable":true,"href":"https:\/\/baralivres.ma\/index.php?rest_route=\/wp\/v2\/media\/22580"}],"wp:attachment":[{"href":"https:\/\/baralivres.ma\/index.php?rest_route=%2Fwp%2Fv2%2Fmedia&parent=22578"}],"wp:term":[{"taxonomy":"product_cat","embeddable":true,"href":"https:\/\/baralivres.ma\/index.php?rest_route=%2Fwp%2Fv2%2Fproduct_cat&post=22578"},{"taxonomy":"product_tag","embeddable":true,"href":"https:\/\/baralivres.ma\/index.php?rest_route=%2Fwp%2Fv2%2Fproduct_tag&post=22578"}],"curies":[{"name":"wp","href":"https:\/\/api.w.org\/{rel}","templated":true}]}}