{"id":22575,"date":"2024-11-25T16:12:12","date_gmt":"2024-11-25T15:12:12","guid":{"rendered":"https:\/\/baralivres.ma\/?post_type=product&#038;p=22575"},"modified":"2025-04-24T17:42:33","modified_gmt":"2025-04-24T16:42:33","slug":"sam-le-pompier-mon-joli-livre-puzzle","status":"publish","type":"product","link":"https:\/\/baralivres.ma\/?product=sam-le-pompier-mon-joli-livre-puzzle","title":{"rendered":"Mon joli livre puzzle &#8211; Sam le pompier"},"content":{"rendered":"<p>\u00ab\u00a0Sam le Pompier : Mon joli livre puzzle\u00a0\u00bb est un livre interactif pour les tout-petits, combinant cinq histoires in\u00e9dites de Sam le Pompier avec cinq puzzles de 12 pi\u00e8ces chacun. Les pi\u00e8ces \u00e9paisses sont adapt\u00e9es aux jeunes enfants, favorisant la motricit\u00e9 fine. Ce livre offre \u00e0 la fois une exp\u00e9rience ludique et \u00e9ducative, avec des aventures captivantes et des puzzles amusants \u00e0 assembler.<\/p>\n","protected":false},"excerpt":{"rendered":"<p>Ce livre est une excellente fa\u00e7on d&rsquo;encourager \u00e0 la fois la motricit\u00e9 fine et l\u2019imagination des enfants, tout en leur offrant un moment de divertissement et d&rsquo;apprentissage.<\/p>\n","protected":false},"featured_media":22576,"comment_status":"open","ping_status":"closed","template":"","meta":{"inline_featured_image":false},"product_cat":[212,200],"product_tag":[],"class_list":{"0":"post-22575","1":"product","2":"type-product","3":"status-publish","4":"has-post-thumbnail","6":"product_cat-puzzle","7":"product_cat-activites","9":"first","10":"instock","11":"shipping-taxable","12":"purchasable","13":"product-type-simple"},"_links":{"self":[{"href":"https:\/\/baralivres.ma\/index.php?rest_route=\/wp\/v2\/product\/22575","targetHints":{"allow":["GET"]}}],"collection":[{"href":"https:\/\/baralivres.ma\/index.php?rest_route=\/wp\/v2\/product"}],"about":[{"href":"https:\/\/baralivres.ma\/index.php?rest_route=\/wp\/v2\/types\/product"}],"replies":[{"embeddable":true,"href":"https:\/\/baralivres.ma\/index.php?rest_route=%2Fwp%2Fv2%2Fcomments&post=22575"}],"version-history":[{"count":2,"href":"https:\/\/baralivres.ma\/index.php?rest_route=\/wp\/v2\/product\/22575\/revisions"}],"predecessor-version":[{"id":23666,"href":"https:\/\/baralivres.ma\/index.php?rest_route=\/wp\/v2\/product\/22575\/revisions\/23666"}],"wp:featuredmedia":[{"embeddable":true,"href":"https:\/\/baralivres.ma\/index.php?rest_route=\/wp\/v2\/media\/22576"}],"wp:attachment":[{"href":"https:\/\/baralivres.ma\/index.php?rest_route=%2Fwp%2Fv2%2Fmedia&parent=22575"}],"wp:term":[{"taxonomy":"product_cat","embeddable":true,"href":"https:\/\/baralivres.ma\/index.php?rest_route=%2Fwp%2Fv2%2Fproduct_cat&post=22575"},{"taxonomy":"product_tag","embeddable":true,"href":"https:\/\/baralivres.ma\/index.php?rest_route=%2Fwp%2Fv2%2Fproduct_tag&post=22575"}],"curies":[{"name":"wp","href":"https:\/\/api.w.org\/{rel}","templated":true}]}}