{"id":22563,"date":"2024-11-25T15:59:12","date_gmt":"2024-11-25T14:59:12","guid":{"rendered":"https:\/\/baralivres.ma\/?post_type=product&#038;p=22563"},"modified":"2024-11-25T15:59:13","modified_gmt":"2024-11-25T14:59:13","slug":"le-roi-lion-le-livre-de-la-jungle","status":"publish","type":"product","link":"https:\/\/baralivres.ma\/?product=le-roi-lion-le-livre-de-la-jungle","title":{"rendered":"Le Roi Lion &#8211; le livre de la jungle"},"content":{"rendered":"<p><strong>Coffret Collector &#8211; Le Roi Lion &amp; Le Livre de la Jungle<\/strong><\/p>\n<ul>\n<li>Deux livres reli\u00e9s de 96 pages chacun.<\/li>\n<li>Histoires compl\u00e8tes avec illustrations pleine page.<\/li>\n<li>Textes simples adapt\u00e9s d\u00e8s 4 ans.<\/li>\n<li>Pr\u00e9sent\u00e9s dans un coffret \u00e9l\u00e9gant et d\u00e9coratif.<\/li>\n<\/ul>\n<p>Un tr\u00e9sor pour revivre la magie des films Disney !<\/p>\n","protected":false},"excerpt":{"rendered":"<p>Ce coffret somptueux rassemble les albums des c\u00e9l\u00e8bres films <strong>Le Roi Lion<\/strong> et <strong>Le Livre de la Jungle<\/strong> dans un format unique et \u00e9l\u00e9gant.<\/p>\n","protected":false},"featured_media":22564,"comment_status":"open","ping_status":"closed","template":"","meta":{"inline_featured_image":false},"product_cat":[3875,3877,201,199],"product_tag":[],"class_list":{"0":"post-22563","1":"product","2":"type-product","3":"status-publish","4":"has-post-thumbnail","6":"product_cat-coffret-francais","7":"product_cat-les-histoires-francais","8":"product_cat-coffret","9":"product_cat-histoires","11":"first","12":"instock","13":"shipping-taxable","14":"purchasable","15":"product-type-simple"},"_links":{"self":[{"href":"https:\/\/baralivres.ma\/index.php?rest_route=\/wp\/v2\/product\/22563","targetHints":{"allow":["GET"]}}],"collection":[{"href":"https:\/\/baralivres.ma\/index.php?rest_route=\/wp\/v2\/product"}],"about":[{"href":"https:\/\/baralivres.ma\/index.php?rest_route=\/wp\/v2\/types\/product"}],"replies":[{"embeddable":true,"href":"https:\/\/baralivres.ma\/index.php?rest_route=%2Fwp%2Fv2%2Fcomments&post=22563"}],"version-history":[{"count":1,"href":"https:\/\/baralivres.ma\/index.php?rest_route=\/wp\/v2\/product\/22563\/revisions"}],"predecessor-version":[{"id":22566,"href":"https:\/\/baralivres.ma\/index.php?rest_route=\/wp\/v2\/product\/22563\/revisions\/22566"}],"wp:featuredmedia":[{"embeddable":true,"href":"https:\/\/baralivres.ma\/index.php?rest_route=\/wp\/v2\/media\/22564"}],"wp:attachment":[{"href":"https:\/\/baralivres.ma\/index.php?rest_route=%2Fwp%2Fv2%2Fmedia&parent=22563"}],"wp:term":[{"taxonomy":"product_cat","embeddable":true,"href":"https:\/\/baralivres.ma\/index.php?rest_route=%2Fwp%2Fv2%2Fproduct_cat&post=22563"},{"taxonomy":"product_tag","embeddable":true,"href":"https:\/\/baralivres.ma\/index.php?rest_route=%2Fwp%2Fv2%2Fproduct_tag&post=22563"}],"curies":[{"name":"wp","href":"https:\/\/api.w.org\/{rel}","templated":true}]}}