{"id":22558,"date":"2024-11-25T15:52:05","date_gmt":"2024-11-25T14:52:05","guid":{"rendered":"https:\/\/baralivres.ma\/?post_type=product&#038;p=22558"},"modified":"2024-11-25T15:52:05","modified_gmt":"2024-11-25T14:52:05","slug":"mini-loup-jeu-cherche-et-trouve","status":"publish","type":"product","link":"https:\/\/baralivres.ma\/?product=mini-loup-jeu-cherche-et-trouve","title":{"rendered":"Mini-loup jeu cherche et trouve"},"content":{"rendered":"<p><strong>Mini-Loup : Jeu Cherche et Trouve<\/strong> est un livre-jeu interactif o\u00f9 les enfants cherchent 240 \u00e9l\u00e9ments cach\u00e9s dans des sc\u00e8nes color\u00e9es et d\u00e9taill\u00e9es. Avec Mini-Loup et ses amis, ce jeu stimule l&rsquo;observation, la concentration et offre des heures d&rsquo;amusement \u00e9ducatif.<\/p>\n","protected":false},"excerpt":{"rendered":"<p><strong>ini-Loup : Jeu Cherche et Trouve<\/strong> est un livre interactif o\u00f9 Mini-Loup et ses amis se cachent dans des sc\u00e8nes d\u00e9taill\u00e9es. Avec 240 \u00e9l\u00e9ments \u00e0 trouver, il stimule l&rsquo;observation, la concentration et offre un divertissement ludique et \u00e9ducatif pour les enfants.<\/p>\n","protected":false},"featured_media":22559,"comment_status":"open","ping_status":"closed","template":"","meta":{"inline_featured_image":false},"product_cat":[3875,201,200],"product_tag":[],"class_list":{"0":"post-22558","1":"product","2":"type-product","3":"status-publish","4":"has-post-thumbnail","6":"product_cat-coffret-francais","7":"product_cat-coffret","8":"product_cat-activites","10":"first","11":"instock","12":"shipping-taxable","13":"purchasable","14":"product-type-simple"},"_links":{"self":[{"href":"https:\/\/baralivres.ma\/index.php?rest_route=\/wp\/v2\/product\/22558","targetHints":{"allow":["GET"]}}],"collection":[{"href":"https:\/\/baralivres.ma\/index.php?rest_route=\/wp\/v2\/product"}],"about":[{"href":"https:\/\/baralivres.ma\/index.php?rest_route=\/wp\/v2\/types\/product"}],"replies":[{"embeddable":true,"href":"https:\/\/baralivres.ma\/index.php?rest_route=%2Fwp%2Fv2%2Fcomments&post=22558"}],"version-history":[{"count":1,"href":"https:\/\/baralivres.ma\/index.php?rest_route=\/wp\/v2\/product\/22558\/revisions"}],"predecessor-version":[{"id":22562,"href":"https:\/\/baralivres.ma\/index.php?rest_route=\/wp\/v2\/product\/22558\/revisions\/22562"}],"wp:featuredmedia":[{"embeddable":true,"href":"https:\/\/baralivres.ma\/index.php?rest_route=\/wp\/v2\/media\/22559"}],"wp:attachment":[{"href":"https:\/\/baralivres.ma\/index.php?rest_route=%2Fwp%2Fv2%2Fmedia&parent=22558"}],"wp:term":[{"taxonomy":"product_cat","embeddable":true,"href":"https:\/\/baralivres.ma\/index.php?rest_route=%2Fwp%2Fv2%2Fproduct_cat&post=22558"},{"taxonomy":"product_tag","embeddable":true,"href":"https:\/\/baralivres.ma\/index.php?rest_route=%2Fwp%2Fv2%2Fproduct_tag&post=22558"}],"curies":[{"name":"wp","href":"https:\/\/api.w.org\/{rel}","templated":true}]}}