{"id":22553,"date":"2024-11-25T15:43:28","date_gmt":"2024-11-25T14:43:28","guid":{"rendered":"https:\/\/baralivres.ma\/?post_type=product&#038;p=22553"},"modified":"2025-04-24T17:03:53","modified_gmt":"2025-04-24T16:03:53","slug":"mes-premiers-imagiers-disney-baby-les-animaux-du-monde","status":"publish","type":"product","link":"https:\/\/baralivres.ma\/?product=mes-premiers-imagiers-disney-baby-les-animaux-du-monde","title":{"rendered":"Mes premiers imagiers : Les animaux du monde"},"content":{"rendered":"<p><strong>Mes premiers imagiers : Disney Baby : les animaux du monde<\/strong> est un livre tout-carton pour les tout-petits d\u00e8s 12 mois. Ce premier documentaire associe apprentissage et plaisir avec un atlas des animaux organis\u00e9 par continent, accompagn\u00e9 des personnages Disney. Il pr\u00e9sente plus de <strong>140 animaux<\/strong> \u00e0 d\u00e9couvrir, comme le panda roux, le jaguar ou la baleine.<\/p>\n","protected":false},"excerpt":{"rendered":"<p><strong>Disney Baby : Les animaux du monde<\/strong> est un imagier tout-carton pour d\u00e9couvrir plus de 140 animaux par continent. Adapt\u00e9 aux petites mains, il invite les tout-petits \u00e0 explorer la faune avec leurs personnages Disney favoris.<\/p>\n","protected":false},"featured_media":22554,"comment_status":"open","ping_status":"closed","template":"","meta":{"inline_featured_image":false},"product_cat":[3950,198],"product_tag":[],"class_list":{"0":"post-22553","1":"product","2":"type-product","3":"status-publish","4":"has-post-thumbnail","6":"product_cat-les-livres-cartonnes-francais","7":"product_cat-livres-animes","9":"first","10":"instock","11":"shipping-taxable","12":"purchasable","13":"product-type-simple"},"_links":{"self":[{"href":"https:\/\/baralivres.ma\/index.php?rest_route=\/wp\/v2\/product\/22553","targetHints":{"allow":["GET"]}}],"collection":[{"href":"https:\/\/baralivres.ma\/index.php?rest_route=\/wp\/v2\/product"}],"about":[{"href":"https:\/\/baralivres.ma\/index.php?rest_route=\/wp\/v2\/types\/product"}],"replies":[{"embeddable":true,"href":"https:\/\/baralivres.ma\/index.php?rest_route=%2Fwp%2Fv2%2Fcomments&post=22553"}],"version-history":[{"count":2,"href":"https:\/\/baralivres.ma\/index.php?rest_route=\/wp\/v2\/product\/22553\/revisions"}],"predecessor-version":[{"id":23653,"href":"https:\/\/baralivres.ma\/index.php?rest_route=\/wp\/v2\/product\/22553\/revisions\/23653"}],"wp:featuredmedia":[{"embeddable":true,"href":"https:\/\/baralivres.ma\/index.php?rest_route=\/wp\/v2\/media\/22554"}],"wp:attachment":[{"href":"https:\/\/baralivres.ma\/index.php?rest_route=%2Fwp%2Fv2%2Fmedia&parent=22553"}],"wp:term":[{"taxonomy":"product_cat","embeddable":true,"href":"https:\/\/baralivres.ma\/index.php?rest_route=%2Fwp%2Fv2%2Fproduct_cat&post=22553"},{"taxonomy":"product_tag","embeddable":true,"href":"https:\/\/baralivres.ma\/index.php?rest_route=%2Fwp%2Fv2%2Fproduct_tag&post=22553"}],"curies":[{"name":"wp","href":"https:\/\/api.w.org\/{rel}","templated":true}]}}