{"id":22526,"date":"2024-11-23T10:27:35","date_gmt":"2024-11-23T09:27:35","guid":{"rendered":"https:\/\/baralivres.ma\/?post_type=product&#038;p=22526"},"modified":"2024-11-23T10:27:35","modified_gmt":"2024-11-23T09:27:35","slug":"histoire-sonore-le-petit-chaperon-rouge","status":"publish","type":"product","link":"https:\/\/baralivres.ma\/?product=histoire-sonore-le-petit-chaperon-rouge","title":{"rendered":"Histoire Sonore &#8211; Le Petit Chaperon Rouge"},"content":{"rendered":"<p>\u00ab\u00a0Le Petit Chaperon Rouge\u00a0\u00bb est l&rsquo;histoire d&rsquo;une petite fille qui, portant une cape rouge, se rend chez sa grand-m\u00e8re malade. Sa m\u00e8re lui donne des instructions strictes pour rester sur le chemin, mais elle rencontre le loup, qui la trompe et prend un raccourci pour arriver avant elle chez la grand-m\u00e8re. Le loup d\u00e9vore la grand-m\u00e8re et prend sa place dans le lit, d\u00e9guis\u00e9 en elle. Le Petit Chaperon Rouge, ne reconnaissant pas sa grand-m\u00e8re, finit par \u00eatre sauv\u00e9e par un chasseur qui tue le loup et sauve la grand-m\u00e8re.<\/p>\n<p>Ce conte classique met en lumi\u00e8re les th\u00e8mes de l\u2019innocence, de la ruse et du danger, tout en offrant une le\u00e7on sur l\u2019importance d\u2019\u00e9couter les conseils des adultes.<\/p>\n","protected":false},"excerpt":{"rendered":"<p>Le <strong>Petit Chaperon Rouge<\/strong> est l\u2019histoire d\u2019une petite fille qui, en allant chez sa grand-m\u00e8re, rencontre un loup. Celui-ci d\u00e9vore la grand-m\u00e8re et se fait passer pour elle. Heureusement, un chasseur intervient et sauve la grand-m\u00e8re et le Petit Chaperon Rouge.<\/p>\n","protected":false},"featured_media":22527,"comment_status":"open","ping_status":"closed","template":"","meta":{"inline_featured_image":false},"product_cat":[3944,197],"product_tag":[],"class_list":{"0":"post-22526","1":"product","2":"type-product","3":"status-publish","4":"has-post-thumbnail","6":"product_cat-les-livres-sonore-francais","7":"product_cat-livre-sonore","9":"first","10":"instock","11":"shipping-taxable","12":"purchasable","13":"product-type-simple"},"_links":{"self":[{"href":"https:\/\/baralivres.ma\/index.php?rest_route=\/wp\/v2\/product\/22526","targetHints":{"allow":["GET"]}}],"collection":[{"href":"https:\/\/baralivres.ma\/index.php?rest_route=\/wp\/v2\/product"}],"about":[{"href":"https:\/\/baralivres.ma\/index.php?rest_route=\/wp\/v2\/types\/product"}],"replies":[{"embeddable":true,"href":"https:\/\/baralivres.ma\/index.php?rest_route=%2Fwp%2Fv2%2Fcomments&post=22526"}],"version-history":[{"count":1,"href":"https:\/\/baralivres.ma\/index.php?rest_route=\/wp\/v2\/product\/22526\/revisions"}],"predecessor-version":[{"id":22530,"href":"https:\/\/baralivres.ma\/index.php?rest_route=\/wp\/v2\/product\/22526\/revisions\/22530"}],"wp:featuredmedia":[{"embeddable":true,"href":"https:\/\/baralivres.ma\/index.php?rest_route=\/wp\/v2\/media\/22527"}],"wp:attachment":[{"href":"https:\/\/baralivres.ma\/index.php?rest_route=%2Fwp%2Fv2%2Fmedia&parent=22526"}],"wp:term":[{"taxonomy":"product_cat","embeddable":true,"href":"https:\/\/baralivres.ma\/index.php?rest_route=%2Fwp%2Fv2%2Fproduct_cat&post=22526"},{"taxonomy":"product_tag","embeddable":true,"href":"https:\/\/baralivres.ma\/index.php?rest_route=%2Fwp%2Fv2%2Fproduct_tag&post=22526"}],"curies":[{"name":"wp","href":"https:\/\/api.w.org\/{rel}","templated":true}]}}