{"id":22520,"date":"2024-11-23T10:21:19","date_gmt":"2024-11-23T09:21:19","guid":{"rendered":"https:\/\/baralivres.ma\/?post_type=product&#038;p=22520"},"modified":"2024-11-23T10:21:19","modified_gmt":"2024-11-23T09:21:19","slug":"mon-histoire-sonore-boucle-dor","status":"publish","type":"product","link":"https:\/\/baralivres.ma\/?product=mon-histoire-sonore-boucle-dor","title":{"rendered":"Mon Histoire Sonore &#8211; Boucle d&rsquo;Or"},"content":{"rendered":"<p><em>Boucle d&rsquo;Or<\/em> est un conte classique racont\u00e9 aux tout-petits \u00e0 travers un livre sonore interactif. L\u2019histoire de la petite fille qui entre dans la maison des trois ours est pr\u00e9sent\u00e9e avec des mots simples et des illustrations charmantes. Les enfants peuvent interagir avec le livre gr\u00e2ce \u00e0 six boutons sonores, chacun activant un \u00e9l\u00e9ment de l\u2019histoire. De plus, un QR code permet d&rsquo;\u00e9couter la version audio compl\u00e8te de l\u2019histoire. Ce livre stimule l\u2019imagination des enfants et leur offre une exp\u00e9rience d&rsquo;\u00e9coute enrichissante.<\/p>\n","protected":false},"excerpt":{"rendered":"<p><em>Boucle d&rsquo;Or<\/em> est un livre sonore pour tout-petits racontant l&rsquo;histoire de la petite fille et des trois ours. Les enfants peuvent \u00e9couter des sons en appuyant sur six boutons et \u00e9couter l&rsquo;histoire compl\u00e8te via un QR code.<\/p>\n","protected":false},"featured_media":22522,"comment_status":"open","ping_status":"closed","template":"","meta":{"inline_featured_image":false},"product_cat":[3944,197],"product_tag":[],"class_list":{"0":"post-22520","1":"product","2":"type-product","3":"status-publish","4":"has-post-thumbnail","6":"product_cat-les-livres-sonore-francais","7":"product_cat-livre-sonore","9":"first","10":"instock","11":"shipping-taxable","12":"purchasable","13":"product-type-simple"},"_links":{"self":[{"href":"https:\/\/baralivres.ma\/index.php?rest_route=\/wp\/v2\/product\/22520","targetHints":{"allow":["GET"]}}],"collection":[{"href":"https:\/\/baralivres.ma\/index.php?rest_route=\/wp\/v2\/product"}],"about":[{"href":"https:\/\/baralivres.ma\/index.php?rest_route=\/wp\/v2\/types\/product"}],"replies":[{"embeddable":true,"href":"https:\/\/baralivres.ma\/index.php?rest_route=%2Fwp%2Fv2%2Fcomments&post=22520"}],"version-history":[{"count":2,"href":"https:\/\/baralivres.ma\/index.php?rest_route=\/wp\/v2\/product\/22520\/revisions"}],"predecessor-version":[{"id":22525,"href":"https:\/\/baralivres.ma\/index.php?rest_route=\/wp\/v2\/product\/22520\/revisions\/22525"}],"wp:featuredmedia":[{"embeddable":true,"href":"https:\/\/baralivres.ma\/index.php?rest_route=\/wp\/v2\/media\/22522"}],"wp:attachment":[{"href":"https:\/\/baralivres.ma\/index.php?rest_route=%2Fwp%2Fv2%2Fmedia&parent=22520"}],"wp:term":[{"taxonomy":"product_cat","embeddable":true,"href":"https:\/\/baralivres.ma\/index.php?rest_route=%2Fwp%2Fv2%2Fproduct_cat&post=22520"},{"taxonomy":"product_tag","embeddable":true,"href":"https:\/\/baralivres.ma\/index.php?rest_route=%2Fwp%2Fv2%2Fproduct_tag&post=22520"}],"curies":[{"name":"wp","href":"https:\/\/api.w.org\/{rel}","templated":true}]}}