{"id":22513,"date":"2024-11-23T10:11:16","date_gmt":"2024-11-23T09:11:16","guid":{"rendered":"https:\/\/baralivres.ma\/?post_type=product&#038;p=22513"},"modified":"2024-11-23T10:11:37","modified_gmt":"2024-11-23T09:11:37","slug":"22513","status":"publish","type":"product","link":"https:\/\/baralivres.ma\/?product=22513","title":{"rendered":"\u00c9coute, d\u00e9couvre et observe : La ferme"},"content":{"rendered":"<p><em>\u00c9coute, d\u00e9couvre et observe : La ferme<\/em> est un livre sonore pour les tout-petits qui les aide \u00e0 associer des sons et des images. Chaque page pr\u00e9sente une illustration color\u00e9e de la ferme avec des animaux et des objets \u00e0 d\u00e9couvrir. Les enfants peuvent \u00e9couter les bruits de la ferme en appuyant sur des boutons sonores. Le livre propose \u00e9galement des jeux d&rsquo;observation pour encourager les enfants \u00e0 rep\u00e9rer des d\u00e9tails amusants dans les images.<\/p>\n","protected":false},"excerpt":{"rendered":"<p><em>\u00c9coute, d\u00e9couvre et observe : La ferme<\/em> est un livre sonore pour les tout-petits, qui associe sons et images de la ferme. Les enfants d\u00e9couvrent des bruits d&rsquo;animaux en appuyant sur des boutons sonores et participent \u00e0 des jeux d&rsquo;observation pour rep\u00e9rer des d\u00e9tails dans les illustrations.<\/p>\n","protected":false},"featured_media":22515,"comment_status":"open","ping_status":"closed","template":"","meta":{"inline_featured_image":false},"product_cat":[3944,197],"product_tag":[],"class_list":{"0":"post-22513","1":"product","2":"type-product","3":"status-publish","4":"has-post-thumbnail","6":"product_cat-les-livres-sonore-francais","7":"product_cat-livre-sonore","9":"first","10":"instock","11":"shipping-taxable","12":"purchasable","13":"product-type-simple"},"_links":{"self":[{"href":"https:\/\/baralivres.ma\/index.php?rest_route=\/wp\/v2\/product\/22513","targetHints":{"allow":["GET"]}}],"collection":[{"href":"https:\/\/baralivres.ma\/index.php?rest_route=\/wp\/v2\/product"}],"about":[{"href":"https:\/\/baralivres.ma\/index.php?rest_route=\/wp\/v2\/types\/product"}],"replies":[{"embeddable":true,"href":"https:\/\/baralivres.ma\/index.php?rest_route=%2Fwp%2Fv2%2Fcomments&post=22513"}],"version-history":[{"count":2,"href":"https:\/\/baralivres.ma\/index.php?rest_route=\/wp\/v2\/product\/22513\/revisions"}],"predecessor-version":[{"id":22518,"href":"https:\/\/baralivres.ma\/index.php?rest_route=\/wp\/v2\/product\/22513\/revisions\/22518"}],"wp:featuredmedia":[{"embeddable":true,"href":"https:\/\/baralivres.ma\/index.php?rest_route=\/wp\/v2\/media\/22515"}],"wp:attachment":[{"href":"https:\/\/baralivres.ma\/index.php?rest_route=%2Fwp%2Fv2%2Fmedia&parent=22513"}],"wp:term":[{"taxonomy":"product_cat","embeddable":true,"href":"https:\/\/baralivres.ma\/index.php?rest_route=%2Fwp%2Fv2%2Fproduct_cat&post=22513"},{"taxonomy":"product_tag","embeddable":true,"href":"https:\/\/baralivres.ma\/index.php?rest_route=%2Fwp%2Fv2%2Fproduct_tag&post=22513"}],"curies":[{"name":"wp","href":"https:\/\/api.w.org\/{rel}","templated":true}]}}