{"id":22508,"date":"2024-11-23T10:05:02","date_gmt":"2024-11-23T09:05:02","guid":{"rendered":"https:\/\/baralivres.ma\/?post_type=product&#038;p=22508"},"modified":"2024-11-23T10:05:51","modified_gmt":"2024-11-23T09:05:51","slug":"ecrire-compter-la-maternelle","status":"publish","type":"product","link":"https:\/\/baralivres.ma\/?product=ecrire-compter-la-maternelle","title":{"rendered":"\u00c9crire compter : la maternelle"},"content":{"rendered":"<p><strong>\u00c9crire compter : la maternelle<\/strong> est un livre grand format avec des pages cartonn\u00e9es et plastifi\u00e9es, con\u00e7u pour aider les jeunes enfants \u00e0 apprendre \u00e0 tracer les lettres, les chiffres et les formes. Les mod\u00e8les en pointill\u00e9, adapt\u00e9s aux enfants de maternelle, sont reproduits sur un lignage sp\u00e9cifique. Gr\u00e2ce \u00e0 un feutre effa\u00e7able, les enfants peuvent recommencer \u00e0 volont\u00e9, favorisant l\u2019apprentissage autonome et r\u00e9p\u00e9titif de mani\u00e8re ludique et durable.<\/p>\n","protected":false},"excerpt":{"rendered":"<p><strong>\u00c9crire compter : la maternelle<\/strong> est un livre avec des pages plastifi\u00e9es et un feutre effa\u00e7able, permettant aux enfants de tracer lettres, chiffres et formes. Les mod\u00e8les en pointill\u00e9 et le lignage adapt\u00e9 facilitent l&rsquo;apprentissage autonome et ludique.<\/p>\n","protected":false},"featured_media":22509,"comment_status":"open","ping_status":"closed","template":"","meta":{"inline_featured_image":false},"product_cat":[3950,198,200],"product_tag":[],"class_list":{"0":"post-22508","1":"product","2":"type-product","3":"status-publish","4":"has-post-thumbnail","6":"product_cat-les-livres-cartonnes-francais","7":"product_cat-livres-animes","8":"product_cat-activites","10":"first","11":"instock","12":"shipping-taxable","13":"purchasable","14":"product-type-simple"},"_links":{"self":[{"href":"https:\/\/baralivres.ma\/index.php?rest_route=\/wp\/v2\/product\/22508","targetHints":{"allow":["GET"]}}],"collection":[{"href":"https:\/\/baralivres.ma\/index.php?rest_route=\/wp\/v2\/product"}],"about":[{"href":"https:\/\/baralivres.ma\/index.php?rest_route=\/wp\/v2\/types\/product"}],"replies":[{"embeddable":true,"href":"https:\/\/baralivres.ma\/index.php?rest_route=%2Fwp%2Fv2%2Fcomments&post=22508"}],"version-history":[{"count":1,"href":"https:\/\/baralivres.ma\/index.php?rest_route=\/wp\/v2\/product\/22508\/revisions"}],"predecessor-version":[{"id":22512,"href":"https:\/\/baralivres.ma\/index.php?rest_route=\/wp\/v2\/product\/22508\/revisions\/22512"}],"wp:featuredmedia":[{"embeddable":true,"href":"https:\/\/baralivres.ma\/index.php?rest_route=\/wp\/v2\/media\/22509"}],"wp:attachment":[{"href":"https:\/\/baralivres.ma\/index.php?rest_route=%2Fwp%2Fv2%2Fmedia&parent=22508"}],"wp:term":[{"taxonomy":"product_cat","embeddable":true,"href":"https:\/\/baralivres.ma\/index.php?rest_route=%2Fwp%2Fv2%2Fproduct_cat&post=22508"},{"taxonomy":"product_tag","embeddable":true,"href":"https:\/\/baralivres.ma\/index.php?rest_route=%2Fwp%2Fv2%2Fproduct_tag&post=22508"}],"curies":[{"name":"wp","href":"https:\/\/api.w.org\/{rel}","templated":true}]}}