{"id":22503,"date":"2024-11-23T09:56:20","date_gmt":"2024-11-23T08:56:20","guid":{"rendered":"https:\/\/baralivres.ma\/?post_type=product&#038;p=22503"},"modified":"2024-11-23T09:56:20","modified_gmt":"2024-11-23T08:56:20","slug":"fini-les-couches","status":"publish","type":"product","link":"https:\/\/baralivres.ma\/?product=fini-les-couches","title":{"rendered":"Fini les couches !"},"content":{"rendered":"<p><strong>Fini les couches !<\/strong> est un livre de la collection <em>\u00ab\u00a0Je grandis\u00a0\u00bb<\/em>, con\u00e7u pour aider les tout-petits \u00e0 passer \u00e0 l&rsquo;\u00e9tape de la propret\u00e9. \u00c0 travers des conseils d&rsquo;experts et des illustrations engageantes, il guide l&rsquo;enfant dans l&rsquo;apprentissage de l&rsquo;abandon des couches. Le livre, en carton solide, inclut des volets \u00e0 soulever et une roue \u00e0 tourner pour encourager la d\u00e9couverte et d\u00e9velopper la motricit\u00e9 fine. Il fait partie d&rsquo;une s\u00e9rie qui aborde diverses \u00e9tapes de d\u00e9veloppement, comme se laver les mains ou l&rsquo;arriv\u00e9e d&rsquo;un petit fr\u00e8re, visant \u00e0 renforcer la confiance en soi des enfants.<\/p>\n","protected":false},"excerpt":{"rendered":"<p><strong>Fini les couches !<\/strong> est un livre de la collection <em>\u00ab\u00a0Je grandis\u00a0\u00bb<\/em>, con\u00e7u pour aider les tout-petits \u00e0 dire adieu aux couches. Avec des conseils d&rsquo;experts et des \u00e9l\u00e9ments interactifs, il favorise l&rsquo;apprentissage et la motricit\u00e9 fine, tout en renfor\u00e7ant la confiance en soi de l&rsquo;enfant.<\/p>\n","protected":false},"featured_media":22504,"comment_status":"open","ping_status":"closed","template":"","meta":{"inline_featured_image":false},"product_cat":[3950,198],"product_tag":[],"class_list":{"0":"post-22503","1":"product","2":"type-product","3":"status-publish","4":"has-post-thumbnail","6":"product_cat-les-livres-cartonnes-francais","7":"product_cat-livres-animes","9":"first","10":"instock","11":"shipping-taxable","12":"purchasable","13":"product-type-simple"},"_links":{"self":[{"href":"https:\/\/baralivres.ma\/index.php?rest_route=\/wp\/v2\/product\/22503","targetHints":{"allow":["GET"]}}],"collection":[{"href":"https:\/\/baralivres.ma\/index.php?rest_route=\/wp\/v2\/product"}],"about":[{"href":"https:\/\/baralivres.ma\/index.php?rest_route=\/wp\/v2\/types\/product"}],"replies":[{"embeddable":true,"href":"https:\/\/baralivres.ma\/index.php?rest_route=%2Fwp%2Fv2%2Fcomments&post=22503"}],"version-history":[{"count":1,"href":"https:\/\/baralivres.ma\/index.php?rest_route=\/wp\/v2\/product\/22503\/revisions"}],"predecessor-version":[{"id":22507,"href":"https:\/\/baralivres.ma\/index.php?rest_route=\/wp\/v2\/product\/22503\/revisions\/22507"}],"wp:featuredmedia":[{"embeddable":true,"href":"https:\/\/baralivres.ma\/index.php?rest_route=\/wp\/v2\/media\/22504"}],"wp:attachment":[{"href":"https:\/\/baralivres.ma\/index.php?rest_route=%2Fwp%2Fv2%2Fmedia&parent=22503"}],"wp:term":[{"taxonomy":"product_cat","embeddable":true,"href":"https:\/\/baralivres.ma\/index.php?rest_route=%2Fwp%2Fv2%2Fproduct_cat&post=22503"},{"taxonomy":"product_tag","embeddable":true,"href":"https:\/\/baralivres.ma\/index.php?rest_route=%2Fwp%2Fv2%2Fproduct_tag&post=22503"}],"curies":[{"name":"wp","href":"https:\/\/api.w.org\/{rel}","templated":true}]}}