{"id":22498,"date":"2024-11-23T09:51:49","date_gmt":"2024-11-23T08:51:49","guid":{"rendered":"https:\/\/baralivres.ma\/?post_type=product&#038;p=22498"},"modified":"2024-11-23T09:51:49","modified_gmt":"2024-11-23T08:51:49","slug":"jai-pas-envie-de-dormir","status":"publish","type":"product","link":"https:\/\/baralivres.ma\/?product=jai-pas-envie-de-dormir","title":{"rendered":"J&rsquo;ai pas envie de dormir !"},"content":{"rendered":"<p><strong>\u00ab\u00a0J&rsquo;ai pas envie de dormir !\u00a0\u00bb<\/strong> est un livre pour les tout-petits de la collection <em>\u00ab\u00a0Je grandis\u00a0\u00bb<\/em>, qui aide les enfants \u00e0 surmonter leurs appr\u00e9hensions au moment du coucher. \u00c0 travers des conseils adapt\u00e9s aux jeunes enfants, il les guide pour apprendre \u00e0 s&rsquo;endormir dans leur propre lit. Le livre interactif, avec des volets \u00e0 soulever et une roue \u00e0 tourner, favorise la d\u00e9couverte et le d\u00e9veloppement de la motricit\u00e9 fine. Ce livre vise \u00e0 renforcer la confiance en soi des enfants et \u00e0 les encourager \u00e0 grandir avec fiert\u00e9.<\/p>\n","protected":false},"excerpt":{"rendered":"<div class=\"flex max-w-full flex-col flex-grow\">\n<div class=\"min-h-8 text-message flex w-full flex-col items-end gap-2 whitespace-normal break-words [.text-message+&amp;]:mt-5\" dir=\"auto\" data-message-author-role=\"assistant\" data-message-id=\"81ded944-24fd-496a-91dc-2f9280a5b59f\" data-message-model-slug=\"gpt-4o-mini\">\n<div class=\"flex w-full flex-col gap-1 empty:hidden first:pt-[3px]\">\n<div class=\"markdown prose w-full break-words dark:prose-invert light\">\n<p><strong>\u00ab\u00a0J&rsquo;ai pas envie de dormir !\u00a0\u00bb<\/strong> est un livre interactif pour aider les tout-petits \u00e0 surmonter leurs peurs du coucher. Avec des conseils d\u2019un professionnel, des volets \u00e0 soulever et une roue \u00e0 tourner, il favorise la d\u00e9couverte et d\u00e9veloppe la motricit\u00e9 fine. Il encourage la confiance en soi et l\u2019autonomie.<\/p>\n<\/div>\n<\/div>\n<\/div>\n<\/div>\n<div class=\"mb-2 flex gap-3 empty:hidden -ml-2\">\n<div class=\"items-center justify-start rounded-xl p-1 flex\">\n<div class=\"flex items-center\">\n<div class=\"flex items-center pb-0\"><\/div>\n<\/div>\n<\/div>\n<\/div>\n","protected":false},"featured_media":22501,"comment_status":"open","ping_status":"closed","template":"","meta":{"inline_featured_image":false},"product_cat":[3950,198],"product_tag":[],"class_list":{"0":"post-22498","1":"product","2":"type-product","3":"status-publish","4":"has-post-thumbnail","6":"product_cat-les-livres-cartonnes-francais","7":"product_cat-livres-animes","9":"first","10":"instock","11":"shipping-taxable","12":"purchasable","13":"product-type-simple"},"_links":{"self":[{"href":"https:\/\/baralivres.ma\/index.php?rest_route=\/wp\/v2\/product\/22498","targetHints":{"allow":["GET"]}}],"collection":[{"href":"https:\/\/baralivres.ma\/index.php?rest_route=\/wp\/v2\/product"}],"about":[{"href":"https:\/\/baralivres.ma\/index.php?rest_route=\/wp\/v2\/types\/product"}],"replies":[{"embeddable":true,"href":"https:\/\/baralivres.ma\/index.php?rest_route=%2Fwp%2Fv2%2Fcomments&post=22498"}],"version-history":[{"count":1,"href":"https:\/\/baralivres.ma\/index.php?rest_route=\/wp\/v2\/product\/22498\/revisions"}],"predecessor-version":[{"id":22502,"href":"https:\/\/baralivres.ma\/index.php?rest_route=\/wp\/v2\/product\/22498\/revisions\/22502"}],"wp:featuredmedia":[{"embeddable":true,"href":"https:\/\/baralivres.ma\/index.php?rest_route=\/wp\/v2\/media\/22501"}],"wp:attachment":[{"href":"https:\/\/baralivres.ma\/index.php?rest_route=%2Fwp%2Fv2%2Fmedia&parent=22498"}],"wp:term":[{"taxonomy":"product_cat","embeddable":true,"href":"https:\/\/baralivres.ma\/index.php?rest_route=%2Fwp%2Fv2%2Fproduct_cat&post=22498"},{"taxonomy":"product_tag","embeddable":true,"href":"https:\/\/baralivres.ma\/index.php?rest_route=%2Fwp%2Fv2%2Fproduct_tag&post=22498"}],"curies":[{"name":"wp","href":"https:\/\/api.w.org\/{rel}","templated":true}]}}