{"id":22494,"date":"2024-11-23T09:44:46","date_gmt":"2024-11-23T08:44:46","guid":{"rendered":"https:\/\/baralivres.ma\/?post_type=product&#038;p=22494"},"modified":"2024-11-23T09:44:46","modified_gmt":"2024-11-23T08:44:46","slug":"je-grandis-jarrete-la-tetine","status":"publish","type":"product","link":"https:\/\/baralivres.ma\/?product=je-grandis-jarrete-la-tetine","title":{"rendered":"Je grandis : J&rsquo;arr\u00eate la t\u00e9tine !"},"content":{"rendered":"<div class=\"flex max-w-full flex-col flex-grow\">\n<div class=\"min-h-8 text-message flex w-full flex-col items-end gap-2 whitespace-normal break-words [.text-message+&amp;]:mt-5\" dir=\"auto\" data-message-author-role=\"assistant\" data-message-id=\"334c2dbe-e750-4727-91ee-5c166453bcd0\" data-message-model-slug=\"gpt-4o\">\n<div class=\"flex w-full flex-col gap-1 empty:hidden first:pt-[3px]\">\n<div class=\"markdown prose w-full break-words dark:prose-invert light\">\n<p><strong>\u00ab\u00a0Je grandis : J&rsquo;arr\u00eate la t\u00e9tine !\u00a0\u00bb<\/strong> est un livre interactif pour aider les tout-petits \u00e0 se s\u00e9parer de leur t\u00e9tine en douceur. Avec des tirettes, volets \u00e0 soulever et roues \u00e0 tourner, il encourage la d\u00e9couverte et d\u00e9veloppe la motricit\u00e9 fine. Accompagn\u00e9 de conseils pratiques pour les parents, ce livre rend l\u2019apprentissage ludique et serein, tout en favorisant l\u2019autonomie de l\u2019enfant.<\/p>\n<\/div>\n<\/div>\n<\/div>\n<\/div>\n","protected":false},"excerpt":{"rendered":"<p><strong>\u00ab\u00a0Je grandis : J&rsquo;arr\u00eate la t\u00e9tine !\u00a0\u00bb<\/strong> aide les tout-petits \u00e0 abandonner leur t\u00e9tine en douceur. Gr\u00e2ce \u00e0 des activit\u00e9s interactives (tirettes, volets, roues) et des conseils pratiques pour les parents, ce livre rend l\u2019apprentissage ludique, rassurant et stimulant, tout en favorisant l\u2019autonomie de l\u2019enfant<\/p>\n","protected":false},"featured_media":22496,"comment_status":"open","ping_status":"closed","template":"","meta":{"inline_featured_image":false},"product_cat":[3950,198],"product_tag":[],"class_list":{"0":"post-22494","1":"product","2":"type-product","3":"status-publish","4":"has-post-thumbnail","6":"product_cat-les-livres-cartonnes-francais","7":"product_cat-livres-animes","9":"first","10":"instock","11":"shipping-taxable","12":"purchasable","13":"product-type-simple"},"_links":{"self":[{"href":"https:\/\/baralivres.ma\/index.php?rest_route=\/wp\/v2\/product\/22494","targetHints":{"allow":["GET"]}}],"collection":[{"href":"https:\/\/baralivres.ma\/index.php?rest_route=\/wp\/v2\/product"}],"about":[{"href":"https:\/\/baralivres.ma\/index.php?rest_route=\/wp\/v2\/types\/product"}],"replies":[{"embeddable":true,"href":"https:\/\/baralivres.ma\/index.php?rest_route=%2Fwp%2Fv2%2Fcomments&post=22494"}],"version-history":[{"count":1,"href":"https:\/\/baralivres.ma\/index.php?rest_route=\/wp\/v2\/product\/22494\/revisions"}],"predecessor-version":[{"id":22497,"href":"https:\/\/baralivres.ma\/index.php?rest_route=\/wp\/v2\/product\/22494\/revisions\/22497"}],"wp:featuredmedia":[{"embeddable":true,"href":"https:\/\/baralivres.ma\/index.php?rest_route=\/wp\/v2\/media\/22496"}],"wp:attachment":[{"href":"https:\/\/baralivres.ma\/index.php?rest_route=%2Fwp%2Fv2%2Fmedia&parent=22494"}],"wp:term":[{"taxonomy":"product_cat","embeddable":true,"href":"https:\/\/baralivres.ma\/index.php?rest_route=%2Fwp%2Fv2%2Fproduct_cat&post=22494"},{"taxonomy":"product_tag","embeddable":true,"href":"https:\/\/baralivres.ma\/index.php?rest_route=%2Fwp%2Fv2%2Fproduct_tag&post=22494"}],"curies":[{"name":"wp","href":"https:\/\/api.w.org\/{rel}","templated":true}]}}