{"id":22485,"date":"2024-11-23T09:16:08","date_gmt":"2024-11-23T08:16:08","guid":{"rendered":"https:\/\/baralivres.ma\/?post_type=product&#038;p=22485"},"modified":"2024-11-23T09:16:08","modified_gmt":"2024-11-23T08:16:08","slug":"mon-imagier-sonore-a-tirettes-la-maison","status":"publish","type":"product","link":"https:\/\/baralivres.ma\/?product=mon-imagier-sonore-a-tirettes-la-maison","title":{"rendered":"Mon imagier sonore \u00e0 tirettes : la maison"},"content":{"rendered":"<p><strong>Mon imagier sonore \u00e0 tirettes : la maison<\/strong> est un livre interactif tout en carton pour les tout-petits. Il permet de d\u00e9couvrir plus de 100 mots li\u00e9s \u00e0 la maison (salon, cuisine, jardin, etc.) gr\u00e2ce \u00e0 des illustrations et des tirettes sonores. Chaque double page pose une question incitant l\u2019enfant \u00e0 activer une tirette pour entendre un son. La derni\u00e8re page propose une douce m\u00e9lodie. Ce livre d\u00e9veloppe la motricit\u00e9 fine et la curiosit\u00e9 des jeunes enfants tout en les amusant.<\/p>\n","protected":false},"excerpt":{"rendered":"<p><strong>Mon imagier sonore \u00e0 tirettes : la maison<\/strong> est un livre interactif pour les tout-petits. Avec des tirettes sonores et plus de 100 mots, il aide \u00e0 d\u00e9couvrir la maison tout en d\u00e9veloppant motricit\u00e9 et curiosit\u00e9.<\/p>\n","protected":false},"featured_media":22486,"comment_status":"open","ping_status":"closed","template":"","meta":{"inline_featured_image":false},"product_cat":[3952,3950,3944,197,198],"product_tag":[],"class_list":{"0":"post-22485","1":"product","2":"type-product","3":"status-publish","4":"has-post-thumbnail","6":"product_cat-les-livres-a-toucher-pour-bebe","7":"product_cat-les-livres-cartonnes-francais","8":"product_cat-les-livres-sonore-francais","9":"product_cat-livre-sonore","10":"product_cat-livres-animes","12":"first","13":"instock","14":"shipping-taxable","15":"purchasable","16":"product-type-simple"},"_links":{"self":[{"href":"https:\/\/baralivres.ma\/index.php?rest_route=\/wp\/v2\/product\/22485","targetHints":{"allow":["GET"]}}],"collection":[{"href":"https:\/\/baralivres.ma\/index.php?rest_route=\/wp\/v2\/product"}],"about":[{"href":"https:\/\/baralivres.ma\/index.php?rest_route=\/wp\/v2\/types\/product"}],"replies":[{"embeddable":true,"href":"https:\/\/baralivres.ma\/index.php?rest_route=%2Fwp%2Fv2%2Fcomments&post=22485"}],"version-history":[{"count":1,"href":"https:\/\/baralivres.ma\/index.php?rest_route=\/wp\/v2\/product\/22485\/revisions"}],"predecessor-version":[{"id":22489,"href":"https:\/\/baralivres.ma\/index.php?rest_route=\/wp\/v2\/product\/22485\/revisions\/22489"}],"wp:featuredmedia":[{"embeddable":true,"href":"https:\/\/baralivres.ma\/index.php?rest_route=\/wp\/v2\/media\/22486"}],"wp:attachment":[{"href":"https:\/\/baralivres.ma\/index.php?rest_route=%2Fwp%2Fv2%2Fmedia&parent=22485"}],"wp:term":[{"taxonomy":"product_cat","embeddable":true,"href":"https:\/\/baralivres.ma\/index.php?rest_route=%2Fwp%2Fv2%2Fproduct_cat&post=22485"},{"taxonomy":"product_tag","embeddable":true,"href":"https:\/\/baralivres.ma\/index.php?rest_route=%2Fwp%2Fv2%2Fproduct_tag&post=22485"}],"curies":[{"name":"wp","href":"https:\/\/api.w.org\/{rel}","templated":true}]}}