{"id":22481,"date":"2024-11-22T17:47:17","date_gmt":"2024-11-22T16:47:17","guid":{"rendered":"https:\/\/baralivres.ma\/?post_type=product&#038;p=22481"},"modified":"2024-11-22T17:47:17","modified_gmt":"2024-11-22T16:47:17","slug":"quand-je-serai-grand-je-serai-pompier","status":"publish","type":"product","link":"https:\/\/baralivres.ma\/?product=quand-je-serai-grand-je-serai-pompier","title":{"rendered":"Quand je serai grand, je serai&#8230; pompier"},"content":{"rendered":"<p><em>Quand je serai grand, je serai&#8230; pompier<\/em> est un livre destin\u00e9 aux enfants qui explore le m\u00e9tier de pompier \u00e0 travers une journ\u00e9e typique. Le lecteur accompagne un pompier et son \u00e9quipe, d\u00e9couvrant leurs diverses missions, comme \u00e9teindre des incendies et intervenir lors d&rsquo;accidents. Ce livre pr\u00e9sente les d\u00e9fis et les responsabilit\u00e9s des pompiers, tout en mettant en valeur des valeurs comme le courage et l&rsquo;entraide. Avec des illustrations attractives et des explications simples, il aide les enfants \u00e0 comprendre ce m\u00e9tier essentiel et \u00e0 \u00e9veiller leur curiosit\u00e9.<\/p>\n","protected":false},"excerpt":{"rendered":"<p><em>Quand je serai grand, je serai&#8230; pompier<\/em> permet aux enfants de d\u00e9couvrir le m\u00e9tier de pompier \u00e0 travers une journ\u00e9e avec un pompier et son \u00e9quipe. Le livre pr\u00e9sente leurs missions, comme \u00e9teindre des incendies et aider lors d&rsquo;accidents, tout en mettant en avant des valeurs comme le courage et l&rsquo;entraide<\/p>\n","protected":false},"featured_media":22482,"comment_status":"open","ping_status":"closed","template":"","meta":{"inline_featured_image":false},"product_cat":[3944,197],"product_tag":[],"class_list":{"0":"post-22481","1":"product","2":"type-product","3":"status-publish","4":"has-post-thumbnail","6":"product_cat-les-livres-sonore-francais","7":"product_cat-livre-sonore","9":"first","10":"instock","11":"shipping-taxable","12":"purchasable","13":"product-type-simple"},"_links":{"self":[{"href":"https:\/\/baralivres.ma\/index.php?rest_route=\/wp\/v2\/product\/22481","targetHints":{"allow":["GET"]}}],"collection":[{"href":"https:\/\/baralivres.ma\/index.php?rest_route=\/wp\/v2\/product"}],"about":[{"href":"https:\/\/baralivres.ma\/index.php?rest_route=\/wp\/v2\/types\/product"}],"replies":[{"embeddable":true,"href":"https:\/\/baralivres.ma\/index.php?rest_route=%2Fwp%2Fv2%2Fcomments&post=22481"}],"version-history":[{"count":2,"href":"https:\/\/baralivres.ma\/index.php?rest_route=\/wp\/v2\/product\/22481\/revisions"}],"predecessor-version":[{"id":22484,"href":"https:\/\/baralivres.ma\/index.php?rest_route=\/wp\/v2\/product\/22481\/revisions\/22484"}],"wp:featuredmedia":[{"embeddable":true,"href":"https:\/\/baralivres.ma\/index.php?rest_route=\/wp\/v2\/media\/22482"}],"wp:attachment":[{"href":"https:\/\/baralivres.ma\/index.php?rest_route=%2Fwp%2Fv2%2Fmedia&parent=22481"}],"wp:term":[{"taxonomy":"product_cat","embeddable":true,"href":"https:\/\/baralivres.ma\/index.php?rest_route=%2Fwp%2Fv2%2Fproduct_cat&post=22481"},{"taxonomy":"product_tag","embeddable":true,"href":"https:\/\/baralivres.ma\/index.php?rest_route=%2Fwp%2Fv2%2Fproduct_tag&post=22481"}],"curies":[{"name":"wp","href":"https:\/\/api.w.org\/{rel}","templated":true}]}}