{"id":22476,"date":"2024-11-22T17:39:08","date_gmt":"2024-11-22T16:39:08","guid":{"rendered":"https:\/\/baralivres.ma\/?post_type=product&#038;p=22476"},"modified":"2024-11-22T17:39:08","modified_gmt":"2024-11-22T16:39:08","slug":"quand-je-serai-grande-je-serai-maitresse","status":"publish","type":"product","link":"https:\/\/baralivres.ma\/?product=quand-je-serai-grande-je-serai-maitresse","title":{"rendered":"Quand je serai grande, je serai&#8230; ma\u00eetresse"},"content":{"rendered":"<p><em>Quand je serai grande, je serai&#8230; ma\u00eetresse<\/em> est un livre qui invite les jeunes lecteurs \u00e0 d\u00e9couvrir la vie d&rsquo;une ma\u00eetresse d&rsquo;\u00e9cole. \u00c0 travers ce r\u00e9cit, l&rsquo;enfant peut suivre une journ\u00e9e typique d&rsquo;une enseignante et de ses \u00e9l\u00e8ves, de l&rsquo;accueil du matin jusqu&rsquo;aux activit\u00e9s en classe. Le livre d\u00e9crit de mani\u00e8re simple et ludique le travail de l&rsquo;institutrice : pr\u00e9parer les le\u00e7ons, aider les \u00e9l\u00e8ves \u00e0 apprendre, jouer avec eux, et veiller \u00e0 ce qu&rsquo;ils grandissent et s&rsquo;\u00e9panouissent. Ce livre permet aux enfants de mieux comprendre le m\u00e9tier d&rsquo;enseignant et d&rsquo;explorer les multiples facettes de ce r\u00f4le, tout en \u00e9veillant leur imagination sur leurs futurs m\u00e9tiers. C&rsquo;est une belle introduction aux diff\u00e9rents aspects de l&rsquo;\u00e9ducation et des responsabilit\u00e9s d&rsquo;une ma\u00eetresse.<\/p>\n","protected":false},"excerpt":{"rendered":"<p><em>Quand je serai grande, je serai&#8230; ma\u00eetresse<\/em> montre une journ\u00e9e d\u2019une ma\u00eetresse d&rsquo;\u00e9cole, de l\u2019enseignement aux activit\u00e9s avec les \u00e9l\u00e8ves.<\/p>\n","protected":false},"featured_media":22477,"comment_status":"open","ping_status":"closed","template":"","meta":{"inline_featured_image":false},"product_cat":[3944,197],"product_tag":[],"class_list":{"0":"post-22476","1":"product","2":"type-product","3":"status-publish","4":"has-post-thumbnail","6":"product_cat-les-livres-sonore-francais","7":"product_cat-livre-sonore","9":"first","10":"instock","11":"shipping-taxable","12":"purchasable","13":"product-type-simple"},"_links":{"self":[{"href":"https:\/\/baralivres.ma\/index.php?rest_route=\/wp\/v2\/product\/22476","targetHints":{"allow":["GET"]}}],"collection":[{"href":"https:\/\/baralivres.ma\/index.php?rest_route=\/wp\/v2\/product"}],"about":[{"href":"https:\/\/baralivres.ma\/index.php?rest_route=\/wp\/v2\/types\/product"}],"replies":[{"embeddable":true,"href":"https:\/\/baralivres.ma\/index.php?rest_route=%2Fwp%2Fv2%2Fcomments&post=22476"}],"version-history":[{"count":1,"href":"https:\/\/baralivres.ma\/index.php?rest_route=\/wp\/v2\/product\/22476\/revisions"}],"predecessor-version":[{"id":22480,"href":"https:\/\/baralivres.ma\/index.php?rest_route=\/wp\/v2\/product\/22476\/revisions\/22480"}],"wp:featuredmedia":[{"embeddable":true,"href":"https:\/\/baralivres.ma\/index.php?rest_route=\/wp\/v2\/media\/22477"}],"wp:attachment":[{"href":"https:\/\/baralivres.ma\/index.php?rest_route=%2Fwp%2Fv2%2Fmedia&parent=22476"}],"wp:term":[{"taxonomy":"product_cat","embeddable":true,"href":"https:\/\/baralivres.ma\/index.php?rest_route=%2Fwp%2Fv2%2Fproduct_cat&post=22476"},{"taxonomy":"product_tag","embeddable":true,"href":"https:\/\/baralivres.ma\/index.php?rest_route=%2Fwp%2Fv2%2Fproduct_tag&post=22476"}],"curies":[{"name":"wp","href":"https:\/\/api.w.org\/{rel}","templated":true}]}}