{"id":22460,"date":"2024-11-22T17:19:41","date_gmt":"2024-11-22T16:19:41","guid":{"rendered":"https:\/\/baralivres.ma\/?post_type=product&#038;p=22460"},"modified":"2024-11-22T17:19:41","modified_gmt":"2024-11-22T16:19:41","slug":"bippy-mon-stylo-interactif-jouer-et-decouvrir","status":"publish","type":"product","link":"https:\/\/baralivres.ma\/?product=bippy-mon-stylo-interactif-jouer-et-decouvrir","title":{"rendered":"Bippy Mon Stylo Interactif \u2013 Jouer et D\u00e9couvrir"},"content":{"rendered":"<p><em>Bippy mon stylo interactif \u2013 Jouer et d\u00e9couvrir<\/em> est un livre-jeu interactif destin\u00e9 aux jeunes enfants. Il permet d&rsquo;apprendre de mani\u00e8re ludique gr\u00e2ce \u00e0 un stylo qui r\u00e9agit \u00e0 l&rsquo;appui sur les images. En cas de bonne r\u00e9ponse, une lumi\u00e8re verte et une m\u00e9lodie joyeuse se d\u00e9clenchent, tandis qu&rsquo;une mauvaise r\u00e9ponse entra\u00eene une lumi\u00e8re bleue et une m\u00e9lodie diff\u00e9rente. Ce livre favorise l&rsquo;autonomie, l&rsquo;apprentissage par le jeu et la gestion des erreurs, avec un stylo ergonomique et des pages cartonn\u00e9es r\u00e9sistantes.<\/p>\n","protected":false},"excerpt":{"rendered":"<p><em>Bippy mon stylo interactif<\/em> est un livre-jeu pour enfants qui permet d&rsquo;apprendre en appuyant sur les images. Le stylo \u00e9met une lumi\u00e8re et une m\u00e9lodie pour indiquer si la r\u00e9ponse est correcte ou non. Il favorise l&rsquo;autonomie et l&rsquo;apprentissage ludique avec des pages cartonn\u00e9es et un stylo ergonomique<\/p>\n","protected":false},"featured_media":22461,"comment_status":"open","ping_status":"closed","template":"","meta":{"inline_featured_image":false},"product_cat":[3944,197],"product_tag":[],"class_list":{"0":"post-22460","1":"product","2":"type-product","3":"status-publish","4":"has-post-thumbnail","6":"product_cat-les-livres-sonore-francais","7":"product_cat-livre-sonore","9":"first","10":"instock","11":"shipping-taxable","12":"purchasable","13":"product-type-simple"},"_links":{"self":[{"href":"https:\/\/baralivres.ma\/index.php?rest_route=\/wp\/v2\/product\/22460","targetHints":{"allow":["GET"]}}],"collection":[{"href":"https:\/\/baralivres.ma\/index.php?rest_route=\/wp\/v2\/product"}],"about":[{"href":"https:\/\/baralivres.ma\/index.php?rest_route=\/wp\/v2\/types\/product"}],"replies":[{"embeddable":true,"href":"https:\/\/baralivres.ma\/index.php?rest_route=%2Fwp%2Fv2%2Fcomments&post=22460"}],"version-history":[{"count":1,"href":"https:\/\/baralivres.ma\/index.php?rest_route=\/wp\/v2\/product\/22460\/revisions"}],"predecessor-version":[{"id":22464,"href":"https:\/\/baralivres.ma\/index.php?rest_route=\/wp\/v2\/product\/22460\/revisions\/22464"}],"wp:featuredmedia":[{"embeddable":true,"href":"https:\/\/baralivres.ma\/index.php?rest_route=\/wp\/v2\/media\/22461"}],"wp:attachment":[{"href":"https:\/\/baralivres.ma\/index.php?rest_route=%2Fwp%2Fv2%2Fmedia&parent=22460"}],"wp:term":[{"taxonomy":"product_cat","embeddable":true,"href":"https:\/\/baralivres.ma\/index.php?rest_route=%2Fwp%2Fv2%2Fproduct_cat&post=22460"},{"taxonomy":"product_tag","embeddable":true,"href":"https:\/\/baralivres.ma\/index.php?rest_route=%2Fwp%2Fv2%2Fproduct_tag&post=22460"}],"curies":[{"name":"wp","href":"https:\/\/api.w.org\/{rel}","templated":true}]}}