{"id":22455,"date":"2024-11-22T17:13:44","date_gmt":"2024-11-22T16:13:44","guid":{"rendered":"https:\/\/baralivres.ma\/?post_type=product&#038;p=22455"},"modified":"2024-11-22T17:49:21","modified_gmt":"2024-11-22T16:49:21","slug":"en-avant-la-musique","status":"publish","type":"product","link":"https:\/\/baralivres.ma\/?product=en-avant-la-musique","title":{"rendered":"En avant la musique"},"content":{"rendered":"<p><em>En avant la musique !<\/em> est un livre sonore con\u00e7u pour les jeunes enfants. \u00c0 travers ce livre, les enfants montent \u00e0 bord d&rsquo;un bus imaginaire pour d\u00e9couvrir des groupes de musique joyeux \u00e0 chaque arr\u00eat. Le livre offre une exp\u00e9rience interactive avec un module sonore qui contient 15 sons diff\u00e9rents et 3 m\u00e9lodies. L&rsquo;un des jeux propos\u00e9s consiste \u00e0 \u00e9couter le son d&rsquo;un instrument de musique et \u00e0 associer ce son \u00e0 son image correspondante. Si l&rsquo;association est correcte, un jingle retentit, ajoutant une touche ludique \u00e0 l&rsquo;apprentissage. Ce livre est une fa\u00e7on amusante et \u00e9ducative de familiariser les enfants avec diff\u00e9rents instruments de musique tout en stimulant leur \u00e9coute et leur m\u00e9moire.<\/p>\n","protected":false},"excerpt":{"rendered":"<p><em>En avant la musique !<\/em> est un livre sonore pour enfants o\u00f9 ils voyagent \u00e0 bord d&rsquo;un bus pour d\u00e9couvrir des groupes de musique. Avec 15 sons et 3 m\u00e9lodies, le livre propose un jeu interactif : \u00e9couter le son d&rsquo;un instrument et l&rsquo;associer \u00e0 son image. Un jingle retentit lorsque la r\u00e9ponse est correcte, rendant l&rsquo;apprentissage musical amusant et engageant.<\/p>\n","protected":false},"featured_media":22456,"comment_status":"open","ping_status":"closed","template":"","meta":{"inline_featured_image":false},"product_cat":[3944,197],"product_tag":[],"class_list":{"0":"post-22455","1":"product","2":"type-product","3":"status-publish","4":"has-post-thumbnail","6":"product_cat-les-livres-sonore-francais","7":"product_cat-livre-sonore","9":"first","10":"instock","11":"shipping-taxable","12":"purchasable","13":"product-type-simple"},"_links":{"self":[{"href":"https:\/\/baralivres.ma\/index.php?rest_route=\/wp\/v2\/product\/22455","targetHints":{"allow":["GET"]}}],"collection":[{"href":"https:\/\/baralivres.ma\/index.php?rest_route=\/wp\/v2\/product"}],"about":[{"href":"https:\/\/baralivres.ma\/index.php?rest_route=\/wp\/v2\/types\/product"}],"replies":[{"embeddable":true,"href":"https:\/\/baralivres.ma\/index.php?rest_route=%2Fwp%2Fv2%2Fcomments&post=22455"}],"version-history":[{"count":1,"href":"https:\/\/baralivres.ma\/index.php?rest_route=\/wp\/v2\/product\/22455\/revisions"}],"predecessor-version":[{"id":22459,"href":"https:\/\/baralivres.ma\/index.php?rest_route=\/wp\/v2\/product\/22455\/revisions\/22459"}],"wp:featuredmedia":[{"embeddable":true,"href":"https:\/\/baralivres.ma\/index.php?rest_route=\/wp\/v2\/media\/22456"}],"wp:attachment":[{"href":"https:\/\/baralivres.ma\/index.php?rest_route=%2Fwp%2Fv2%2Fmedia&parent=22455"}],"wp:term":[{"taxonomy":"product_cat","embeddable":true,"href":"https:\/\/baralivres.ma\/index.php?rest_route=%2Fwp%2Fv2%2Fproduct_cat&post=22455"},{"taxonomy":"product_tag","embeddable":true,"href":"https:\/\/baralivres.ma\/index.php?rest_route=%2Fwp%2Fv2%2Fproduct_tag&post=22455"}],"curies":[{"name":"wp","href":"https:\/\/api.w.org\/{rel}","templated":true}]}}