{"id":22439,"date":"2024-11-22T16:30:27","date_gmt":"2024-11-22T15:30:27","guid":{"rendered":"https:\/\/baralivres.ma\/?post_type=product&#038;p=22439"},"modified":"2024-11-22T16:30:27","modified_gmt":"2024-11-22T15:30:27","slug":"petit-ecureuil-ramasse-des-noisettes","status":"publish","type":"product","link":"https:\/\/baralivres.ma\/?product=petit-ecureuil-ramasse-des-noisettes","title":{"rendered":"Petit \u00e9cureuil ramasse des noisettes"},"content":{"rendered":"<p><em>Petit \u00e9cureuil ramasse des noisettes<\/em> est un livre d\u2019\u00e9veil pour les tout-petits qui raconte l\u2019histoire d\u2019un \u00e9cureuil cherchant des provisions pour l\u2019hiver. \u00c0 travers des illustrations et photographies, il montre comment les animaux de la for\u00eat, comme le h\u00e9risson, pr\u00e9parent l&rsquo;hiver. Ce livre interactif invite les enfants \u00e0 toucher les animaux, imiter leurs bruits et d\u00e9velopper leur coordination main\/\u0153il et leur langage. Il comprend aussi des sons activables, avec une option marche\/arr\u00eat et des piles rempla\u00e7ables.<\/p>\n","protected":false},"excerpt":{"rendered":"<p><em>Petit \u00e9cureuil ramasse des noisettes<\/em> est un livre d\u2019\u00e9veil interactif o\u00f9 les enfants d\u00e9couvrent comment les animaux de la for\u00eat pr\u00e9parent l&rsquo;hiver. Ils peuvent toucher les animaux, imiter leurs bruits et activer des sons. Le livre stimule le d\u00e9veloppement de la coordination et du langage.<\/p>\n","protected":false},"featured_media":22442,"comment_status":"open","ping_status":"closed","template":"","meta":{"inline_featured_image":false},"product_cat":[3952,3944,197],"product_tag":[],"class_list":{"0":"post-22439","1":"product","2":"type-product","3":"status-publish","4":"has-post-thumbnail","6":"product_cat-les-livres-a-toucher-pour-bebe","7":"product_cat-les-livres-sonore-francais","8":"product_cat-livre-sonore","10":"first","11":"instock","12":"shipping-taxable","13":"purchasable","14":"product-type-simple"},"_links":{"self":[{"href":"https:\/\/baralivres.ma\/index.php?rest_route=\/wp\/v2\/product\/22439","targetHints":{"allow":["GET"]}}],"collection":[{"href":"https:\/\/baralivres.ma\/index.php?rest_route=\/wp\/v2\/product"}],"about":[{"href":"https:\/\/baralivres.ma\/index.php?rest_route=\/wp\/v2\/types\/product"}],"replies":[{"embeddable":true,"href":"https:\/\/baralivres.ma\/index.php?rest_route=%2Fwp%2Fv2%2Fcomments&post=22439"}],"version-history":[{"count":1,"href":"https:\/\/baralivres.ma\/index.php?rest_route=\/wp\/v2\/product\/22439\/revisions"}],"predecessor-version":[{"id":22444,"href":"https:\/\/baralivres.ma\/index.php?rest_route=\/wp\/v2\/product\/22439\/revisions\/22444"}],"wp:featuredmedia":[{"embeddable":true,"href":"https:\/\/baralivres.ma\/index.php?rest_route=\/wp\/v2\/media\/22442"}],"wp:attachment":[{"href":"https:\/\/baralivres.ma\/index.php?rest_route=%2Fwp%2Fv2%2Fmedia&parent=22439"}],"wp:term":[{"taxonomy":"product_cat","embeddable":true,"href":"https:\/\/baralivres.ma\/index.php?rest_route=%2Fwp%2Fv2%2Fproduct_cat&post=22439"},{"taxonomy":"product_tag","embeddable":true,"href":"https:\/\/baralivres.ma\/index.php?rest_route=%2Fwp%2Fv2%2Fproduct_tag&post=22439"}],"curies":[{"name":"wp","href":"https:\/\/api.w.org\/{rel}","templated":true}]}}