{"id":22430,"date":"2024-11-22T16:09:04","date_gmt":"2024-11-22T15:09:04","guid":{"rendered":"https:\/\/baralivres.ma\/?post_type=product&#038;p=22430"},"modified":"2025-02-24T18:06:07","modified_gmt":"2025-02-24T17:06:07","slug":"petit-chien-visite-la-ferme","status":"publish","type":"product","link":"https:\/\/baralivres.ma\/?product=petit-chien-visite-la-ferme","title":{"rendered":"Petit Chien Visite la Ferme"},"content":{"rendered":"<p><em>Petit Chien visite la ferme<\/em> est un livre d&rsquo;\u00e9veil pour les tout-petits, o\u00f9 Petit Chien rencontre les animaux de la ferme. Il guide les vaches \u00e0 l&rsquo;\u00e9table et veille sur le chevreau et l&rsquo;\u00e2ne. Le livre m\u00eale illustrations et photographies, offrant des \u00e9l\u00e9ments tactiles pour que l&rsquo;enfant puisse toucher le pelage des animaux et imiter leurs bruits. Cela favorise le d\u00e9veloppement de la coordination main\/\u0153il et du langage. Des sons doux peuvent \u00eatre activ\u00e9s ou d\u00e9sactiv\u00e9s, et les piles sont rempla\u00e7ables. Un livre interactif et \u00e9ducatif pour les jeunes enfants.<\/p>\n","protected":false},"excerpt":{"rendered":"<p><em>Petit Chien visite la ferme<\/em> est un livre d&rsquo;\u00e9veil o\u00f9 Petit Chien rencontre les animaux de la ferme. Il invite l&rsquo;enfant \u00e0 toucher, \u00e9couter et imiter les bruits des animaux, stimulant ainsi son d\u00e9veloppement. Des sons agr\u00e9ables et des illustrations interactives rendent l&rsquo;exp\u00e9rience ludique et \u00e9ducative.<\/p>\n","protected":false},"featured_media":22433,"comment_status":"open","ping_status":"closed","template":"","meta":{"inline_featured_image":false},"product_cat":[3952,3944,197],"product_tag":[],"class_list":{"0":"post-22430","1":"product","2":"type-product","3":"status-publish","4":"has-post-thumbnail","6":"product_cat-les-livres-a-toucher-pour-bebe","7":"product_cat-les-livres-sonore-francais","8":"product_cat-livre-sonore","10":"first","11":"instock","12":"shipping-taxable","13":"purchasable","14":"product-type-simple"},"_links":{"self":[{"href":"https:\/\/baralivres.ma\/index.php?rest_route=\/wp\/v2\/product\/22430","targetHints":{"allow":["GET"]}}],"collection":[{"href":"https:\/\/baralivres.ma\/index.php?rest_route=\/wp\/v2\/product"}],"about":[{"href":"https:\/\/baralivres.ma\/index.php?rest_route=\/wp\/v2\/types\/product"}],"replies":[{"embeddable":true,"href":"https:\/\/baralivres.ma\/index.php?rest_route=%2Fwp%2Fv2%2Fcomments&post=22430"}],"version-history":[{"count":1,"href":"https:\/\/baralivres.ma\/index.php?rest_route=\/wp\/v2\/product\/22430\/revisions"}],"predecessor-version":[{"id":22434,"href":"https:\/\/baralivres.ma\/index.php?rest_route=\/wp\/v2\/product\/22430\/revisions\/22434"}],"wp:featuredmedia":[{"embeddable":true,"href":"https:\/\/baralivres.ma\/index.php?rest_route=\/wp\/v2\/media\/22433"}],"wp:attachment":[{"href":"https:\/\/baralivres.ma\/index.php?rest_route=%2Fwp%2Fv2%2Fmedia&parent=22430"}],"wp:term":[{"taxonomy":"product_cat","embeddable":true,"href":"https:\/\/baralivres.ma\/index.php?rest_route=%2Fwp%2Fv2%2Fproduct_cat&post=22430"},{"taxonomy":"product_tag","embeddable":true,"href":"https:\/\/baralivres.ma\/index.php?rest_route=%2Fwp%2Fv2%2Fproduct_tag&post=22430"}],"curies":[{"name":"wp","href":"https:\/\/api.w.org\/{rel}","templated":true}]}}