{"id":22423,"date":"2024-11-22T15:55:11","date_gmt":"2024-11-22T14:55:11","guid":{"rendered":"https:\/\/baralivres.ma\/?post_type=product&#038;p=22423"},"modified":"2024-11-22T15:55:12","modified_gmt":"2024-11-22T14:55:12","slug":"petit-hibou-decouvre-la-nuit","status":"publish","type":"product","link":"https:\/\/baralivres.ma\/?product=petit-hibou-decouvre-la-nuit","title":{"rendered":"Petit Hibou D\u00e9couvre La Nuit"},"content":{"rendered":"<p><em>Petit hibou d\u00e9couvre la nuit<\/em> emm\u00e8ne les tout-petits dans une exploration de la for\u00eat nocturne. Curieux, Petit Hibou rencontre diff\u00e9rents animaux qui vivent la nuit comme lui. Ce livre m\u00eale illustrations douces et photos r\u00e9alistes pour \u00e9veiller les jeunes lecteurs \u00e0 la faune nocturne. Une histoire po\u00e9tique et \u00e9ducative id\u00e9ale pour le coucher.<\/p>\n","protected":false},"excerpt":{"rendered":"<p><em>Petit hibou d\u00e9couvre la nuit<\/em> initie les tout-petits aux animaux nocturnes \u00e0 travers une histoire douce m\u00ealant illustrations et photos<\/p>\n","protected":false},"featured_media":22428,"comment_status":"open","ping_status":"closed","template":"","meta":{"inline_featured_image":false},"product_cat":[3952,3944,197],"product_tag":[],"class_list":{"0":"post-22423","1":"product","2":"type-product","3":"status-publish","4":"has-post-thumbnail","6":"product_cat-les-livres-a-toucher-pour-bebe","7":"product_cat-les-livres-sonore-francais","8":"product_cat-livre-sonore","10":"first","11":"instock","12":"shipping-taxable","13":"purchasable","14":"product-type-simple"},"_links":{"self":[{"href":"https:\/\/baralivres.ma\/index.php?rest_route=\/wp\/v2\/product\/22423","targetHints":{"allow":["GET"]}}],"collection":[{"href":"https:\/\/baralivres.ma\/index.php?rest_route=\/wp\/v2\/product"}],"about":[{"href":"https:\/\/baralivres.ma\/index.php?rest_route=\/wp\/v2\/types\/product"}],"replies":[{"embeddable":true,"href":"https:\/\/baralivres.ma\/index.php?rest_route=%2Fwp%2Fv2%2Fcomments&post=22423"}],"version-history":[{"count":1,"href":"https:\/\/baralivres.ma\/index.php?rest_route=\/wp\/v2\/product\/22423\/revisions"}],"predecessor-version":[{"id":22429,"href":"https:\/\/baralivres.ma\/index.php?rest_route=\/wp\/v2\/product\/22423\/revisions\/22429"}],"wp:featuredmedia":[{"embeddable":true,"href":"https:\/\/baralivres.ma\/index.php?rest_route=\/wp\/v2\/media\/22428"}],"wp:attachment":[{"href":"https:\/\/baralivres.ma\/index.php?rest_route=%2Fwp%2Fv2%2Fmedia&parent=22423"}],"wp:term":[{"taxonomy":"product_cat","embeddable":true,"href":"https:\/\/baralivres.ma\/index.php?rest_route=%2Fwp%2Fv2%2Fproduct_cat&post=22423"},{"taxonomy":"product_tag","embeddable":true,"href":"https:\/\/baralivres.ma\/index.php?rest_route=%2Fwp%2Fv2%2Fproduct_tag&post=22423"}],"curies":[{"name":"wp","href":"https:\/\/api.w.org\/{rel}","templated":true}]}}