{"id":22417,"date":"2024-11-22T15:47:09","date_gmt":"2024-11-22T14:47:09","guid":{"rendered":"https:\/\/baralivres.ma\/?post_type=product&#038;p=22417"},"modified":"2024-11-22T15:47:09","modified_gmt":"2024-11-22T14:47:09","slug":"touche-ecoute-petit-tigre-apprend-a-rugir","status":"publish","type":"product","link":"https:\/\/baralivres.ma\/?product=touche-ecoute-petit-tigre-apprend-a-rugir","title":{"rendered":"Touche &#038; \u00c9coute &#8211; Petit tigre apprend \u00e0 rugir"},"content":{"rendered":"<p><strong>\u00ab\u00a0Touche &amp; \u00c9coute &#8211; Petit tigre apprend \u00e0 rugir\u00a0\u00bb<\/strong> est un livre interactif m\u00ealant histoire, illustrations et photographies. Il propose des pages \u00e0 toucher et des sons d\u2019animaux pour \u00e9veiller les sens des tout-petits, d\u00e9velopper leur coordination et stimuler leur langage. Adapt\u00e9 aux jeunes enfants, il inclut des sons agr\u00e9ables et un bouton marche\/arr\u00eat pour un usage pratique et s\u00e9curis\u00e9.<\/p>\n","protected":false},"excerpt":{"rendered":"<p><strong>\u00ab\u00a0Touche &amp; \u00c9coute &#8211; Petit tigre apprend \u00e0 rugir\u00a0\u00bb<\/strong> est un livre interactif m\u00ealant textures et sons pour \u00e9veiller les sens, d\u00e9velopper le langage et amuser les tout-petits.<\/p>\n","protected":false},"featured_media":22418,"comment_status":"open","ping_status":"closed","template":"","meta":{"inline_featured_image":false},"product_cat":[3952,3944,197],"product_tag":[],"class_list":{"0":"post-22417","1":"product","2":"type-product","3":"status-publish","4":"has-post-thumbnail","6":"product_cat-les-livres-a-toucher-pour-bebe","7":"product_cat-les-livres-sonore-francais","8":"product_cat-livre-sonore","10":"first","11":"instock","12":"shipping-taxable","13":"purchasable","14":"product-type-simple"},"_links":{"self":[{"href":"https:\/\/baralivres.ma\/index.php?rest_route=\/wp\/v2\/product\/22417","targetHints":{"allow":["GET"]}}],"collection":[{"href":"https:\/\/baralivres.ma\/index.php?rest_route=\/wp\/v2\/product"}],"about":[{"href":"https:\/\/baralivres.ma\/index.php?rest_route=\/wp\/v2\/types\/product"}],"replies":[{"embeddable":true,"href":"https:\/\/baralivres.ma\/index.php?rest_route=%2Fwp%2Fv2%2Fcomments&post=22417"}],"version-history":[{"count":1,"href":"https:\/\/baralivres.ma\/index.php?rest_route=\/wp\/v2\/product\/22417\/revisions"}],"predecessor-version":[{"id":22421,"href":"https:\/\/baralivres.ma\/index.php?rest_route=\/wp\/v2\/product\/22417\/revisions\/22421"}],"wp:featuredmedia":[{"embeddable":true,"href":"https:\/\/baralivres.ma\/index.php?rest_route=\/wp\/v2\/media\/22418"}],"wp:attachment":[{"href":"https:\/\/baralivres.ma\/index.php?rest_route=%2Fwp%2Fv2%2Fmedia&parent=22417"}],"wp:term":[{"taxonomy":"product_cat","embeddable":true,"href":"https:\/\/baralivres.ma\/index.php?rest_route=%2Fwp%2Fv2%2Fproduct_cat&post=22417"},{"taxonomy":"product_tag","embeddable":true,"href":"https:\/\/baralivres.ma\/index.php?rest_route=%2Fwp%2Fv2%2Fproduct_tag&post=22417"}],"curies":[{"name":"wp","href":"https:\/\/api.w.org\/{rel}","templated":true}]}}